{"id":240550,"date":"2025-03-20T16:33:42","date_gmt":"2025-03-20T16:33:42","guid":{"rendered":"https:\/\/aromasentia.com\/product\/chill-pills-gift-pack-350g-lavender-bergamot\/"},"modified":"2025-05-31T19:48:04","modified_gmt":"2025-05-31T19:48:04","slug":"pack-bombitas-de-bano-350gr-lavanda-y-bergamota","status":"publish","type":"product","link":"https:\/\/aromasentia.com\/es\/pack-bombitas-de-bano-350gr-lavanda-y-bergamota\/","title":{"rendered":"Pack Bombitas de ba\u00f1o 350gr &#8211; Lavanda y Bergamota"},"content":{"rendered":"<p><span style=\u00abcolor: rgb(75, 80, 88);\u00bb><strong>Pack regalo Chill Pills 350 g &#8211; Lavanda y bergamota<\/strong><\/span><\/p>\n<p><span style=\"color: rgb(75, 80, 88);\u00bb >Lavanda y bergamota Las Chill Pills combinan el <strong>aroma floral y relajante de la lavanda con la esencia c\u00edtrica<\/strong> y estimulante de la bergamota, creando una experiencia arom\u00e1tica refrescante y calmante. <\/span><\/p>\n<p><span style=\u00abcolor: rgb(75, 80, 88);\u00bb>Cada paquete contiene 350 g (unas 30 Chill Pills)&nbsp;<\/span><\/p>\n<p><span style=\u00abcolor: rgb(75, 80, 88);\u00bb>Para disfrutar de un ba\u00f1o relajante, se recomienda utilizar 5 Chill Pills por ba\u00f1o. Esto garantiza que cada paquete proporcione aproximadamente 6 ba\u00f1os, ofreciendo una gran relaci\u00f3n calidad-precio y disfrute al usuario final. <\/span><\/p>\n<p><span style=\u00abcolor: rgb(75, 80, 88);\u00bb>Una pastilla Chill Pill pesa aproximadamente 12 g. <\/span><\/p>\n<p><span style=\"color: rgb(75, 80, 88);\u00bb ><strong>Fabricado <\/strong>con orgullo y amor<strong>&nbsp;en el Reino Unido por AW Aromatics.<\/strong><\/span><\/p>\n<p><span style=\u00abcolor: rgb(75, 80, 88);\u00bb><em>Hecho a mano &#8211; Apto para veganos &#8211; Sin crueldad animal &#8211; Envase sin pl\u00e1stico<\/em><\/span><\/p>\n","protected":false},"excerpt":{"rendered":"<p>Pack regalo Chill Pills 350 g &#8211; Lavanda y bergamota Fabricado con orgullo y amor&nbsp;en el Reino Unido por AW Aromatics. Hecho a mano &#8211; Apto para veganos &#8211; Sin crueldad animal &#8211; Envase sin pl\u00e1stico<\/p>\n","protected":false},"featured_media":280199,"comment_status":"closed","ping_status":"open","template":"","meta":{"_angie_page":false},"product_brand":[],"product_cat":[25844,19453,26101,20515,26821,26835,26235,20516],"product_tag":[],"class_list":{"0":"post-240550","1":"product","2":"type-product","3":"status-publish","4":"has-post-thumbnail","6":"product_cat-aromas","7":"product_cat-bano-y-ducha","8":"product_cat-bergamota","9":"product_cat-bombas-de-bano","10":"product_cat-citrico","11":"product_cat-floral","12":"product_cat-lavanda","13":"product_cat-packs-regalo","14":"pa_collection-chill-pills-gift-packs-350g-es","15":"pa_made-in-reino-unido","16":"pa_size-350g","18":"first","19":"instock","20":"purchasable","21":"product-type-simple"},"supplier_id":null,"supplier_sku":"ChillP-10","barcode":null,"atum_controlled":true,"out_stock_date":null,"out_stock_threshold":null,"inheritable":false,"inbound_stock":null,"stock_on_hold":0,"sold_today":0,"sales_last_days":0,"reserved_stock":null,"customer_returns":null,"warehouse_damage":null,"lost_in_post":null,"other_logs":null,"out_stock_days":0,"lost_sales":0,"has_location":null,"update_date":"2026-04-27T06:57:12","atum_locations":[],"atum_stock_status":"instock","restock_status":false,"low_stock_amount":"","sales_update_date":"2026-01-20T05:14:16","calc_backorders":null,"_links":{"self":[{"href":"https:\/\/aromasentia.com\/es\/wp-json\/wp\/v2\/product\/240550","targetHints":{"allow":["GET"]}}],"collection":[{"href":"https:\/\/aromasentia.com\/es\/wp-json\/wp\/v2\/product"}],"about":[{"href":"https:\/\/aromasentia.com\/es\/wp-json\/wp\/v2\/types\/product"}],"replies":[{"embeddable":true,"href":"https:\/\/aromasentia.com\/es\/wp-json\/wp\/v2\/comments?post=240550"}],"version-history":[{"count":0,"href":"https:\/\/aromasentia.com\/es\/wp-json\/wp\/v2\/product\/240550\/revisions"}],"wp:featuredmedia":[{"embeddable":true,"href":"https:\/\/aromasentia.com\/es\/wp-json\/wp\/v2\/media\/280199"}],"wp:attachment":[{"href":"https:\/\/aromasentia.com\/es\/wp-json\/wp\/v2\/media?parent=240550"}],"wp:term":[{"taxonomy":"product_brand","embeddable":true,"href":"https:\/\/aromasentia.com\/es\/wp-json\/wp\/v2\/product_brand?post=240550"},{"taxonomy":"product_cat","embeddable":true,"href":"https:\/\/aromasentia.com\/es\/wp-json\/wp\/v2\/product_cat?post=240550"},{"taxonomy":"product_tag","embeddable":true,"href":"https:\/\/aromasentia.com\/es\/wp-json\/wp\/v2\/product_tag?post=240550"}],"curies":[{"name":"wp","href":"https:\/\/api.w.org\/{rel}","templated":true}]}}