{"id":240506,"date":"2025-03-20T16:33:42","date_gmt":"2025-03-20T16:33:42","guid":{"rendered":"https:\/\/aromasentia.com\/product\/chakra-bath-fizz-small-box-self-realisation\/"},"modified":"2025-05-31T19:47:01","modified_gmt":"2025-05-31T19:47:01","slug":"bombas-de-bano-chakra-caja-pequena-autorrealizacion","status":"publish","type":"product","link":"https:\/\/aromasentia.com\/es\/bombas-de-bano-chakra-caja-pequena-autorrealizacion\/","title":{"rendered":"Bombas de Ba\u00f1o Chakra &#8211; Caja peque\u00f1a &#8211; Autorrealizacion"},"content":{"rendered":"<p><strong>5&ordm; Chakra de la Garganta (Vishuddha):<\/strong>&nbsp;Se encuentra en la&nbsp;garganta&nbsp;y est\u00e1 asociado con la comunicaci\u00f3n, la expresi\u00f3n y la autenticidad. Se le asocia el color&nbsp;azul. Infundido con una mezcla de aceites esenciales de eucalipto y lim\u00f3n. El lim\u00f3n puede promover la la claridad mental y el eucalipto ayuda a una mejor expresi\u00f3n.<\/p>\n<p><strong>6&ordm; Chakra del Tercer Ojo (Ajna): <\/strong>se encuentra&nbsp;entre las cejas, est\u00e1 relacionado con la intuici\u00f3n. Se le asocia el color&nbsp;\u00edndigo. Infundido con una mezcla de aceite esencial de lavanda. La lavanda tiene propiedades relajantes, ayudando a obtener un mejor sue\u00f1o.<\/p>\n<p><strong>7&ordm; Chakra de la Corona (Sahasrara):<\/strong> est\u00e1 en la cabeza y est\u00e1 asociado con la espiritualidad o la conexi\u00f3n con lo divino. Se le asocia el color violeta. &nbsp;Infundido con una fusi\u00f3n de aceite esencial de menta, fomentando la claridad mental y la armon\u00eda. El aceite de menta ayuda a la concentraci\u00f3n o la funci\u00f3n cognitiva. &nbsp;Esta mezcla revitalizante tiene como objetivo brindar equilibrio y claridad a su espiritualidad.&nbsp;<\/p>\n<p><\/p>\n<p>Cada bomba de ba\u00f1o pesa 70 gramos.&nbsp;<\/p>\n<p>Las medidas de cada bomba de ba\u00f1o es de: di\u00e1metro :2,2 cm altura :2 cm<\/p>\n<p>La caja de regalo pesa 520 gramos.<\/p>\n<p><\/p>\n","protected":false},"excerpt":{"rendered":"<p>5&ordm; Chakra de la Garganta (Vishuddha):&nbsp;Se encuentra en la&nbsp;garganta&nbsp;y est\u00e1 asociado con la comunicaci\u00f3n, la expresi\u00f3n y la autenticidad. Se le asocia el color&nbsp;azul. Infundido con una mezcla de aceites esenciales de eucalipto y lim\u00f3n. El lim\u00f3n puede promover la la claridad mental y el eucalipto ayuda a una mejor expresi\u00f3n. 6&ordm; Chakra del Tercer [&hellip;]<\/p>\n","protected":false},"featured_media":279932,"comment_status":"closed","ping_status":"open","template":"","meta":{"_angie_page":false},"product_brand":[],"product_cat":[19453,20515,20516],"product_tag":[],"class_list":{"0":"post-240506","1":"product","2":"type-product","3":"status-publish","4":"has-post-thumbnail","6":"product_cat-bano-y-ducha","7":"product_cat-bombas-de-bano","8":"product_cat-packs-regalo","9":"pa_collection-chakra-bath-fizzers-sets-es","10":"pa_made-in-reino-unido","12":"first","13":"instock","14":"purchasable","15":"product-type-simple"},"supplier_id":null,"supplier_sku":"CBF-02","barcode":null,"atum_controlled":true,"out_stock_date":null,"out_stock_threshold":null,"inheritable":false,"inbound_stock":null,"stock_on_hold":0,"sold_today":0,"sales_last_days":0,"reserved_stock":null,"customer_returns":null,"warehouse_damage":null,"lost_in_post":null,"other_logs":null,"out_stock_days":0,"lost_sales":0,"has_location":null,"update_date":"2026-04-27T06:55:59","atum_locations":[],"atum_stock_status":"instock","restock_status":false,"low_stock_amount":"","sales_update_date":"2026-01-30T01:24:37","calc_backorders":null,"_links":{"self":[{"href":"https:\/\/aromasentia.com\/es\/wp-json\/wp\/v2\/product\/240506","targetHints":{"allow":["GET"]}}],"collection":[{"href":"https:\/\/aromasentia.com\/es\/wp-json\/wp\/v2\/product"}],"about":[{"href":"https:\/\/aromasentia.com\/es\/wp-json\/wp\/v2\/types\/product"}],"replies":[{"embeddable":true,"href":"https:\/\/aromasentia.com\/es\/wp-json\/wp\/v2\/comments?post=240506"}],"version-history":[{"count":0,"href":"https:\/\/aromasentia.com\/es\/wp-json\/wp\/v2\/product\/240506\/revisions"}],"wp:featuredmedia":[{"embeddable":true,"href":"https:\/\/aromasentia.com\/es\/wp-json\/wp\/v2\/media\/279932"}],"wp:attachment":[{"href":"https:\/\/aromasentia.com\/es\/wp-json\/wp\/v2\/media?parent=240506"}],"wp:term":[{"taxonomy":"product_brand","embeddable":true,"href":"https:\/\/aromasentia.com\/es\/wp-json\/wp\/v2\/product_brand?post=240506"},{"taxonomy":"product_cat","embeddable":true,"href":"https:\/\/aromasentia.com\/es\/wp-json\/wp\/v2\/product_cat?post=240506"},{"taxonomy":"product_tag","embeddable":true,"href":"https:\/\/aromasentia.com\/es\/wp-json\/wp\/v2\/product_tag?post=240506"}],"curies":[{"name":"wp","href":"https:\/\/api.w.org\/{rel}","templated":true}]}}