{"id":240502,"date":"2025-03-20T16:33:42","date_gmt":"2025-03-20T16:33:42","guid":{"rendered":"https:\/\/aromasentia.com\/product\/chakra-bath-fizz-small-box-strength-creativity\/"},"modified":"2025-05-31T19:46:55","modified_gmt":"2025-05-31T19:46:55","slug":"bombas-de-bano-chakra-caja-pequena-fuerza-y-creatividad","status":"publish","type":"product","link":"https:\/\/aromasentia.com\/es\/bombas-de-bano-chakra-caja-pequena-fuerza-y-creatividad\/","title":{"rendered":"Bombas de Ba\u00f1o Chakra &#8211; Caja peque\u00f1a &#8211; Fuerza y Creatividad"},"content":{"rendered":"<p><strong>1&ordm; &nbsp;Chakra Ra\u00edz (Muladhara):&nbsp;<\/strong>Se encuentra en la base de la columna y se asocia con la supervivencia, la seguridad. Se le asocia el color rojo. Infusionado con aceites esenciales de bergamota y menta verde, con estos aceites puede ayudar a obtener sensaci\u00f3n de seguridad.&nbsp;<\/p>\n<p><strong>2&ordm; Chakra Sacro (Swadhisthana):&nbsp;<\/strong>se sit\u00faa en el&nbsp;abdomen&nbsp;y se asocia con la creatividad, la sexualidad y el placer. Se le asocia el color&nbsp;naranja. Infusionado con aceites esenciales de naranja dulce y canela, ambos aceites estimulan los sentimientos de positividad.<\/p>\n<p><strong>3&ordm; Chakra del Plexo Solar (Manipura):<\/strong> Se encuentra justo encima del ombligo, y est\u00e1 asociado con el poder personal y la autoestima. Se le asocia el color amarillo. Infusionado con aceite esencial de Yang Ylang, el cu\u00e1l puede ayudar a reducir el estr\u00e9s y la ansiedad.&nbsp;<\/p>\n<p>Cada bomba de ba\u00f1o pesa 70 gramos.&nbsp;<\/p>\n<p>Las medidas de cada bomba de ba\u00f1o es de:&nbsp;<\/p>\n<p>&#8211; Di\u00e1metro: 2,2 cm&nbsp;<\/p>\n<p>&#8211; Altura :2 cm<\/p>\n<p>La caja de regalo pesa 520 gramos.<\/p>\n","protected":false},"excerpt":{"rendered":"<p>1&ordm; &nbsp;Chakra Ra\u00edz (Muladhara):&nbsp;Se encuentra en la base de la columna y se asocia con la supervivencia, la seguridad. Se le asocia el color rojo. Infusionado con aceites esenciales de bergamota y menta verde, con estos aceites puede ayudar a obtener sensaci\u00f3n de seguridad.&nbsp; 2&ordm; Chakra Sacro (Swadhisthana):&nbsp;se sit\u00faa en el&nbsp;abdomen&nbsp;y se asocia con la [&hellip;]<\/p>\n","protected":false},"featured_media":279915,"comment_status":"closed","ping_status":"open","template":"","meta":{"_angie_page":false},"product_brand":[],"product_cat":[19453,20515,20516],"product_tag":[],"class_list":{"0":"post-240502","1":"product","2":"type-product","3":"status-publish","4":"has-post-thumbnail","6":"product_cat-bano-y-ducha","7":"product_cat-bombas-de-bano","8":"product_cat-packs-regalo","9":"pa_collection-chakra-bath-fizzers-sets-es","10":"pa_made-in-reino-unido","12":"first","13":"instock","14":"purchasable","15":"product-type-simple"},"supplier_id":null,"supplier_sku":"CBF-03","barcode":null,"atum_controlled":true,"out_stock_date":null,"out_stock_threshold":null,"inheritable":false,"inbound_stock":null,"stock_on_hold":0,"sold_today":0,"sales_last_days":0,"reserved_stock":null,"customer_returns":null,"warehouse_damage":null,"lost_in_post":null,"other_logs":null,"out_stock_days":0,"lost_sales":0,"has_location":null,"update_date":"2026-04-27T06:56:03","atum_locations":[],"atum_stock_status":"instock","restock_status":false,"low_stock_amount":"","sales_update_date":"2025-10-09T03:27:13","calc_backorders":null,"_links":{"self":[{"href":"https:\/\/aromasentia.com\/es\/wp-json\/wp\/v2\/product\/240502","targetHints":{"allow":["GET"]}}],"collection":[{"href":"https:\/\/aromasentia.com\/es\/wp-json\/wp\/v2\/product"}],"about":[{"href":"https:\/\/aromasentia.com\/es\/wp-json\/wp\/v2\/types\/product"}],"replies":[{"embeddable":true,"href":"https:\/\/aromasentia.com\/es\/wp-json\/wp\/v2\/comments?post=240502"}],"version-history":[{"count":0,"href":"https:\/\/aromasentia.com\/es\/wp-json\/wp\/v2\/product\/240502\/revisions"}],"wp:featuredmedia":[{"embeddable":true,"href":"https:\/\/aromasentia.com\/es\/wp-json\/wp\/v2\/media\/279915"}],"wp:attachment":[{"href":"https:\/\/aromasentia.com\/es\/wp-json\/wp\/v2\/media?parent=240502"}],"wp:term":[{"taxonomy":"product_brand","embeddable":true,"href":"https:\/\/aromasentia.com\/es\/wp-json\/wp\/v2\/product_brand?post=240502"},{"taxonomy":"product_cat","embeddable":true,"href":"https:\/\/aromasentia.com\/es\/wp-json\/wp\/v2\/product_cat?post=240502"},{"taxonomy":"product_tag","embeddable":true,"href":"https:\/\/aromasentia.com\/es\/wp-json\/wp\/v2\/product_tag?post=240502"}],"curies":[{"name":"wp","href":"https:\/\/api.w.org\/{rel}","templated":true}]}}