{"id":240498,"date":"2025-03-20T16:33:42","date_gmt":"2025-03-20T16:33:42","guid":{"rendered":"https:\/\/aromasentia.com\/product\/chakra-bath-fizz-small-box-love-truth\/"},"modified":"2025-05-31T19:46:50","modified_gmt":"2025-05-31T19:46:50","slug":"bombas-de-bano-chakra-caja-pequena-amor-y-verdad","status":"publish","type":"product","link":"https:\/\/aromasentia.com\/es\/bombas-de-bano-chakra-caja-pequena-amor-y-verdad\/","title":{"rendered":"Bombas de Ba\u00f1o Chakra &#8211; Caja peque\u00f1a &#8211; Amor y Verdad"},"content":{"rendered":"<p><strong>3&ordm; Chakra del Plexo Solar (Manipura):&nbsp;<\/strong>Se encuentra justo encima del ombligo, y est\u00e1 asociado con el poder personal y la autoestima. Se le asocia el color amarillo. Infusionado con aceite esencial de Yang Ylang, el cu\u00e1l puede ayudar a reducir el estr\u00e9s y la ansiedad.&nbsp;<\/p>\n<p><strong>4&ordm; Chakra del Coraz\u00f3n (Anahata):&nbsp;<\/strong>situado en el pecho, y est\u00e1 asociado &nbsp;con el amor, la compasi\u00f3n. Se le asocia el color verde. Infundido con con aceites esenciales de manzanilla y pomelo los que pueden ayudar a equilibrar el centro del amor o bienestar emocional.&nbsp;<\/p>\n<p><strong>5&ordm; Chakra de la Garganta (Vishuddha):&nbsp;<\/strong>Se encuentra en la garganta y est\u00e1 asociado con la comunicaci\u00f3n, la expresi\u00f3n y la autenticidad. Se le asocia el color azul. Infundido con una mezcla de aceites esenciales de eucalipto y lim\u00f3n. El lim\u00f3n puede promover la la claridad mental y el eucalipto ayuda a una mejor expresi\u00f3n.<\/p>\n<p><\/p>\n<p>Cada bomba de ba\u00f1o pesa 70 gramos. Las medidas de cada bomba de ba\u00f1o es de: di\u00e1metro :2,2 cm altura :2 cm La caja de regalo pesa 520 gramos.<\/p>\n","protected":false},"excerpt":{"rendered":"<p>3&ordm; Chakra del Plexo Solar (Manipura):&nbsp;Se encuentra justo encima del ombligo, y est\u00e1 asociado con el poder personal y la autoestima. Se le asocia el color amarillo. Infusionado con aceite esencial de Yang Ylang, el cu\u00e1l puede ayudar a reducir el estr\u00e9s y la ansiedad.&nbsp; 4&ordm; Chakra del Coraz\u00f3n (Anahata):&nbsp;situado en el pecho, y est\u00e1 [&hellip;]<\/p>\n","protected":false},"featured_media":279898,"comment_status":"closed","ping_status":"open","template":"","meta":{"_angie_page":false},"product_brand":[],"product_cat":[19453,20515,20516],"product_tag":[],"class_list":{"0":"post-240498","1":"product","2":"type-product","3":"status-publish","4":"has-post-thumbnail","6":"product_cat-bano-y-ducha","7":"product_cat-bombas-de-bano","8":"product_cat-packs-regalo","9":"pa_collection-chakra-bath-fizzers-sets-es","10":"pa_made-in-reino-unido","12":"first","13":"instock","14":"purchasable","15":"product-type-simple"},"supplier_id":null,"supplier_sku":"CBF-04","barcode":null,"atum_controlled":true,"out_stock_date":null,"out_stock_threshold":null,"inheritable":false,"inbound_stock":null,"stock_on_hold":0,"sold_today":0,"sales_last_days":0,"reserved_stock":null,"customer_returns":null,"warehouse_damage":null,"lost_in_post":null,"other_logs":null,"out_stock_days":0,"lost_sales":0,"has_location":null,"update_date":"2026-04-27T06:56:03","atum_locations":[],"atum_stock_status":"instock","restock_status":false,"low_stock_amount":"","sales_update_date":"2026-01-30T01:25:01","calc_backorders":null,"_links":{"self":[{"href":"https:\/\/aromasentia.com\/es\/wp-json\/wp\/v2\/product\/240498","targetHints":{"allow":["GET"]}}],"collection":[{"href":"https:\/\/aromasentia.com\/es\/wp-json\/wp\/v2\/product"}],"about":[{"href":"https:\/\/aromasentia.com\/es\/wp-json\/wp\/v2\/types\/product"}],"replies":[{"embeddable":true,"href":"https:\/\/aromasentia.com\/es\/wp-json\/wp\/v2\/comments?post=240498"}],"version-history":[{"count":0,"href":"https:\/\/aromasentia.com\/es\/wp-json\/wp\/v2\/product\/240498\/revisions"}],"wp:featuredmedia":[{"embeddable":true,"href":"https:\/\/aromasentia.com\/es\/wp-json\/wp\/v2\/media\/279898"}],"wp:attachment":[{"href":"https:\/\/aromasentia.com\/es\/wp-json\/wp\/v2\/media?parent=240498"}],"wp:term":[{"taxonomy":"product_brand","embeddable":true,"href":"https:\/\/aromasentia.com\/es\/wp-json\/wp\/v2\/product_brand?post=240498"},{"taxonomy":"product_cat","embeddable":true,"href":"https:\/\/aromasentia.com\/es\/wp-json\/wp\/v2\/product_cat?post=240498"},{"taxonomy":"product_tag","embeddable":true,"href":"https:\/\/aromasentia.com\/es\/wp-json\/wp\/v2\/product_tag?post=240498"}],"curies":[{"name":"wp","href":"https:\/\/api.w.org\/{rel}","templated":true}]}}