{"id":240470,"date":"2025-03-20T16:35:30","date_gmt":"2025-03-20T16:35:30","guid":{"rendered":"https:\/\/aromasentia.com\/product\/charcoal-soap-85g-unscented\/"},"modified":"2025-05-31T19:46:21","modified_gmt":"2025-05-31T19:46:21","slug":"jabon-de-carbon-vegetal-85-g-sin-perfume","status":"publish","type":"product","link":"https:\/\/aromasentia.com\/es\/jabon-de-carbon-vegetal-85-g-sin-perfume\/","title":{"rendered":"Jab\u00f3n de Carb\u00f3n vegetal 85 g &#8211; Sin perfume"},"content":{"rendered":"<p><span style=\u00abcolor: rgb(75, 80, 88);\u00bb><strong>El jab\u00f3n de carb\u00f3n vegetal con lim\u00f3n<\/strong>, con aceite esencial puro, aceite de arg\u00e1n, aceite de c\u00e1\u00f1amo y manteca de karit\u00e9, es realmente incre\u00edble. &nbsp;<\/span><\/p>\n<p><span style=\u00abcolor: rgb(75, 80, 88);\u00bb>Limpia la piel en profundidad, elimina todas las impurezas de los poros y la mantiene hidratada y suave. El carb\u00f3n activado restaura el equilibrio natural de la piel y proporciona hidrataci\u00f3n a la piel seca. <\/span><\/p>\n<p><span style=\u00abcolor: rgb(75, 80, 88);\u00bb>No solo se puede utilizar para el cuerpo, sino que tambi\u00e9n es bueno como limpiador facial. Se dice que el jab\u00f3n de carb\u00f3n vegetal desintoxica y purifica la piel.&nbsp;<\/span><\/p>\n<p><span style=\u00abcolor: rgb(75, 80, 88);\u00bb>Este jab\u00f3n suavizar\u00e1 la piel de tus clientes y calmar\u00e1 su mente. Adem\u00e1s, no contiene parabenos, SLS ni aceite de palma. <\/span><\/p>\n<p><span style=\u00abcolor: rgb(75, 80, 88);\u00bb><em>* Apto para veganos * Sin crueldad animal * Hecho a mano * Fabricado en el Reino Unido *<\/em><\/span><\/p>\n<p><span style=\"color: rgb(75, 80, 88);\u00bb ><strong>Compra estos jabones de moda, no dejes que se te escapen de las manos. <\/strong><\/span><\/p>\n","protected":false},"excerpt":{"rendered":"<p>El jab\u00f3n de carb\u00f3n vegetal con lim\u00f3n, con aceite esencial puro, aceite de arg\u00e1n, aceite de c\u00e1\u00f1amo y manteca de karit\u00e9, es realmente incre\u00edble. &nbsp; Limpia la piel en profundidad, elimina todas las impurezas de los poros y la mantiene hidratada y suave. El carb\u00f3n activado restaura el equilibrio natural de la piel y proporciona [&hellip;]<\/p>\n","protected":false},"featured_media":280494,"comment_status":"closed","ping_status":"open","template":"","meta":{"_angie_page":false},"product_brand":[27071],"product_cat":[19453,20592],"product_tag":[],"class_list":{"0":"post-240470","1":"product","2":"type-product","3":"status-publish","4":"has-post-thumbnail","6":"product_brand-aw-cosmetics","7":"product_cat-bano-y-ducha","8":"product_cat-jabones-ecologicos-naturales","9":"pa_collection-charcoal-soap-bar-85g-es","10":"pa_made-in-reino-unido","12":"first","13":"instock","14":"purchasable","15":"product-type-simple"},"supplier_id":null,"supplier_sku":"CHSB-06","barcode":null,"atum_controlled":true,"out_stock_date":null,"out_stock_threshold":null,"inheritable":false,"inbound_stock":null,"stock_on_hold":0,"sold_today":0,"sales_last_days":0,"reserved_stock":null,"customer_returns":null,"warehouse_damage":null,"lost_in_post":null,"other_logs":null,"out_stock_days":0,"lost_sales":0,"has_location":null,"update_date":"2026-04-27T06:57:22","atum_locations":[],"atum_stock_status":"instock","restock_status":false,"low_stock_amount":"","sales_update_date":"2025-10-09T03:27:59","calc_backorders":null,"_links":{"self":[{"href":"https:\/\/aromasentia.com\/es\/wp-json\/wp\/v2\/product\/240470","targetHints":{"allow":["GET"]}}],"collection":[{"href":"https:\/\/aromasentia.com\/es\/wp-json\/wp\/v2\/product"}],"about":[{"href":"https:\/\/aromasentia.com\/es\/wp-json\/wp\/v2\/types\/product"}],"replies":[{"embeddable":true,"href":"https:\/\/aromasentia.com\/es\/wp-json\/wp\/v2\/comments?post=240470"}],"version-history":[{"count":0,"href":"https:\/\/aromasentia.com\/es\/wp-json\/wp\/v2\/product\/240470\/revisions"}],"wp:featuredmedia":[{"embeddable":true,"href":"https:\/\/aromasentia.com\/es\/wp-json\/wp\/v2\/media\/280494"}],"wp:attachment":[{"href":"https:\/\/aromasentia.com\/es\/wp-json\/wp\/v2\/media?parent=240470"}],"wp:term":[{"taxonomy":"product_brand","embeddable":true,"href":"https:\/\/aromasentia.com\/es\/wp-json\/wp\/v2\/product_brand?post=240470"},{"taxonomy":"product_cat","embeddable":true,"href":"https:\/\/aromasentia.com\/es\/wp-json\/wp\/v2\/product_cat?post=240470"},{"taxonomy":"product_tag","embeddable":true,"href":"https:\/\/aromasentia.com\/es\/wp-json\/wp\/v2\/product_tag?post=240470"}],"curies":[{"name":"wp","href":"https:\/\/api.w.org\/{rel}","templated":true}]}}