{"id":240466,"date":"2025-03-20T16:35:30","date_gmt":"2025-03-20T16:35:30","guid":{"rendered":"https:\/\/aromasentia.com\/product\/charcoal-soap-85g-eucalyptus-cedarwood\/"},"modified":"2025-05-31T19:46:17","modified_gmt":"2025-05-31T19:46:17","slug":"jabon-de-carbon-85g-eucalipto-y-cedro","status":"publish","type":"product","link":"https:\/\/aromasentia.com\/es\/jabon-de-carbon-85g-eucalipto-y-cedro\/","title":{"rendered":"Jab\u00f3n de Carb\u00f3n 85g &#8211; Eucalipto y Cedro"},"content":{"rendered":"<p><span style=\u00abcolor: rgb(75, 80, 88);\u00bb><strong>Pack de regalo Chill Pills 350 g &#8211; Mango. <\/strong><\/span><\/p>\n<p><span style=\u00abcolor: rgb(75, 80, 88);\u00bb><strong>Sum\u00e9rjase a sus clientes en el abrazo tropical de Mango Chill Pills<\/strong>, donde cada burbuja libera la jugosa esencia madurada al sol de los mangos, evocando la calidez y la vitalidad de una paradis\u00edaca isla ba\u00f1ada por el sol. <\/span><\/p>\n<p><span style=\u00abcolor: rgb(75, 80, 88);\u00bb>Cada paquete contiene 350 g (aproximadamente 30 Chill Pills)&nbsp;<\/span><\/p>\n<p><span style=\u00abcolor: rgb(75, 80, 88);\u00bb>Para disfrutar de un ba\u00f1o relajante, se recomienda utilizar 5 Chill Pills por ba\u00f1o. Esto garantiza que cada paquete proporcione aproximadamente 6 ba\u00f1os, lo que ofrece una gran relaci\u00f3n calidad-precio y disfrute al usuario final. <\/span><\/p>\n<p><span style=\u00abcolor: rgb(75, 80, 88);\u00bb>Una pastilla Chill Pill pesa aproximadamente 12 g<\/span><\/p>\n<p><span style=\u00abcolor: rgb(75, 80, 88);\u00bb><strong>Fabricado<\/strong> con orgullo y amor<strong>&nbsp;en el Reino Unido por AW Aromatics<\/strong>. <\/span><\/p>\n<p><span style=\u00abcolor: rgb(75, 80, 88);\u00bb><em>Hecho a mano &#8211; Apto para veganos &#8211; Sin crueldad animal &#8211; Envase sin pl\u00e1stico<\/em><\/span><\/p>\n<p><span style=\u00abcolor: rgb(75, 80, 88);\u00bb><strong>Notas de salida: <\/strong>Mango, fresa, frambuesa<\/span><\/p>\n<p><span style=\u00abcolor: rgb(75, 80, 88);\u00bb><strong>Notas de coraz\u00f3n:<\/strong> Ruibarbo, floral<\/span><\/p>\n<p><span style=\u00abcolor: rgb(75, 80, 88);\u00bb><strong>Notas de fondo:<\/strong> Az\u00facar<\/span><\/p>\n","protected":false},"excerpt":{"rendered":"<p>Pack de regalo Chill Pills 350 g &#8211; Mango. Sum\u00e9rjase a sus clientes en el abrazo tropical de Mango Chill Pills, donde cada burbuja libera la jugosa esencia madurada al sol de los mangos, evocando la calidez y la vitalidad de una paradis\u00edaca isla ba\u00f1ada por el sol. Cada paquete contiene 350 g (aproximadamente 30 [&hellip;]<\/p>\n","protected":false},"featured_media":280477,"comment_status":"closed","ping_status":"open","template":"","meta":{"_angie_page":false},"product_brand":[27071],"product_cat":[26898,25844,19453,26123,26178,20592,26870],"product_tag":[],"class_list":{"0":"post-240466","1":"product","2":"type-product","3":"status-publish","4":"has-post-thumbnail","6":"product_brand-aw-cosmetics","7":"product_cat-amaderado","8":"product_cat-aromas","9":"product_cat-bano-y-ducha","10":"product_cat-cedro","11":"product_cat-eucalipto","12":"product_cat-jabones-ecologicos-naturales","13":"product_cat-medicinal-alcanforado","14":"pa_collection-charcoal-soap-bar-85g-es","15":"pa_made-in-reino-unido","17":"first","18":"instock","19":"purchasable","20":"product-type-simple"},"supplier_id":null,"supplier_sku":"CHSB-05","barcode":null,"atum_controlled":true,"out_stock_date":null,"out_stock_threshold":null,"inheritable":false,"inbound_stock":0,"stock_on_hold":0,"sold_today":0,"sales_last_days":0,"reserved_stock":0,"customer_returns":0,"warehouse_damage":0,"lost_in_post":0,"other_logs":0,"out_stock_days":0,"lost_sales":0,"has_location":false,"update_date":"2026-04-27T06:57:22","atum_locations":[],"atum_stock_status":"instock","restock_status":false,"low_stock_amount":"","sales_update_date":"2026-02-06T00:01:57","calc_backorders":null,"_links":{"self":[{"href":"https:\/\/aromasentia.com\/es\/wp-json\/wp\/v2\/product\/240466","targetHints":{"allow":["GET"]}}],"collection":[{"href":"https:\/\/aromasentia.com\/es\/wp-json\/wp\/v2\/product"}],"about":[{"href":"https:\/\/aromasentia.com\/es\/wp-json\/wp\/v2\/types\/product"}],"replies":[{"embeddable":true,"href":"https:\/\/aromasentia.com\/es\/wp-json\/wp\/v2\/comments?post=240466"}],"version-history":[{"count":0,"href":"https:\/\/aromasentia.com\/es\/wp-json\/wp\/v2\/product\/240466\/revisions"}],"wp:featuredmedia":[{"embeddable":true,"href":"https:\/\/aromasentia.com\/es\/wp-json\/wp\/v2\/media\/280477"}],"wp:attachment":[{"href":"https:\/\/aromasentia.com\/es\/wp-json\/wp\/v2\/media?parent=240466"}],"wp:term":[{"taxonomy":"product_brand","embeddable":true,"href":"https:\/\/aromasentia.com\/es\/wp-json\/wp\/v2\/product_brand?post=240466"},{"taxonomy":"product_cat","embeddable":true,"href":"https:\/\/aromasentia.com\/es\/wp-json\/wp\/v2\/product_cat?post=240466"},{"taxonomy":"product_tag","embeddable":true,"href":"https:\/\/aromasentia.com\/es\/wp-json\/wp\/v2\/product_tag?post=240466"}],"curies":[{"name":"wp","href":"https:\/\/api.w.org\/{rel}","templated":true}]}}