{"id":240462,"date":"2025-03-20T16:35:30","date_gmt":"2025-03-20T16:35:30","guid":{"rendered":"https:\/\/aromasentia.com\/product\/charcoal-soap-85g-tea-tree\/"},"modified":"2025-05-31T19:46:13","modified_gmt":"2025-05-31T19:46:13","slug":"jabon-de-carbon-85g-arbol-del-te","status":"publish","type":"product","link":"https:\/\/aromasentia.com\/es\/jabon-de-carbon-85g-arbol-del-te\/","title":{"rendered":"Jab\u00f3n de Carb\u00f3n 85g &#8211; \u00c1rbol del T\u00e9"},"content":{"rendered":"<p>A veces solo quieres darte un capricho con algo especial, as\u00ed que \u00bfpor qu\u00e9 no calmar tu piel con un jab\u00f3n natural y encantador hecho a mano? Las rosas no solo son un bonito complemento para tu ba\u00f1o rom\u00e1ntico, sino que tambi\u00e9n tienen un aroma delicioso. El jab\u00f3n de rosa y p\u00e9talos de rosa, elaborado con los mejores ingredientes naturales, crear\u00e1 el ambiente perfecto para tu ba\u00f1o, relajar\u00e1 tu cuerpo, aliviar\u00e1 el estr\u00e9s y dejar\u00e1 tu piel radiante.&nbsp;<\/p>\n<p>&nbsp;No hay nada como un jab\u00f3n natural que huele de maravilla para romper la monoton\u00eda de tu rutina matutina. Nuestros incre\u00edbles jabones artesanales est\u00e1n elaborados con ingredientes naturales de la m\u00e1s alta calidad utilizando el m\u00e9todo de fundir y verter. Al usarlos, descubrir\u00e1s una gran variedad de fragancias evocadoras y texturas t\u00e1ctiles. Estos jabones hidratantes y nutritivos para la piel ofrecen una espuma magn\u00edfica y duradera y dejan tu piel limpia, suave y saludable.<\/p>\n","protected":false},"excerpt":{"rendered":"<p>A veces solo quieres darte un capricho con algo especial, as\u00ed que \u00bfpor qu\u00e9 no calmar tu piel con un jab\u00f3n natural y encantador hecho a mano? Las rosas no solo son un bonito complemento para tu ba\u00f1o rom\u00e1ntico, sino que tambi\u00e9n tienen un aroma delicioso. El jab\u00f3n de rosa y p\u00e9talos de rosa, elaborado [&hellip;]<\/p>\n","protected":false},"featured_media":280460,"comment_status":"closed","ping_status":"open","template":"","meta":[],"product_brand":[27071],"product_cat":[26410,25844,19453,20592,26870],"product_tag":[],"class_list":{"0":"post-240462","1":"product","2":"type-product","3":"status-publish","4":"has-post-thumbnail","6":"product_brand-aw-cosmetics","7":"product_cat-arbol-de-te","8":"product_cat-aromas","9":"product_cat-bano-y-ducha","10":"product_cat-jabones-ecologicos-naturales","11":"product_cat-medicinal-alcanforado","12":"pa_collection-charcoal-soap-bar-85g-es","13":"pa_made-in-reino-unido","15":"first","16":"outofstock","17":"purchasable","18":"product-type-simple"},"supplier_id":null,"supplier_sku":"CHSB-04","barcode":null,"atum_controlled":true,"out_stock_date":"2025-12-02 15:19:52","out_stock_threshold":null,"inheritable":false,"inbound_stock":null,"stock_on_hold":0,"sold_today":0,"sales_last_days":0,"reserved_stock":null,"customer_returns":null,"warehouse_damage":null,"lost_in_post":null,"other_logs":null,"out_stock_days":65,"lost_sales":0,"has_location":null,"update_date":"2026-02-06T00:01:04","atum_locations":[],"atum_stock_status":"outofstock","restock_status":false,"low_stock_amount":"","sales_update_date":"2026-02-06T00:01:04","calc_backorders":null,"_links":{"self":[{"href":"https:\/\/aromasentia.com\/es\/wp-json\/wp\/v2\/product\/240462","targetHints":{"allow":["GET"]}}],"collection":[{"href":"https:\/\/aromasentia.com\/es\/wp-json\/wp\/v2\/product"}],"about":[{"href":"https:\/\/aromasentia.com\/es\/wp-json\/wp\/v2\/types\/product"}],"replies":[{"embeddable":true,"href":"https:\/\/aromasentia.com\/es\/wp-json\/wp\/v2\/comments?post=240462"}],"version-history":[{"count":0,"href":"https:\/\/aromasentia.com\/es\/wp-json\/wp\/v2\/product\/240462\/revisions"}],"wp:featuredmedia":[{"embeddable":true,"href":"https:\/\/aromasentia.com\/es\/wp-json\/wp\/v2\/media\/280460"}],"wp:attachment":[{"href":"https:\/\/aromasentia.com\/es\/wp-json\/wp\/v2\/media?parent=240462"}],"wp:term":[{"taxonomy":"product_brand","embeddable":true,"href":"https:\/\/aromasentia.com\/es\/wp-json\/wp\/v2\/product_brand?post=240462"},{"taxonomy":"product_cat","embeddable":true,"href":"https:\/\/aromasentia.com\/es\/wp-json\/wp\/v2\/product_cat?post=240462"},{"taxonomy":"product_tag","embeddable":true,"href":"https:\/\/aromasentia.com\/es\/wp-json\/wp\/v2\/product_tag?post=240462"}],"curies":[{"name":"wp","href":"https:\/\/api.w.org\/{rel}","templated":true}]}}