{"id":240450,"date":"2025-03-20T16:35:30","date_gmt":"2025-03-20T16:35:30","guid":{"rendered":"https:\/\/aromasentia.com\/product\/charcoal-soap-85g-lemon\/"},"modified":"2025-05-31T19:46:00","modified_gmt":"2025-05-31T19:46:00","slug":"jabon-de-carbon-85g-limon","status":"publish","type":"product","link":"https:\/\/aromasentia.com\/es\/jabon-de-carbon-85g-limon\/","title":{"rendered":"Jab\u00f3n de Carb\u00f3n 85g &#8211; Lim\u00f3n"},"content":{"rendered":"<p>A veces solo quieres darte un capricho con algo especial, as\u00ed que \u00bfpor qu\u00e9 no calmar tu piel con un jab\u00f3n artesanal natural y delicioso?<\/p>\n<p>El jab\u00f3n de miel y avena, con una textura maravillosa, deja la piel suave y tersa.&nbsp;<\/p>\n<p>No hay nada como un jab\u00f3n natural que huele de maravilla para romper con la monoton\u00eda de tu rutina matutina. Nuestros incre\u00edbles jabones artesanales est\u00e1n elaborados con ingredientes naturales de la m\u00e1s alta calidad utilizando el m\u00e9todo de fundir y verter. Al usarlos, descubrir\u00e1s una gran variedad de fragancias evocadoras y texturas t\u00e1ctiles. Estos jabones hidratantes y nutritivos para la piel ofrecen una espuma magn\u00edfica y duradera y dejan la piel limpia, suave y saludable.<\/p>\n","protected":false},"excerpt":{"rendered":"<p>A veces solo quieres darte un capricho con algo especial, as\u00ed que \u00bfpor qu\u00e9 no calmar tu piel con un jab\u00f3n artesanal natural y delicioso? El jab\u00f3n de miel y avena, con una textura maravillosa, deja la piel suave y tersa.&nbsp; No hay nada como un jab\u00f3n natural que huele de maravilla para romper con [&hellip;]<\/p>\n","protected":false},"featured_media":280409,"comment_status":"closed","ping_status":"open","template":"","meta":{"_angie_page":false},"product_brand":[27071],"product_cat":[25844,19453,26821,20592,26236],"product_tag":[],"class_list":{"0":"post-240450","1":"product","2":"type-product","3":"status-publish","4":"has-post-thumbnail","6":"product_brand-aw-cosmetics","7":"product_cat-aromas","8":"product_cat-bano-y-ducha","9":"product_cat-citrico","10":"product_cat-jabones-ecologicos-naturales","11":"product_cat-limon","12":"pa_collection-charcoal-soap-bar-85g-es","13":"pa_made-in-reino-unido","15":"first","16":"instock","17":"purchasable","18":"product-type-simple"},"supplier_id":null,"supplier_sku":"CHSB-01","barcode":null,"atum_controlled":true,"out_stock_date":null,"out_stock_threshold":null,"inheritable":false,"inbound_stock":null,"stock_on_hold":0,"sold_today":0,"sales_last_days":0,"reserved_stock":null,"customer_returns":null,"warehouse_damage":null,"lost_in_post":null,"other_logs":null,"out_stock_days":0,"lost_sales":0,"has_location":null,"update_date":"2026-04-27T06:57:22","atum_locations":[],"atum_stock_status":"instock","restock_status":false,"low_stock_amount":"","sales_update_date":"2026-01-30T01:26:29","calc_backorders":null,"_links":{"self":[{"href":"https:\/\/aromasentia.com\/es\/wp-json\/wp\/v2\/product\/240450","targetHints":{"allow":["GET"]}}],"collection":[{"href":"https:\/\/aromasentia.com\/es\/wp-json\/wp\/v2\/product"}],"about":[{"href":"https:\/\/aromasentia.com\/es\/wp-json\/wp\/v2\/types\/product"}],"replies":[{"embeddable":true,"href":"https:\/\/aromasentia.com\/es\/wp-json\/wp\/v2\/comments?post=240450"}],"version-history":[{"count":0,"href":"https:\/\/aromasentia.com\/es\/wp-json\/wp\/v2\/product\/240450\/revisions"}],"wp:featuredmedia":[{"embeddable":true,"href":"https:\/\/aromasentia.com\/es\/wp-json\/wp\/v2\/media\/280409"}],"wp:attachment":[{"href":"https:\/\/aromasentia.com\/es\/wp-json\/wp\/v2\/media?parent=240450"}],"wp:term":[{"taxonomy":"product_brand","embeddable":true,"href":"https:\/\/aromasentia.com\/es\/wp-json\/wp\/v2\/product_brand?post=240450"},{"taxonomy":"product_cat","embeddable":true,"href":"https:\/\/aromasentia.com\/es\/wp-json\/wp\/v2\/product_cat?post=240450"},{"taxonomy":"product_tag","embeddable":true,"href":"https:\/\/aromasentia.com\/es\/wp-json\/wp\/v2\/product_tag?post=240450"}],"curies":[{"name":"wp","href":"https:\/\/api.w.org\/{rel}","templated":true}]}}