{"id":240402,"date":"2025-03-20T16:37:16","date_gmt":"2025-03-20T16:37:16","guid":{"rendered":"https:\/\/aromasentia.com\/product\/rose-rose-petals-soap-loaf\/"},"modified":"2025-05-31T19:44:42","modified_gmt":"2025-05-31T19:44:42","slug":"rosa-y-petalos-de-rosa-pastilla-de-jabon","status":"publish","type":"product","link":"https:\/\/aromasentia.com\/es\/rosa-y-petalos-de-rosa-pastilla-de-jabon\/","title":{"rendered":"Rosa y P\u00e9talos de Rosa &#8211; Pastilla de Jab\u00f3n"},"content":{"rendered":"<p>A veces solo quieres darte un capricho con algo especial, as\u00ed que \u00bfpor qu\u00e9 no calmar tu piel con un jab\u00f3n artesanal natural y delicioso?<\/p>\n<p>El jab\u00f3n Slice of Sunshine, con su aroma ligeramente ex\u00f3tico y su espuma rica y cremosa, es el favorito de todos. <\/p>\n<p>No hay nada como un jab\u00f3n natural y mimador que huele de maravilla para romper la monoton\u00eda de tu rutina matutina. Nuestros incre\u00edbles jabones artesanales est\u00e1n elaborados con ingredientes naturales de la m\u00e1s alta calidad utilizando el m\u00e9todo de fundir y verter. Al usarlos, descubrir\u00e1s una gran variedad de fragancias evocadoras y texturas agradables al tacto. Estos jabones hidratantes y nutritivos para la piel ofrecen una espuma magn\u00edfica y duradera, y dejan la piel limpia, suave y saludable.<\/p>\n","protected":false},"excerpt":{"rendered":"<p>A veces solo quieres darte un capricho con algo especial, as\u00ed que \u00bfpor qu\u00e9 no calmar tu piel con un jab\u00f3n artesanal natural y delicioso? El jab\u00f3n Slice of Sunshine, con su aroma ligeramente ex\u00f3tico y su espuma rica y cremosa, es el favorito de todos. No hay nada como un jab\u00f3n natural y mimador [&hellip;]<\/p>\n","protected":false},"featured_media":281274,"comment_status":"closed","ping_status":"open","template":"","meta":{"_angie_page":false},"product_brand":[],"product_cat":[25844,19453,26835,20592,26367],"product_tag":[],"class_list":{"0":"post-240402","1":"product","2":"type-product","3":"status-publish","4":"has-post-thumbnail","6":"product_cat-aromas","7":"product_cat-bano-y-ducha","8":"product_cat-floral","9":"product_cat-jabones-ecologicos-naturales","10":"product_cat-rosa","11":"pa_collection-handcrafted-wild-soap-loaves-1-3-kg-slices-100-140g-es","12":"pa_made-in-reino-unido","14":"first","15":"instock","16":"purchasable","17":"product-type-simple"},"supplier_id":null,"supplier_sku":"HCS-13L","barcode":null,"atum_controlled":true,"out_stock_date":null,"out_stock_threshold":null,"inheritable":false,"inbound_stock":null,"stock_on_hold":0,"sold_today":0,"sales_last_days":0,"reserved_stock":null,"customer_returns":null,"warehouse_damage":null,"lost_in_post":null,"other_logs":null,"out_stock_days":0,"lost_sales":0,"has_location":null,"update_date":"2026-01-30T01:25:19","atum_locations":[],"atum_stock_status":"instock","restock_status":false,"low_stock_amount":"","sales_update_date":"2026-01-30T01:25:19","calc_backorders":null,"_links":{"self":[{"href":"https:\/\/aromasentia.com\/es\/wp-json\/wp\/v2\/product\/240402","targetHints":{"allow":["GET"]}}],"collection":[{"href":"https:\/\/aromasentia.com\/es\/wp-json\/wp\/v2\/product"}],"about":[{"href":"https:\/\/aromasentia.com\/es\/wp-json\/wp\/v2\/types\/product"}],"replies":[{"embeddable":true,"href":"https:\/\/aromasentia.com\/es\/wp-json\/wp\/v2\/comments?post=240402"}],"version-history":[{"count":0,"href":"https:\/\/aromasentia.com\/es\/wp-json\/wp\/v2\/product\/240402\/revisions"}],"wp:featuredmedia":[{"embeddable":true,"href":"https:\/\/aromasentia.com\/es\/wp-json\/wp\/v2\/media\/281274"}],"wp:attachment":[{"href":"https:\/\/aromasentia.com\/es\/wp-json\/wp\/v2\/media?parent=240402"}],"wp:term":[{"taxonomy":"product_brand","embeddable":true,"href":"https:\/\/aromasentia.com\/es\/wp-json\/wp\/v2\/product_brand?post=240402"},{"taxonomy":"product_cat","embeddable":true,"href":"https:\/\/aromasentia.com\/es\/wp-json\/wp\/v2\/product_cat?post=240402"},{"taxonomy":"product_tag","embeddable":true,"href":"https:\/\/aromasentia.com\/es\/wp-json\/wp\/v2\/product_tag?post=240402"}],"curies":[{"name":"wp","href":"https:\/\/api.w.org\/{rel}","templated":true}]}}