{"id":240354,"date":"2025-03-20T16:37:16","date_gmt":"2025-03-20T16:37:16","guid":{"rendered":"https:\/\/aromasentia.com\/product\/double-butter-luxury-soap-slice-earthy-oils\/"},"modified":"2025-05-31T19:43:34","modified_gmt":"2025-05-31T19:43:34","slug":"jabon-de-lujo-doble-mantequilla-aceites-terrosos","status":"publish","type":"product","link":"https:\/\/aromasentia.com\/es\/jabon-de-lujo-doble-mantequilla-aceites-terrosos\/","title":{"rendered":"Jab\u00f3n de Lujo Doble Mantequilla &#8211; Aceites Terrosos"},"content":{"rendered":"<p><span style=\u00abcolor: rgb(75, 80, 88);\u00bb>Aroma Sentia <strong>&nbsp;Mango hawaiano&nbsp;<\/strong><strong>Jab\u00f3n en pastilla &#8211; 100 g,&nbsp;<\/strong>elaborado con cintas de jab\u00f3n<strong>&nbsp;<\/strong>y perfumado con mango que te har\u00e1 la boca agua. Este jugoso jab\u00f3n de mango hawaiano te har\u00e1 pensar en faldas de hierba e islas tropicales. <\/span><\/p>\n<p><span style=\u00abcolor: rgb(75, 80, 88);\u00bb><strong>NOTA:<\/strong> los jabones son artesanales, por lo que el color o el dise\u00f1o pueden variar ligeramente de las im\u00e1genes mostradas.<\/p>\n","protected":false},"excerpt":{"rendered":"<p>Aroma Sentia &nbsp;Mango hawaiano&nbsp;Jab\u00f3n en pastilla &#8211; 100 g,&nbsp;elaborado con cintas de jab\u00f3n&nbsp;y perfumado con mango que te har\u00e1 la boca agua. Este jugoso jab\u00f3n de mango hawaiano te har\u00e1 pensar en faldas de hierba e islas tropicales. NOTA: los jabones son artesanales, por lo que el color o el dise\u00f1o pueden variar ligeramente de [&hellip;]<\/p>\n","protected":false},"featured_media":281030,"comment_status":"closed","ping_status":"open","template":"","meta":[],"product_brand":[],"product_cat":[19453,20592],"product_tag":[],"class_list":{"0":"post-240354","1":"product","2":"type-product","3":"status-publish","4":"has-post-thumbnail","6":"product_cat-bano-y-ducha","7":"product_cat-jabones-ecologicos-naturales","8":"pa_made-in-reino-unido","10":"first","11":"outofstock","12":"purchasable","13":"product-type-simple"},"supplier_id":null,"supplier_sku":"DSDBSoap-01","barcode":null,"atum_controlled":true,"out_stock_date":"2025-10-09 13:31:21","out_stock_threshold":null,"inheritable":false,"inbound_stock":null,"stock_on_hold":0,"sold_today":0,"sales_last_days":0,"reserved_stock":null,"customer_returns":null,"warehouse_damage":null,"lost_in_post":null,"other_logs":null,"out_stock_days":112,"lost_sales":0,"has_location":null,"update_date":"2026-01-30T01:25:15","atum_locations":[],"atum_stock_status":"outofstock","restock_status":false,"low_stock_amount":"","sales_update_date":"2026-01-30T01:25:15","calc_backorders":null,"_links":{"self":[{"href":"https:\/\/aromasentia.com\/es\/wp-json\/wp\/v2\/product\/240354","targetHints":{"allow":["GET"]}}],"collection":[{"href":"https:\/\/aromasentia.com\/es\/wp-json\/wp\/v2\/product"}],"about":[{"href":"https:\/\/aromasentia.com\/es\/wp-json\/wp\/v2\/types\/product"}],"replies":[{"embeddable":true,"href":"https:\/\/aromasentia.com\/es\/wp-json\/wp\/v2\/comments?post=240354"}],"version-history":[{"count":0,"href":"https:\/\/aromasentia.com\/es\/wp-json\/wp\/v2\/product\/240354\/revisions"}],"wp:featuredmedia":[{"embeddable":true,"href":"https:\/\/aromasentia.com\/es\/wp-json\/wp\/v2\/media\/281030"}],"wp:attachment":[{"href":"https:\/\/aromasentia.com\/es\/wp-json\/wp\/v2\/media?parent=240354"}],"wp:term":[{"taxonomy":"product_brand","embeddable":true,"href":"https:\/\/aromasentia.com\/es\/wp-json\/wp\/v2\/product_brand?post=240354"},{"taxonomy":"product_cat","embeddable":true,"href":"https:\/\/aromasentia.com\/es\/wp-json\/wp\/v2\/product_cat?post=240354"},{"taxonomy":"product_tag","embeddable":true,"href":"https:\/\/aromasentia.com\/es\/wp-json\/wp\/v2\/product_tag?post=240354"}],"curies":[{"name":"wp","href":"https:\/\/api.w.org\/{rel}","templated":true}]}}