{"id":240306,"date":"2025-03-20T16:38:28","date_gmt":"2025-03-20T16:38:28","guid":{"rendered":"https:\/\/aromasentia.com\/product\/banana-coconut-smoothy-soap-bar-100g\/"},"modified":"2025-05-31T19:42:36","modified_gmt":"2025-05-31T19:42:36","slug":"pastilla-de-jabon-de-platano-y-coco-100g","status":"publish","type":"product","link":"https:\/\/aromasentia.com\/es\/pastilla-de-jabon-de-platano-y-coco-100g\/","title":{"rendered":"Pastilla de Jab\u00f3n de pl\u00e1tano y coco &#8211; 100g"},"content":{"rendered":"<p><span style=\u00abcolor: rgb(75, 80, 88);\u00bb>Aroma Sentia <strong>&nbsp;Baby Powder&nbsp;<\/strong><strong>Jab\u00f3n en pastilla &#8211; 140 g<\/strong>. El jab\u00f3n con aroma a talco para beb\u00e9s tiene un sutil aroma floral y empolvado con tres capas de color. Te har\u00e1 sentir como en casa a ti y a tus clientes. <\/span><\/p>\n<p><span style=\u00abcolor: rgb(75, 80, 88);\u00bb><strong>NOTA:<\/strong> los jabones son artesanales, por lo que el color o el dise\u00f1o pueden variar ligeramente con respecto a las im\u00e1genes mostradas.<\/p>\n","protected":false},"excerpt":{"rendered":"<p>Aroma Sentia &nbsp;Baby Powder&nbsp;Jab\u00f3n en pastilla &#8211; 140 g. El jab\u00f3n con aroma a talco para beb\u00e9s tiene un sutil aroma floral y empolvado con tres capas de color. Te har\u00e1 sentir como en casa a ti y a tus clientes. NOTA: los jabones son artesanales, por lo que el color o el dise\u00f1o pueden [&hellip;]<\/p>\n","protected":false},"featured_media":281418,"comment_status":"closed","ping_status":"open","template":"","meta":{"_angie_page":false},"product_brand":[],"product_cat":[25844,19453,26849,20592,26569],"product_tag":[],"class_list":{"0":"post-240306","1":"product","2":"type-product","3":"status-publish","4":"has-post-thumbnail","6":"product_cat-aromas","7":"product_cat-bano-y-ducha","8":"product_cat-frutal","9":"product_cat-jabones-ecologicos-naturales","10":"product_cat-platano","11":"pa_collection-handcrafted-wild-soap-loaves-1-3-kg-slices-100-140g-es","12":"pa_made-in-reino-unido","13":"pa_size-100g","15":"first","16":"instock","17":"purchasable","18":"product-type-simple"},"supplier_id":null,"supplier_sku":"DSHCS-26","barcode":null,"atum_controlled":true,"out_stock_date":null,"out_stock_threshold":null,"inheritable":false,"inbound_stock":null,"stock_on_hold":0,"sold_today":0,"sales_last_days":0,"reserved_stock":null,"customer_returns":null,"warehouse_damage":null,"lost_in_post":null,"other_logs":null,"out_stock_days":0,"lost_sales":0,"has_location":null,"update_date":"2026-04-27T06:59:19","atum_locations":[],"atum_stock_status":"instock","restock_status":false,"low_stock_amount":"","sales_update_date":"2025-10-09T03:29:05","calc_backorders":null,"_links":{"self":[{"href":"https:\/\/aromasentia.com\/es\/wp-json\/wp\/v2\/product\/240306","targetHints":{"allow":["GET"]}}],"collection":[{"href":"https:\/\/aromasentia.com\/es\/wp-json\/wp\/v2\/product"}],"about":[{"href":"https:\/\/aromasentia.com\/es\/wp-json\/wp\/v2\/types\/product"}],"replies":[{"embeddable":true,"href":"https:\/\/aromasentia.com\/es\/wp-json\/wp\/v2\/comments?post=240306"}],"version-history":[{"count":0,"href":"https:\/\/aromasentia.com\/es\/wp-json\/wp\/v2\/product\/240306\/revisions"}],"wp:featuredmedia":[{"embeddable":true,"href":"https:\/\/aromasentia.com\/es\/wp-json\/wp\/v2\/media\/281418"}],"wp:attachment":[{"href":"https:\/\/aromasentia.com\/es\/wp-json\/wp\/v2\/media?parent=240306"}],"wp:term":[{"taxonomy":"product_brand","embeddable":true,"href":"https:\/\/aromasentia.com\/es\/wp-json\/wp\/v2\/product_brand?post=240306"},{"taxonomy":"product_cat","embeddable":true,"href":"https:\/\/aromasentia.com\/es\/wp-json\/wp\/v2\/product_cat?post=240306"},{"taxonomy":"product_tag","embeddable":true,"href":"https:\/\/aromasentia.com\/es\/wp-json\/wp\/v2\/product_tag?post=240306"}],"curies":[{"name":"wp","href":"https:\/\/api.w.org\/{rel}","templated":true}]}}