{"id":240290,"date":"2025-03-20T16:38:28","date_gmt":"2025-03-20T16:38:28","guid":{"rendered":"https:\/\/aromasentia.com\/product\/raspberry-blackpepper-soap-bar-100g\/"},"modified":"2025-05-31T19:42:20","modified_gmt":"2025-05-31T19:42:20","slug":"pastilla-de-jabon-frambuesa-y-pimienta-negra-100g","status":"publish","type":"product","link":"https:\/\/aromasentia.com\/es\/pastilla-de-jabon-frambuesa-y-pimienta-negra-100g\/","title":{"rendered":"Pastilla de Jab\u00f3n Frambuesa y pimienta negra &#8211; 100g"},"content":{"rendered":"<p><span style=\u00abcolor: rgb(75, 80, 88);\u00bb>Aroma Sentia <strong>&nbsp;<\/strong><strong>Jab\u00f3n Cleopatra &#8211; 100 g<\/strong> est\u00e1 elaborado con aceites esenciales de lavanda, ylang ylang y pachul\u00ed, y recubierto con una capa de flores de lavanda secas. &nbsp;Esta mezcla de aceites proporciona una fragancia rica, profunda y floral a este jab\u00f3n.&nbsp;<\/span><\/p>\n<p><span style=\u00abcolor: rgb(75, 80, 88);\u00bb>Se vende envuelto en papel encerado con etiqueta de ingredientes y un peso aproximado de 100 g por pastilla. <\/span><\/p>\n<p><span style=\u00abcolor: rgb(75, 80, 88);\u00bb><strong>NOTA:<\/strong> los jabones son artesanales, por lo que el color o el dise\u00f1o pueden variar ligeramente con respecto a las im\u00e1genes mostradas. <\/span><\/p>\n<p><\/p>\n<p><\/p>\n","protected":false},"excerpt":{"rendered":"<p>Aroma Sentia &nbsp;Jab\u00f3n Cleopatra &#8211; 100 g est\u00e1 elaborado con aceites esenciales de lavanda, ylang ylang y pachul\u00ed, y recubierto con una capa de flores de lavanda secas. &nbsp;Esta mezcla de aceites proporciona una fragancia rica, profunda y floral a este jab\u00f3n.&nbsp; Se vende envuelto en papel encerado con etiqueta de ingredientes y un peso [&hellip;]<\/p>\n","protected":false},"featured_media":281382,"comment_status":"closed","ping_status":"open","template":"","meta":[],"product_brand":[],"product_cat":[25844,19453,26891,20592,26106],"product_tag":[],"class_list":{"0":"post-240290","1":"product","2":"type-product","3":"status-publish","4":"has-post-thumbnail","6":"product_cat-aromas","7":"product_cat-bano-y-ducha","8":"product_cat-especiado","9":"product_cat-jabones-ecologicos-naturales","10":"product_cat-pimienta-negra","11":"pa_collection-handcrafted-wild-soap-loaves-1-3-kg-slices-100-140g-es","12":"pa_made-in-reino-unido","13":"pa_size-100g","15":"first","16":"outofstock","17":"purchasable","18":"product-type-simple"},"supplier_id":null,"supplier_sku":"DSHCS-15","barcode":null,"atum_controlled":true,"out_stock_date":"2025-11-17 15:24:40","out_stock_threshold":null,"inheritable":false,"inbound_stock":null,"stock_on_hold":0,"sold_today":0,"sales_last_days":0,"reserved_stock":null,"customer_returns":null,"warehouse_damage":null,"lost_in_post":null,"other_logs":null,"out_stock_days":80,"lost_sales":0,"has_location":null,"update_date":"2026-02-06T00:00:57","atum_locations":[],"atum_stock_status":"outofstock","restock_status":false,"low_stock_amount":"","sales_update_date":"2026-02-06T00:00:57","calc_backorders":null,"_links":{"self":[{"href":"https:\/\/aromasentia.com\/es\/wp-json\/wp\/v2\/product\/240290","targetHints":{"allow":["GET"]}}],"collection":[{"href":"https:\/\/aromasentia.com\/es\/wp-json\/wp\/v2\/product"}],"about":[{"href":"https:\/\/aromasentia.com\/es\/wp-json\/wp\/v2\/types\/product"}],"replies":[{"embeddable":true,"href":"https:\/\/aromasentia.com\/es\/wp-json\/wp\/v2\/comments?post=240290"}],"version-history":[{"count":0,"href":"https:\/\/aromasentia.com\/es\/wp-json\/wp\/v2\/product\/240290\/revisions"}],"wp:featuredmedia":[{"embeddable":true,"href":"https:\/\/aromasentia.com\/es\/wp-json\/wp\/v2\/media\/281382"}],"wp:attachment":[{"href":"https:\/\/aromasentia.com\/es\/wp-json\/wp\/v2\/media?parent=240290"}],"wp:term":[{"taxonomy":"product_brand","embeddable":true,"href":"https:\/\/aromasentia.com\/es\/wp-json\/wp\/v2\/product_brand?post=240290"},{"taxonomy":"product_cat","embeddable":true,"href":"https:\/\/aromasentia.com\/es\/wp-json\/wp\/v2\/product_cat?post=240290"},{"taxonomy":"product_tag","embeddable":true,"href":"https:\/\/aromasentia.com\/es\/wp-json\/wp\/v2\/product_tag?post=240290"}],"curies":[{"name":"wp","href":"https:\/\/api.w.org\/{rel}","templated":true}]}}