{"id":240282,"date":"2025-03-20T16:38:28","date_gmt":"2025-03-20T16:38:28","guid":{"rendered":"https:\/\/aromasentia.com\/product\/coconut-dream-soap-bar-100g\/"},"modified":"2025-05-31T19:41:59","modified_gmt":"2025-05-31T19:41:59","slug":"pastilla-de-jabon-sueno-de-coco-100g","status":"publish","type":"product","link":"https:\/\/aromasentia.com\/es\/pastilla-de-jabon-sueno-de-coco-100g\/","title":{"rendered":"Pastilla de Jab\u00f3n Sue\u00f1o de Coco &#8211; 100g"},"content":{"rendered":"<p><span style=\u00abcolor: rgb(75, 80, 88);\u00bb>Aroma Sentia <strong>&nbsp;Aloe Vera<\/strong><strong>&nbsp;Jab\u00f3n en pastilla &#8211; 100 g<\/strong> est\u00e1 elaborado con la fragancia limpia y sutil del aloe vera. Este jab\u00f3n tambi\u00e9n contiene semillas de amapola, que son excelentes para exfoliar la piel. Se vende envuelto en papel encerado con una etiqueta que indica los ingredientes y el peso aproximado de 100 g por pastilla. <\/span><\/p>\n<p><span style=\u00abcolor: rgb(75, 80, 88);\u00bb><strong>NOTA:<\/strong> los jabones son artesanales, por lo que el color o el dise\u00f1o pueden variar ligeramente con respecto a las im\u00e1genes mostradas.<\/p>\n","protected":false},"excerpt":{"rendered":"<p>Aroma Sentia &nbsp;Aloe Vera&nbsp;Jab\u00f3n en pastilla &#8211; 100 g est\u00e1 elaborado con la fragancia limpia y sutil del aloe vera. Este jab\u00f3n tambi\u00e9n contiene semillas de amapola, que son excelentes para exfoliar la piel. Se vende envuelto en papel encerado con una etiqueta que indica los ingredientes y el peso aproximado de 100 g por [&hellip;]<\/p>\n","protected":false},"featured_media":281364,"comment_status":"closed","ping_status":"open","template":"","meta":{"_angie_page":false},"product_brand":[],"product_cat":[19453,20592],"product_tag":[],"class_list":{"0":"post-240282","1":"product","2":"type-product","3":"status-publish","4":"has-post-thumbnail","6":"product_cat-bano-y-ducha","7":"product_cat-jabones-ecologicos-naturales","8":"pa_collection-handcrafted-wild-soap-loaves-1-3-kg-slices-100-140g-es","9":"pa_made-in-reino-unido","10":"pa_size-100g","12":"first","13":"instock","14":"purchasable","15":"product-type-simple"},"supplier_id":null,"supplier_sku":"DSHCS-11","barcode":null,"atum_controlled":true,"out_stock_date":null,"out_stock_threshold":null,"inheritable":false,"inbound_stock":null,"stock_on_hold":0,"sold_today":0,"sales_last_days":0,"reserved_stock":null,"customer_returns":null,"warehouse_damage":null,"lost_in_post":null,"other_logs":null,"out_stock_days":0,"lost_sales":0,"has_location":null,"update_date":"2026-04-30T06:45:29","atum_locations":[],"atum_stock_status":"instock","restock_status":false,"low_stock_amount":"","sales_update_date":"2026-01-30T01:25:56","calc_backorders":null,"_links":{"self":[{"href":"https:\/\/aromasentia.com\/es\/wp-json\/wp\/v2\/product\/240282","targetHints":{"allow":["GET"]}}],"collection":[{"href":"https:\/\/aromasentia.com\/es\/wp-json\/wp\/v2\/product"}],"about":[{"href":"https:\/\/aromasentia.com\/es\/wp-json\/wp\/v2\/types\/product"}],"replies":[{"embeddable":true,"href":"https:\/\/aromasentia.com\/es\/wp-json\/wp\/v2\/comments?post=240282"}],"version-history":[{"count":0,"href":"https:\/\/aromasentia.com\/es\/wp-json\/wp\/v2\/product\/240282\/revisions"}],"wp:featuredmedia":[{"embeddable":true,"href":"https:\/\/aromasentia.com\/es\/wp-json\/wp\/v2\/media\/281364"}],"wp:attachment":[{"href":"https:\/\/aromasentia.com\/es\/wp-json\/wp\/v2\/media?parent=240282"}],"wp:term":[{"taxonomy":"product_brand","embeddable":true,"href":"https:\/\/aromasentia.com\/es\/wp-json\/wp\/v2\/product_brand?post=240282"},{"taxonomy":"product_cat","embeddable":true,"href":"https:\/\/aromasentia.com\/es\/wp-json\/wp\/v2\/product_cat?post=240282"},{"taxonomy":"product_tag","embeddable":true,"href":"https:\/\/aromasentia.com\/es\/wp-json\/wp\/v2\/product_tag?post=240282"}],"curies":[{"name":"wp","href":"https:\/\/api.w.org\/{rel}","templated":true}]}}