{"id":240190,"date":"2025-03-20T16:39:07","date_gmt":"2025-03-20T16:39:07","guid":{"rendered":"https:\/\/aromasentia.com\/product\/enchanted-rose-soap-bar-140g\/"},"modified":"2025-10-24T15:42:43","modified_gmt":"2025-10-24T15:42:43","slug":"pastilla-de-jabon-enchanted-rose-100g","status":"publish","type":"product","link":"https:\/\/aromasentia.com\/es\/pastilla-de-jabon-enchanted-rose-100g\/","title":{"rendered":"Pastilla de Jab\u00f3n Enchanted Rose &#8211; 100g"},"content":{"rendered":"<p><span style=\u00abcolor: rgb(75, 80, 88);\u00bb>Descubre el fresco jab\u00f3n artesanal Wild &amp; Natural <strong>Raspberry &amp; Vanilla Soap Bar &#8211; 140 g<\/strong>. Disfruta del aroma dulce y \u00e1cido del jab\u00f3n Raspberry &amp; Vanilla. Este jab\u00f3n combina el aroma vibrante de las frambuesas maduras con las notas reconfortantes de la vainilla. Es un placer delicioso para tu piel que te deja una sensaci\u00f3n de frescor y un ligero aroma. <\/span><\/p>\n<p><span style=\u00abcolor: rgb(75, 80, 88);\u00bb><strong>NOTA:<\/strong> Nuestros jabones est\u00e1n elaborados a mano, por lo que pueden presentar ligeras variaciones en el color o el dise\u00f1o con respecto a las im\u00e1genes proporcionadas. <\/span><\/p>\n","protected":false},"excerpt":{"rendered":"<p>Descubre el fresco jab\u00f3n artesanal Wild &amp; Natural Raspberry &amp; Vanilla Soap Bar &#8211; 140 g. Disfruta del aroma dulce y \u00e1cido del jab\u00f3n Raspberry &amp; Vanilla. Este jab\u00f3n combina el aroma vibrante de las frambuesas maduras con las notas reconfortantes de la vainilla. Es un placer delicioso para tu piel que te deja una [&hellip;]<\/p>\n","protected":false},"featured_media":281541,"comment_status":"closed","ping_status":"open","template":"","meta":{"_angie_page":false},"product_brand":[],"product_cat":[25844,19453,26835,20592,26367],"product_tag":[],"class_list":{"0":"post-240190","1":"product","2":"type-product","3":"status-publish","4":"has-post-thumbnail","6":"product_cat-aromas","7":"product_cat-bano-y-ducha","8":"product_cat-floral","9":"product_cat-jabones-ecologicos-naturales","10":"product_cat-rosa","11":"pa_collection-handcrafted-wild-soap-loaves-1-3-kg-slices-100-140g-es","12":"pa_made-in-reino-unido","13":"pa_size-140g","15":"first","16":"instock","17":"purchasable","18":"product-type-simple"},"supplier_id":null,"supplier_sku":"DSHCS-51","barcode":null,"atum_controlled":true,"out_stock_date":null,"out_stock_threshold":null,"inheritable":false,"inbound_stock":0,"stock_on_hold":0,"sold_today":0,"sales_last_days":0,"reserved_stock":0,"customer_returns":0,"warehouse_damage":0,"lost_in_post":0,"other_logs":0,"out_stock_days":0,"lost_sales":0,"has_location":false,"update_date":"2026-04-27T07:27:47","atum_locations":[],"atum_stock_status":"instock","restock_status":false,"low_stock_amount":"","sales_update_date":"2026-01-30T01:25:39","calc_backorders":null,"_links":{"self":[{"href":"https:\/\/aromasentia.com\/es\/wp-json\/wp\/v2\/product\/240190","targetHints":{"allow":["GET"]}}],"collection":[{"href":"https:\/\/aromasentia.com\/es\/wp-json\/wp\/v2\/product"}],"about":[{"href":"https:\/\/aromasentia.com\/es\/wp-json\/wp\/v2\/types\/product"}],"replies":[{"embeddable":true,"href":"https:\/\/aromasentia.com\/es\/wp-json\/wp\/v2\/comments?post=240190"}],"version-history":[{"count":0,"href":"https:\/\/aromasentia.com\/es\/wp-json\/wp\/v2\/product\/240190\/revisions"}],"wp:featuredmedia":[{"embeddable":true,"href":"https:\/\/aromasentia.com\/es\/wp-json\/wp\/v2\/media\/281541"}],"wp:attachment":[{"href":"https:\/\/aromasentia.com\/es\/wp-json\/wp\/v2\/media?parent=240190"}],"wp:term":[{"taxonomy":"product_brand","embeddable":true,"href":"https:\/\/aromasentia.com\/es\/wp-json\/wp\/v2\/product_brand?post=240190"},{"taxonomy":"product_cat","embeddable":true,"href":"https:\/\/aromasentia.com\/es\/wp-json\/wp\/v2\/product_cat?post=240190"},{"taxonomy":"product_tag","embeddable":true,"href":"https:\/\/aromasentia.com\/es\/wp-json\/wp\/v2\/product_tag?post=240190"}],"curies":[{"name":"wp","href":"https:\/\/api.w.org\/{rel}","templated":true}]}}