{"id":240186,"date":"2025-03-20T16:39:07","date_gmt":"2025-03-20T16:39:07","guid":{"rendered":"https:\/\/aromasentia.com\/product\/verdant-zen-soap-bar-140g\/"},"modified":"2025-10-24T15:42:47","modified_gmt":"2025-10-24T15:42:47","slug":"pastilla-de-jabon-verdant-zen-100g","status":"publish","type":"product","link":"https:\/\/aromasentia.com\/es\/pastilla-de-jabon-verdant-zen-100g\/","title":{"rendered":"Pastilla de Jab\u00f3n Verdant Zen &#8211; 100g"},"content":{"rendered":"<p><span style=\u00abcolor: rgb(75, 80, 88);\u00bb>Descubre el jab\u00f3n artesanal Wild &amp; Natural <strong>Sea Salt &amp; Moss Soap Bar &#8211; 140 g aprox<\/strong>. Transp\u00f3rtate a la escarpada costa con el aroma fresco y vigorizante del jab\u00f3n Sea Salt &amp; Moss. Este jab\u00f3n captura la esencia de la brisa marina, mezclando el aire salado del oc\u00e9ano con la fragancia terrosa del musgo costero. Es una escapada refrescante que revitaliza tus sentidos. Nuestros jabones est\u00e1n elaborados a mano, por lo que puede haber ligeras variaciones en el color o el dise\u00f1o con respecto a las im\u00e1genes proporcionadas.<\/p>\n","protected":false},"excerpt":{"rendered":"<p>Descubre el jab\u00f3n artesanal Wild &amp; Natural Sea Salt &amp; Moss Soap Bar &#8211; 140 g aprox. Transp\u00f3rtate a la escarpada costa con el aroma fresco y vigorizante del jab\u00f3n Sea Salt &amp; Moss. Este jab\u00f3n captura la esencia de la brisa marina, mezclando el aire salado del oc\u00e9ano con la fragancia terrosa del musgo [&hellip;]<\/p>\n","protected":false},"featured_media":281524,"comment_status":"closed","ping_status":"open","template":"","meta":{"_angie_page":false},"product_brand":[],"product_cat":[19453,20592],"product_tag":[],"class_list":{"0":"post-240186","1":"product","2":"type-product","3":"status-publish","4":"has-post-thumbnail","6":"product_cat-bano-y-ducha","7":"product_cat-jabones-ecologicos-naturales","8":"pa_collection-handcrafted-wild-soap-loaves-1-3-kg-slices-100-140g-es","9":"pa_made-in-reino-unido","10":"pa_size-140g","12":"first","13":"outofstock","14":"purchasable","15":"product-type-simple"},"supplier_id":null,"supplier_sku":"DSHCS-50","barcode":null,"atum_controlled":true,"out_stock_date":"2025-09-04 22:30:37","out_stock_threshold":null,"inheritable":false,"inbound_stock":null,"stock_on_hold":0,"sold_today":0,"sales_last_days":0,"reserved_stock":null,"customer_returns":null,"warehouse_damage":null,"lost_in_post":null,"other_logs":null,"out_stock_days":34,"lost_sales":0,"has_location":null,"update_date":"2026-04-27T07:27:47","atum_locations":[],"atum_stock_status":"outofstock","restock_status":false,"low_stock_amount":"","sales_update_date":"2025-10-09T03:22:08","calc_backorders":null,"_links":{"self":[{"href":"https:\/\/aromasentia.com\/es\/wp-json\/wp\/v2\/product\/240186","targetHints":{"allow":["GET"]}}],"collection":[{"href":"https:\/\/aromasentia.com\/es\/wp-json\/wp\/v2\/product"}],"about":[{"href":"https:\/\/aromasentia.com\/es\/wp-json\/wp\/v2\/types\/product"}],"replies":[{"embeddable":true,"href":"https:\/\/aromasentia.com\/es\/wp-json\/wp\/v2\/comments?post=240186"}],"version-history":[{"count":0,"href":"https:\/\/aromasentia.com\/es\/wp-json\/wp\/v2\/product\/240186\/revisions"}],"wp:featuredmedia":[{"embeddable":true,"href":"https:\/\/aromasentia.com\/es\/wp-json\/wp\/v2\/media\/281524"}],"wp:attachment":[{"href":"https:\/\/aromasentia.com\/es\/wp-json\/wp\/v2\/media?parent=240186"}],"wp:term":[{"taxonomy":"product_brand","embeddable":true,"href":"https:\/\/aromasentia.com\/es\/wp-json\/wp\/v2\/product_brand?post=240186"},{"taxonomy":"product_cat","embeddable":true,"href":"https:\/\/aromasentia.com\/es\/wp-json\/wp\/v2\/product_cat?post=240186"},{"taxonomy":"product_tag","embeddable":true,"href":"https:\/\/aromasentia.com\/es\/wp-json\/wp\/v2\/product_tag?post=240186"}],"curies":[{"name":"wp","href":"https:\/\/api.w.org\/{rel}","templated":true}]}}