{"id":240182,"date":"2025-03-20T16:39:07","date_gmt":"2025-03-20T16:39:07","guid":{"rendered":"https:\/\/aromasentia.com\/product\/raspberry-bliss-soap-bar-140g\/"},"modified":"2025-10-24T15:44:20","modified_gmt":"2025-10-24T15:44:20","slug":"pastilla-de-jabon-raspberry-bliss-100g","status":"publish","type":"product","link":"https:\/\/aromasentia.com\/es\/pastilla-de-jabon-raspberry-bliss-100g\/","title":{"rendered":"Pastilla de Jab\u00f3n Raspberry Bliss &#8211; 100g"},"content":{"rendered":"<p><span style=\u00abcolor: rgb(75, 80, 88);\u00bb>Descubre el fant\u00e1stico jab\u00f3n artesanal Wild &amp; Natural <strong>White Fig &amp; Vanilla Soap Bar &#8211; 100 g<\/strong>.&nbsp;D\u00e9jate seducir por la dulce sofisticaci\u00f3n del jab\u00f3n White Fig &amp; Vanilla. Este jab\u00f3n combina las notas c\u00e1lidas y reconfortantes de la vainilla con la delicada esencia afrutada del higo blanco. Es un lujo para tu piel que te dejar\u00e1 con una sensaci\u00f3n de mimo y elegancia. <\/span><\/p>\n<p><span style=\u00abcolor: rgb(75, 80, 88);\u00bb><strong>NOTA:<\/strong> Nuestros jabones est\u00e1n elaborados a mano, por lo que pueden presentar ligeras variaciones en el color o el dise\u00f1o con respecto a las im\u00e1genes mostradas. <\/span><\/p>\n","protected":false},"excerpt":{"rendered":"<p>Descubre el fant\u00e1stico jab\u00f3n artesanal Wild &amp; Natural White Fig &amp; Vanilla Soap Bar &#8211; 100 g.&nbsp;D\u00e9jate seducir por la dulce sofisticaci\u00f3n del jab\u00f3n White Fig &amp; Vanilla. Este jab\u00f3n combina las notas c\u00e1lidas y reconfortantes de la vainilla con la delicada esencia afrutada del higo blanco. Es un lujo para tu piel que te [&hellip;]<\/p>\n","protected":false},"featured_media":281515,"comment_status":"closed","ping_status":"open","template":"","meta":{"_angie_page":false},"product_brand":[],"product_cat":[19453,20592],"product_tag":[],"class_list":{"0":"post-240182","1":"product","2":"type-product","3":"status-publish","4":"has-post-thumbnail","6":"product_cat-bano-y-ducha","7":"product_cat-jabones-ecologicos-naturales","8":"pa_collection-handcrafted-wild-soap-loaves-1-3-kg-slices-100-140g-es","9":"pa_made-in-reino-unido","10":"pa_size-140g","12":"first","13":"instock","14":"purchasable","15":"product-type-simple"},"supplier_id":null,"supplier_sku":"DSHCS-49","barcode":null,"atum_controlled":true,"out_stock_date":null,"out_stock_threshold":null,"inheritable":false,"inbound_stock":null,"stock_on_hold":0,"sold_today":0,"sales_last_days":0,"reserved_stock":null,"customer_returns":null,"warehouse_damage":null,"lost_in_post":null,"other_logs":null,"out_stock_days":0,"lost_sales":0,"has_location":null,"update_date":"2026-05-04T00:02:51","atum_locations":[],"atum_stock_status":"instock","restock_status":false,"low_stock_amount":"","sales_update_date":"2026-01-30T01:24:28","calc_backorders":null,"_links":{"self":[{"href":"https:\/\/aromasentia.com\/es\/wp-json\/wp\/v2\/product\/240182","targetHints":{"allow":["GET"]}}],"collection":[{"href":"https:\/\/aromasentia.com\/es\/wp-json\/wp\/v2\/product"}],"about":[{"href":"https:\/\/aromasentia.com\/es\/wp-json\/wp\/v2\/types\/product"}],"replies":[{"embeddable":true,"href":"https:\/\/aromasentia.com\/es\/wp-json\/wp\/v2\/comments?post=240182"}],"version-history":[{"count":0,"href":"https:\/\/aromasentia.com\/es\/wp-json\/wp\/v2\/product\/240182\/revisions"}],"wp:featuredmedia":[{"embeddable":true,"href":"https:\/\/aromasentia.com\/es\/wp-json\/wp\/v2\/media\/281515"}],"wp:attachment":[{"href":"https:\/\/aromasentia.com\/es\/wp-json\/wp\/v2\/media?parent=240182"}],"wp:term":[{"taxonomy":"product_brand","embeddable":true,"href":"https:\/\/aromasentia.com\/es\/wp-json\/wp\/v2\/product_brand?post=240182"},{"taxonomy":"product_cat","embeddable":true,"href":"https:\/\/aromasentia.com\/es\/wp-json\/wp\/v2\/product_cat?post=240182"},{"taxonomy":"product_tag","embeddable":true,"href":"https:\/\/aromasentia.com\/es\/wp-json\/wp\/v2\/product_tag?post=240182"}],"curies":[{"name":"wp","href":"https:\/\/api.w.org\/{rel}","templated":true}]}}