{"id":240106,"date":"2025-03-20T16:41:57","date_gmt":"2025-03-20T16:41:57","guid":{"rendered":"https:\/\/aromasentia.com\/product\/tangerine-grapefruit-bath-bomb-180g\/"},"modified":"2025-05-31T19:38:14","modified_gmt":"2025-05-31T19:38:14","slug":"bomba-de-bano-mandarina-y-pomelo-180g","status":"publish","type":"product","link":"https:\/\/aromasentia.com\/es\/bomba-de-bano-mandarina-y-pomelo-180g\/","title":{"rendered":"Bomba de Ba\u00f1o Mandarina y Pomelo &#8211; 180g"},"content":{"rendered":"<p>Si buscas un capricho relajante, no busques m\u00e1s. Nuestras Bombas de Ba\u00f1o <strong>EU<\/strong> son perfectas para cualquiera que busque un complemento de alta calidad para el ba\u00f1o con un aspecto y un aroma fant\u00e1sticos. Cada bomba pesa <strong>180 gramos<\/strong> y contiene manteca de karit\u00e9 para que sean m\u00e1s suaves para la piel. Tenemos una gama de fant\u00e1sticas fragancias entre las que elegir, cada una con su color distintivo. Compra varios envases diferentes para crear un expositor llamativo en tu tienda y promocionarlo en tu p\u00e1gina web, \u00a1tus clientes no podr\u00e1n resistirse!<\/p>\n","protected":false},"excerpt":{"rendered":"<p>Si buscas un capricho relajante, no busques m\u00e1s. Nuestras Bombas de Ba\u00f1o EU son perfectas para cualquiera que busque un complemento de alta calidad para el ba\u00f1o con un aspecto y un aroma fant\u00e1sticos. Cada bomba pesa 180 gramos y contiene manteca de karit\u00e9 para que sean m\u00e1s suaves para la piel. Tenemos una gama [&hellip;]<\/p>\n","protected":false},"featured_media":282118,"comment_status":"closed","ping_status":"open","template":"","meta":{"_angie_page":false},"product_brand":[],"product_cat":[25844,19453,20515,26821,26205,26403],"product_tag":[],"class_list":{"0":"post-240106","1":"product","2":"type-product","3":"status-publish","4":"has-post-thumbnail","6":"product_cat-aromas","7":"product_cat-bano-y-ducha","8":"product_cat-bombas-de-bano","9":"product_cat-citrico","10":"product_cat-pomelo","11":"product_cat-tangerina","12":"pa_collection-jumbo-bath-bombs-180g-es","13":"pa_made-in-reino-unido","14":"pa_size-180g","16":"first","17":"outofstock","18":"purchasable","19":"product-type-simple"},"supplier_id":null,"supplier_sku":"DSJBB-13","barcode":null,"atum_controlled":true,"out_stock_date":"2026-04-25 15:14:28","out_stock_threshold":null,"inheritable":false,"inbound_stock":null,"stock_on_hold":0,"sold_today":0,"sales_last_days":0,"reserved_stock":null,"customer_returns":null,"warehouse_damage":null,"lost_in_post":null,"other_logs":null,"out_stock_days":0,"lost_sales":0,"has_location":null,"update_date":"2026-04-27T07:27:51","atum_locations":[],"atum_stock_status":"outofstock","restock_status":false,"low_stock_amount":"","sales_update_date":"2025-10-09T03:22:12","calc_backorders":null,"_links":{"self":[{"href":"https:\/\/aromasentia.com\/es\/wp-json\/wp\/v2\/product\/240106","targetHints":{"allow":["GET"]}}],"collection":[{"href":"https:\/\/aromasentia.com\/es\/wp-json\/wp\/v2\/product"}],"about":[{"href":"https:\/\/aromasentia.com\/es\/wp-json\/wp\/v2\/types\/product"}],"replies":[{"embeddable":true,"href":"https:\/\/aromasentia.com\/es\/wp-json\/wp\/v2\/comments?post=240106"}],"version-history":[{"count":0,"href":"https:\/\/aromasentia.com\/es\/wp-json\/wp\/v2\/product\/240106\/revisions"}],"wp:featuredmedia":[{"embeddable":true,"href":"https:\/\/aromasentia.com\/es\/wp-json\/wp\/v2\/media\/282118"}],"wp:attachment":[{"href":"https:\/\/aromasentia.com\/es\/wp-json\/wp\/v2\/media?parent=240106"}],"wp:term":[{"taxonomy":"product_brand","embeddable":true,"href":"https:\/\/aromasentia.com\/es\/wp-json\/wp\/v2\/product_brand?post=240106"},{"taxonomy":"product_cat","embeddable":true,"href":"https:\/\/aromasentia.com\/es\/wp-json\/wp\/v2\/product_cat?post=240106"},{"taxonomy":"product_tag","embeddable":true,"href":"https:\/\/aromasentia.com\/es\/wp-json\/wp\/v2\/product_tag?post=240106"}],"curies":[{"name":"wp","href":"https:\/\/api.w.org\/{rel}","templated":true}]}}