{"id":240042,"date":"2025-03-20T16:42:55","date_gmt":"2025-03-20T16:42:55","guid":{"rendered":"https:\/\/aromasentia.com\/product\/strawberry-pavlova-red-white-bath-bomb-180g\/"},"modified":"2025-05-31T19:36:44","modified_gmt":"2025-05-31T19:36:44","slug":"pavlova-de-fresa-bomba-de-bano-roja-y-blanca-180g","status":"publish","type":"product","link":"https:\/\/aromasentia.com\/es\/pavlova-de-fresa-bomba-de-bano-roja-y-blanca-180g\/","title":{"rendered":"Pavlova de Fresa &#8211; Bomba de Ba\u00f1o Roja y Blanca &#8211; 180g"},"content":{"rendered":"<p>Estas Bombas de Ba\u00f1o Aroma Sentia-ping Just Desserts &#8211; 180 g son perfectas para cualquiera que busque un producto efervescente para el ba\u00f1o de alta calidad con un aspecto y un aroma fant\u00e1sticos. &nbsp;Cada una de estas Bombas de Ba\u00f1o tiene una fragancia deliciosa y son casi comestibles (pero, por favor, no las comas). <\/p>\n<p>Cada bomba pesa 180 gramos.<\/p>\n","protected":false},"excerpt":{"rendered":"<p>Estas Bombas de Ba\u00f1o Aroma Sentia-ping Just Desserts &#8211; 180 g son perfectas para cualquiera que busque un producto efervescente para el ba\u00f1o de alta calidad con un aspecto y un aroma fant\u00e1sticos. &nbsp;Cada una de estas Bombas de Ba\u00f1o tiene una fragancia deliciosa y son casi comestibles (pero, por favor, no las comas). Cada [&hellip;]<\/p>\n","protected":false},"featured_media":282480,"comment_status":"closed","ping_status":"open","template":"","meta":{"_angie_page":false},"product_brand":[],"product_cat":[25844,19453,20515,26544,26849],"product_tag":[],"class_list":{"0":"post-240042","1":"product","2":"type-product","3":"status-publish","4":"has-post-thumbnail","6":"product_cat-aromas","7":"product_cat-bano-y-ducha","8":"product_cat-bombas-de-bano","9":"product_cat-fresa","10":"product_cat-frutal","11":"pa_collection-just-desserts-bath-bombs-180-g-es","12":"pa_made-in-reino-unido","13":"pa_size-180g","15":"first","16":"outofstock","17":"purchasable","18":"product-type-simple"},"supplier_id":null,"supplier_sku":"DSJDBB-02","barcode":null,"atum_controlled":true,"out_stock_date":"2026-04-25 15:14:56","out_stock_threshold":null,"inheritable":false,"inbound_stock":null,"stock_on_hold":0,"sold_today":0,"sales_last_days":0,"reserved_stock":null,"customer_returns":null,"warehouse_damage":null,"lost_in_post":null,"other_logs":null,"out_stock_days":0,"lost_sales":0,"has_location":null,"update_date":"2026-04-27T06:59:31","atum_locations":[],"atum_stock_status":"outofstock","restock_status":false,"low_stock_amount":"","sales_update_date":"2026-01-30T01:25:25","calc_backorders":null,"_links":{"self":[{"href":"https:\/\/aromasentia.com\/es\/wp-json\/wp\/v2\/product\/240042","targetHints":{"allow":["GET"]}}],"collection":[{"href":"https:\/\/aromasentia.com\/es\/wp-json\/wp\/v2\/product"}],"about":[{"href":"https:\/\/aromasentia.com\/es\/wp-json\/wp\/v2\/types\/product"}],"replies":[{"embeddable":true,"href":"https:\/\/aromasentia.com\/es\/wp-json\/wp\/v2\/comments?post=240042"}],"version-history":[{"count":0,"href":"https:\/\/aromasentia.com\/es\/wp-json\/wp\/v2\/product\/240042\/revisions"}],"wp:featuredmedia":[{"embeddable":true,"href":"https:\/\/aromasentia.com\/es\/wp-json\/wp\/v2\/media\/282480"}],"wp:attachment":[{"href":"https:\/\/aromasentia.com\/es\/wp-json\/wp\/v2\/media?parent=240042"}],"wp:term":[{"taxonomy":"product_brand","embeddable":true,"href":"https:\/\/aromasentia.com\/es\/wp-json\/wp\/v2\/product_brand?post=240042"},{"taxonomy":"product_cat","embeddable":true,"href":"https:\/\/aromasentia.com\/es\/wp-json\/wp\/v2\/product_cat?post=240042"},{"taxonomy":"product_tag","embeddable":true,"href":"https:\/\/aromasentia.com\/es\/wp-json\/wp\/v2\/product_tag?post=240042"}],"curies":[{"name":"wp","href":"https:\/\/api.w.org\/{rel}","templated":true}]}}