{"id":240038,"date":"2025-03-20T16:42:55","date_gmt":"2025-03-20T16:42:55","guid":{"rendered":"https:\/\/aromasentia.com\/product\/angel-delight-blue-white-bath-bomb-180g\/"},"modified":"2025-05-31T19:36:39","modified_gmt":"2025-05-31T19:36:39","slug":"angel-delight-bomba-de-bano-azul-y-blanca-180g","status":"publish","type":"product","link":"https:\/\/aromasentia.com\/es\/angel-delight-bomba-de-bano-azul-y-blanca-180g\/","title":{"rendered":"Angel Delight &#8211; Bomba de Ba\u00f1o Azul y Blanca &#8211; 180g"},"content":{"rendered":"<p>Estas Bombas de Ba\u00f1o Aroma Sentia-ping Just Desserts &#8211; 180 g son perfectas para cualquiera que busque un producto efervescente para el ba\u00f1o de alta calidad con un aspecto y un aroma fant\u00e1sticos. &nbsp;Con una fragancia que hace la boca agua, estas Bombas de Ba\u00f1o son casi tan buenas como para comerlas (pero, por favor, no lo hagas).<\/p>\n<p>Cada bomba pesa 180 gramos. <\/p>\n<p>Tenemos una gama de fant\u00e1sticas fragancias entre las que elegir, cada una con su color distintivo.<\/p>\n","protected":false},"excerpt":{"rendered":"<p>Estas Bombas de Ba\u00f1o Aroma Sentia-ping Just Desserts &#8211; 180 g son perfectas para cualquiera que busque un producto efervescente para el ba\u00f1o de alta calidad con un aspecto y un aroma fant\u00e1sticos. &nbsp;Con una fragancia que hace la boca agua, estas Bombas de Ba\u00f1o son casi tan buenas como para comerlas (pero, por favor, [&hellip;]<\/p>\n","protected":false},"featured_media":282447,"comment_status":"closed","ping_status":"open","template":"","meta":{"_angie_page":false},"product_brand":[],"product_cat":[19453,20515],"product_tag":[],"class_list":{"0":"post-240038","1":"product","2":"type-product","3":"status-publish","4":"has-post-thumbnail","6":"product_cat-bano-y-ducha","7":"product_cat-bombas-de-bano","8":"pa_collection-just-desserts-bath-bombs-180-g-es","9":"pa_made-in-reino-unido","10":"pa_size-180g","12":"first","13":"outofstock","14":"purchasable","15":"product-type-simple"},"supplier_id":null,"supplier_sku":"DSJDBB-01","barcode":null,"atum_controlled":true,"out_stock_date":"2026-04-25 15:14:55","out_stock_threshold":null,"inheritable":false,"inbound_stock":null,"stock_on_hold":0,"sold_today":0,"sales_last_days":0,"reserved_stock":null,"customer_returns":null,"warehouse_damage":null,"lost_in_post":null,"other_logs":null,"out_stock_days":0,"lost_sales":0,"has_location":null,"update_date":"2026-04-27T06:59:31","atum_locations":[],"atum_stock_status":"outofstock","restock_status":false,"low_stock_amount":"","sales_update_date":"2026-01-30T01:25:25","calc_backorders":null,"_links":{"self":[{"href":"https:\/\/aromasentia.com\/es\/wp-json\/wp\/v2\/product\/240038","targetHints":{"allow":["GET"]}}],"collection":[{"href":"https:\/\/aromasentia.com\/es\/wp-json\/wp\/v2\/product"}],"about":[{"href":"https:\/\/aromasentia.com\/es\/wp-json\/wp\/v2\/types\/product"}],"replies":[{"embeddable":true,"href":"https:\/\/aromasentia.com\/es\/wp-json\/wp\/v2\/comments?post=240038"}],"version-history":[{"count":0,"href":"https:\/\/aromasentia.com\/es\/wp-json\/wp\/v2\/product\/240038\/revisions"}],"wp:featuredmedia":[{"embeddable":true,"href":"https:\/\/aromasentia.com\/es\/wp-json\/wp\/v2\/media\/282447"}],"wp:attachment":[{"href":"https:\/\/aromasentia.com\/es\/wp-json\/wp\/v2\/media?parent=240038"}],"wp:term":[{"taxonomy":"product_brand","embeddable":true,"href":"https:\/\/aromasentia.com\/es\/wp-json\/wp\/v2\/product_brand?post=240038"},{"taxonomy":"product_cat","embeddable":true,"href":"https:\/\/aromasentia.com\/es\/wp-json\/wp\/v2\/product_cat?post=240038"},{"taxonomy":"product_tag","embeddable":true,"href":"https:\/\/aromasentia.com\/es\/wp-json\/wp\/v2\/product_tag?post=240038"}],"curies":[{"name":"wp","href":"https:\/\/api.w.org\/{rel}","templated":true}]}}