{"id":240030,"date":"2025-03-20T16:42:55","date_gmt":"2025-03-20T16:42:55","guid":{"rendered":"https:\/\/aromasentia.com\/product\/cinnamon-and-orange-bath-bombs\/"},"modified":"2025-05-31T19:36:31","modified_gmt":"2025-05-31T19:36:31","slug":"bomba-de-bano-de-canela-y-naranja","status":"publish","type":"product","link":"https:\/\/aromasentia.com\/es\/bomba-de-bano-de-canela-y-naranja\/","title":{"rendered":"Bomba de Ba\u00f1o de Canela y Naranja"},"content":{"rendered":"<p>Si te gusta vender fragancias c\u00e1lidas para las fr\u00edas noches que se avecinan, has encontrado la bomba de ba\u00f1o perfecta.&nbsp;<\/p>\n<p>Estas Bombas de Ba\u00f1o tambi\u00e9n tienen una excelente relaci\u00f3n calidad-precio. Cada bola pesa m\u00e1s de 180 gramos y contiene manteca de karit\u00e9 para que sean m\u00e1s suaves para la piel.&nbsp;<\/p>\n<p>Tenemos una gama de fant\u00e1sticas fragancias para elegir, cada una con su color distintivo.&nbsp;<\/p>\n<p>Vienen envueltas individualmente en papel de aluminio para mayor seguridad.&nbsp;<\/p>\n<p>A\u00f1\u00e1delas a tu tienda y tus clientes no podr\u00e1n resistirse.<\/p>\n","protected":false},"excerpt":{"rendered":"<p>Si te gusta vender fragancias c\u00e1lidas para las fr\u00edas noches que se avecinan, has encontrado la bomba de ba\u00f1o perfecta.&nbsp; Estas Bombas de Ba\u00f1o tambi\u00e9n tienen una excelente relaci\u00f3n calidad-precio. Cada bola pesa m\u00e1s de 180 gramos y contiene manteca de karit\u00e9 para que sean m\u00e1s suaves para la piel.&nbsp; Tenemos una gama de fant\u00e1sticas [&hellip;]<\/p>\n","protected":false},"featured_media":282421,"comment_status":"closed","ping_status":"open","template":"","meta":{"_angie_page":false},"product_brand":[],"product_cat":[25844,19453,20515,26132,26821,26891,26309],"product_tag":[],"class_list":{"0":"post-240030","1":"product","2":"type-product","3":"status-publish","4":"has-post-thumbnail","6":"product_cat-aromas","7":"product_cat-bano-y-ducha","8":"product_cat-bombas-de-bano","9":"product_cat-canela","10":"product_cat-citrico","11":"product_cat-especiado","12":"product_cat-naranja","13":"pa_collection-jumbo-bath-bombs-180g-es","14":"pa_made-in-reino-unido","16":"first","17":"outofstock","18":"purchasable","19":"product-type-simple"},"supplier_id":null,"supplier_sku":"DSJBB-CC1","barcode":null,"atum_controlled":true,"out_stock_date":"2026-04-25 15:14:56","out_stock_threshold":null,"inheritable":false,"inbound_stock":0,"stock_on_hold":0,"sold_today":0,"sales_last_days":0,"reserved_stock":0,"customer_returns":0,"warehouse_damage":0,"lost_in_post":0,"other_logs":0,"out_stock_days":0,"lost_sales":0,"has_location":false,"update_date":"2026-04-27T06:59:31","atum_locations":[],"atum_stock_status":"outofstock","restock_status":false,"low_stock_amount":"","sales_update_date":"2026-01-30T01:24:23","calc_backorders":null,"_links":{"self":[{"href":"https:\/\/aromasentia.com\/es\/wp-json\/wp\/v2\/product\/240030","targetHints":{"allow":["GET"]}}],"collection":[{"href":"https:\/\/aromasentia.com\/es\/wp-json\/wp\/v2\/product"}],"about":[{"href":"https:\/\/aromasentia.com\/es\/wp-json\/wp\/v2\/types\/product"}],"replies":[{"embeddable":true,"href":"https:\/\/aromasentia.com\/es\/wp-json\/wp\/v2\/comments?post=240030"}],"version-history":[{"count":0,"href":"https:\/\/aromasentia.com\/es\/wp-json\/wp\/v2\/product\/240030\/revisions"}],"wp:featuredmedia":[{"embeddable":true,"href":"https:\/\/aromasentia.com\/es\/wp-json\/wp\/v2\/media\/282421"}],"wp:attachment":[{"href":"https:\/\/aromasentia.com\/es\/wp-json\/wp\/v2\/media?parent=240030"}],"wp:term":[{"taxonomy":"product_brand","embeddable":true,"href":"https:\/\/aromasentia.com\/es\/wp-json\/wp\/v2\/product_brand?post=240030"},{"taxonomy":"product_cat","embeddable":true,"href":"https:\/\/aromasentia.com\/es\/wp-json\/wp\/v2\/product_cat?post=240030"},{"taxonomy":"product_tag","embeddable":true,"href":"https:\/\/aromasentia.com\/es\/wp-json\/wp\/v2\/product_tag?post=240030"}],"curies":[{"name":"wp","href":"https:\/\/api.w.org\/{rel}","templated":true}]}}