{"id":239978,"date":"2025-03-20T16:43:54","date_gmt":"2025-03-20T16:43:54","guid":{"rendered":"https:\/\/aromasentia.com\/product\/1x-lavender-marjoram\/"},"modified":"2025-05-31T19:35:43","modified_gmt":"2025-05-31T19:35:43","slug":"bombas-de-bano-lavanda-y-mejorana","status":"publish","type":"product","link":"https:\/\/aromasentia.com\/es\/bombas-de-bano-lavanda-y-mejorana\/","title":{"rendered":"Bombas de Ba\u00f1o Lavanda Y Mejorana"},"content":{"rendered":"<p><span style=\u00abcolor: rgb(75, 80, 88);\u00bb>Si est\u00e1s buscando una oportunidad para revender Bombas de Ba\u00f1o efervescentes, echa un vistazo a nuestra gama de <strong>Aroma Sentia <\/strong> <strong>Bombas de Ba\u00f1o con aceites esenciales. <\/strong>&nbsp;<\/span><\/p>\n<p><span style=\u00abcolor: rgb(75, 80, 88);\u00bb>Son m\u00e1s peque\u00f1as que nuestras Bombas de Ba\u00f1o Jumbo, pero suficientes para que tu ba\u00f1o sea perfectamente relajante. Tenemos una interesante gama entre la que elegir, cada una con su propio color, aroma y efecto distintivos. Cada bomba pesa entre 120 y 140 gramos y contiene mezclas de aceites esenciales para disfrutar de un relajante ba\u00f1o de aromaterapia. <\/span><\/p>\n<p><span style=\u00abcolor: rgb(141, 186, 216);\u00bb><strong>Por cada tres Bombas de Ba\u00f1o del mismo tama\u00f1o compradas de cualquier gama, el pedido se enviar\u00e1 en una caja de regalo de cart\u00f3n de estilo natural gratuita. &nbsp;<\/strong><\/span><\/p>\n<p><span style=\u00abcolor: rgb(141, 186, 216);\u00bb><strong>Incluye lista de ingredientes a todo color.<\/strong><\/span><\/p>\n","protected":false},"excerpt":{"rendered":"<p>Si est\u00e1s buscando una oportunidad para revender Bombas de Ba\u00f1o efervescentes, echa un vistazo a nuestra gama de Aroma Sentia Bombas de Ba\u00f1o con aceites esenciales. &nbsp; Son m\u00e1s peque\u00f1as que nuestras Bombas de Ba\u00f1o Jumbo, pero suficientes para que tu ba\u00f1o sea perfectamente relajante. Tenemos una interesante gama entre la que elegir, cada una [&hellip;]<\/p>\n","protected":false},"featured_media":283056,"comment_status":"closed","ping_status":"open","template":"","meta":[],"product_brand":[],"product_cat":[25844,19453,26835,26863,26235,26267],"product_tag":[],"class_list":{"0":"post-239978","1":"product","2":"type-product","3":"status-publish","4":"has-post-thumbnail","6":"product_cat-aromas","7":"product_cat-bano-y-ducha","8":"product_cat-floral","9":"product_cat-herbal-aromatico","10":"product_cat-lavanda","11":"product_cat-mejorana-espanola","12":"pa_made-in-reino-unido","14":"first","15":"outofstock","16":"purchasable","17":"product-type-simple"},"supplier_id":null,"supplier_sku":"EBB-01","barcode":null,"atum_controlled":true,"out_stock_date":"2025-10-09 13:11:47","out_stock_threshold":null,"inheritable":false,"inbound_stock":null,"stock_on_hold":0,"sold_today":0,"sales_last_days":0,"reserved_stock":null,"customer_returns":null,"warehouse_damage":null,"lost_in_post":null,"other_logs":null,"out_stock_days":112,"lost_sales":0,"has_location":null,"update_date":"2026-01-30T01:25:21","atum_locations":[],"atum_stock_status":"outofstock","restock_status":false,"low_stock_amount":"","sales_update_date":"2026-01-30T01:25:21","calc_backorders":null,"_links":{"self":[{"href":"https:\/\/aromasentia.com\/es\/wp-json\/wp\/v2\/product\/239978","targetHints":{"allow":["GET"]}}],"collection":[{"href":"https:\/\/aromasentia.com\/es\/wp-json\/wp\/v2\/product"}],"about":[{"href":"https:\/\/aromasentia.com\/es\/wp-json\/wp\/v2\/types\/product"}],"replies":[{"embeddable":true,"href":"https:\/\/aromasentia.com\/es\/wp-json\/wp\/v2\/comments?post=239978"}],"version-history":[{"count":0,"href":"https:\/\/aromasentia.com\/es\/wp-json\/wp\/v2\/product\/239978\/revisions"}],"wp:featuredmedia":[{"embeddable":true,"href":"https:\/\/aromasentia.com\/es\/wp-json\/wp\/v2\/media\/283056"}],"wp:attachment":[{"href":"https:\/\/aromasentia.com\/es\/wp-json\/wp\/v2\/media?parent=239978"}],"wp:term":[{"taxonomy":"product_brand","embeddable":true,"href":"https:\/\/aromasentia.com\/es\/wp-json\/wp\/v2\/product_brand?post=239978"},{"taxonomy":"product_cat","embeddable":true,"href":"https:\/\/aromasentia.com\/es\/wp-json\/wp\/v2\/product_cat?post=239978"},{"taxonomy":"product_tag","embeddable":true,"href":"https:\/\/aromasentia.com\/es\/wp-json\/wp\/v2\/product_tag?post=239978"}],"curies":[{"name":"wp","href":"https:\/\/api.w.org\/{rel}","templated":true}]}}