{"id":239858,"date":"2025-03-20T16:45:23","date_gmt":"2025-03-20T16:45:23","guid":{"rendered":"https:\/\/aromasentia.com\/product\/snowflake-bath-bomb-blueberries\/"},"modified":"2025-05-31T19:33:25","modified_gmt":"2025-05-31T19:33:25","slug":"bomba-de-bano-de-copo-de-nieve-arandanos","status":"publish","type":"product","link":"https:\/\/aromasentia.com\/es\/bomba-de-bano-de-copo-de-nieve-arandanos\/","title":{"rendered":"Bomba de ba\u00f1o de copo de nieve &#8211; Ar\u00e1ndanos"},"content":{"rendered":"<p>Tenemos una gran selecci\u00f3n para que elijas, todos con aromas deliciosos y decorados con mucho detalle. Son ideales para regalar o simplemente para darse un capricho, \u00a1a ni\u00f1os y adultos les ENCANTAN!<\/p>\n<p>Cada variante tiene su propio aroma y color, lo que hace que el ba\u00f1o huela de maravilla. Los productos de ba\u00f1o siempre se venden muy bien, \u00bfa qui\u00e9n no le gusta darse un buen ba\u00f1o? Con nuestros impresionantes dise\u00f1os y aromas, tus clientes no podr\u00e1n resistirse&#8230;<\/p>\n","protected":false},"excerpt":{"rendered":"<p>Tenemos una gran selecci\u00f3n para que elijas, todos con aromas deliciosos y decorados con mucho detalle. Son ideales para regalar o simplemente para darse un capricho, \u00a1a ni\u00f1os y adultos les ENCANTAN! Cada variante tiene su propio aroma y color, lo que hace que el ba\u00f1o huela de maravilla. Los productos de ba\u00f1o siempre se [&hellip;]<\/p>\n","protected":false},"featured_media":283533,"comment_status":"closed","ping_status":"open","template":"","meta":{"_angie_page":false},"product_brand":[],"product_cat":[19453,20515],"product_tag":[],"class_list":{"0":"post-239858","1":"product","2":"type-product","3":"status-publish","4":"has-post-thumbnail","6":"product_cat-bano-y-ducha","7":"product_cat-bombas-de-bano","8":"pa_collection-funky-bath-bombs-180g-individually-shrink-wrapped-es","9":"pa_made-in-reino-unido","11":"first","12":"instock","13":"purchasable","14":"product-type-simple"},"supplier_id":null,"supplier_sku":"FBB-07","barcode":null,"atum_controlled":true,"out_stock_date":null,"out_stock_threshold":null,"inheritable":false,"inbound_stock":null,"stock_on_hold":0,"sold_today":0,"sales_last_days":0,"reserved_stock":null,"customer_returns":null,"warehouse_damage":null,"lost_in_post":null,"other_logs":null,"out_stock_days":0,"lost_sales":0,"has_location":null,"update_date":"2026-05-11T01:55:51","atum_locations":[],"atum_stock_status":"instock","restock_status":false,"low_stock_amount":"","sales_update_date":"2026-01-30T01:26:31","calc_backorders":null,"_links":{"self":[{"href":"https:\/\/aromasentia.com\/es\/wp-json\/wp\/v2\/product\/239858","targetHints":{"allow":["GET"]}}],"collection":[{"href":"https:\/\/aromasentia.com\/es\/wp-json\/wp\/v2\/product"}],"about":[{"href":"https:\/\/aromasentia.com\/es\/wp-json\/wp\/v2\/types\/product"}],"replies":[{"embeddable":true,"href":"https:\/\/aromasentia.com\/es\/wp-json\/wp\/v2\/comments?post=239858"}],"version-history":[{"count":0,"href":"https:\/\/aromasentia.com\/es\/wp-json\/wp\/v2\/product\/239858\/revisions"}],"wp:featuredmedia":[{"embeddable":true,"href":"https:\/\/aromasentia.com\/es\/wp-json\/wp\/v2\/media\/283533"}],"wp:attachment":[{"href":"https:\/\/aromasentia.com\/es\/wp-json\/wp\/v2\/media?parent=239858"}],"wp:term":[{"taxonomy":"product_brand","embeddable":true,"href":"https:\/\/aromasentia.com\/es\/wp-json\/wp\/v2\/product_brand?post=239858"},{"taxonomy":"product_cat","embeddable":true,"href":"https:\/\/aromasentia.com\/es\/wp-json\/wp\/v2\/product_cat?post=239858"},{"taxonomy":"product_tag","embeddable":true,"href":"https:\/\/aromasentia.com\/es\/wp-json\/wp\/v2\/product_tag?post=239858"}],"curies":[{"name":"wp","href":"https:\/\/api.w.org\/{rel}","templated":true}]}}