{"id":239830,"date":"2025-03-20T16:46:43","date_gmt":"2025-03-20T16:46:43","guid":{"rendered":"https:\/\/aromasentia.com\/product\/flower-guest-soaps-geranium\/"},"modified":"2025-05-31T19:32:52","modified_gmt":"2025-05-31T19:32:52","slug":"flower-guest-soaps-geranium","status":"publish","type":"product","link":"https:\/\/aromasentia.com\/es\/flower-guest-soaps-geranium\/","title":{"rendered":"Flower Guest Soaps &#8211; Geranium"},"content":{"rendered":"<p>Los jabones con forma de flor de geranio tienen el tama\u00f1o perfecto para los hu\u00e9spedes. Tienen un agradable aroma floral y unas propiedades espumosas incre\u00edbles. Dale a tus invitados un buen comienzo de d\u00eda con algo especial que les recuerde su estancia contigo. Les dejar\u00e1 con una sensaci\u00f3n de limpieza, hidrataci\u00f3n y un aroma maravilloso. Los jabones para invitados con forma de flor pesan aproximadamente 25 gramos cada uno y miden unos 4 cm. No contienen SLS ni parabenos.<\/p>\n","protected":false},"excerpt":{"rendered":"<p>Los jabones con forma de flor de geranio tienen el tama\u00f1o perfecto para los hu\u00e9spedes. Tienen un agradable aroma floral y unas propiedades espumosas incre\u00edbles. Dale a tus invitados un buen comienzo de d\u00eda con algo especial que les recuerde su estancia contigo. Les dejar\u00e1 con una sensaci\u00f3n de limpieza, hidrataci\u00f3n y un aroma maravilloso. [&hellip;]<\/p>\n","protected":false},"featured_media":283795,"comment_status":"closed","ping_status":"open","template":"","meta":{"_angie_page":false},"product_brand":[],"product_cat":[25844,19453,26835,26189,20592],"product_tag":[],"class_list":{"0":"post-239830","1":"product","2":"type-product","3":"status-publish","4":"has-post-thumbnail","6":"product_cat-aromas","7":"product_cat-bano-y-ducha","8":"product_cat-floral","9":"product_cat-incienso","10":"product_cat-jabones-ecologicos-naturales","11":"pa_collection-flower-shaped-guest-soaps-es","12":"pa_made-in-reino-unido","14":"first","15":"instock","16":"purchasable","17":"product-type-simple"},"supplier_id":null,"supplier_sku":"FGSoap-04","barcode":null,"atum_controlled":true,"out_stock_date":null,"out_stock_threshold":null,"inheritable":false,"inbound_stock":null,"stock_on_hold":0,"sold_today":0,"sales_last_days":0,"reserved_stock":null,"customer_returns":null,"warehouse_damage":null,"lost_in_post":null,"other_logs":null,"out_stock_days":0,"lost_sales":0,"has_location":null,"update_date":"2026-04-30T19:05:32","atum_locations":[],"atum_stock_status":"instock","restock_status":false,"low_stock_amount":"","sales_update_date":"2025-09-05T00:19:06","calc_backorders":null,"_links":{"self":[{"href":"https:\/\/aromasentia.com\/es\/wp-json\/wp\/v2\/product\/239830","targetHints":{"allow":["GET"]}}],"collection":[{"href":"https:\/\/aromasentia.com\/es\/wp-json\/wp\/v2\/product"}],"about":[{"href":"https:\/\/aromasentia.com\/es\/wp-json\/wp\/v2\/types\/product"}],"replies":[{"embeddable":true,"href":"https:\/\/aromasentia.com\/es\/wp-json\/wp\/v2\/comments?post=239830"}],"version-history":[{"count":0,"href":"https:\/\/aromasentia.com\/es\/wp-json\/wp\/v2\/product\/239830\/revisions"}],"wp:featuredmedia":[{"embeddable":true,"href":"https:\/\/aromasentia.com\/es\/wp-json\/wp\/v2\/media\/283795"}],"wp:attachment":[{"href":"https:\/\/aromasentia.com\/es\/wp-json\/wp\/v2\/media?parent=239830"}],"wp:term":[{"taxonomy":"product_brand","embeddable":true,"href":"https:\/\/aromasentia.com\/es\/wp-json\/wp\/v2\/product_brand?post=239830"},{"taxonomy":"product_cat","embeddable":true,"href":"https:\/\/aromasentia.com\/es\/wp-json\/wp\/v2\/product_cat?post=239830"},{"taxonomy":"product_tag","embeddable":true,"href":"https:\/\/aromasentia.com\/es\/wp-json\/wp\/v2\/product_tag?post=239830"}],"curies":[{"name":"wp","href":"https:\/\/api.w.org\/{rel}","templated":true}]}}