{"id":239754,"date":"2025-03-20T16:47:59","date_gmt":"2025-03-20T16:47:59","guid":{"rendered":"https:\/\/aromasentia.com\/product\/ginger-orange-hand-body-wash-300ml\/"},"modified":"2025-05-31T19:30:59","modified_gmt":"2025-05-31T19:30:59","slug":"gel-de-bano-para-manos-y-cuerpo-jengibre-y-naranja","status":"publish","type":"product","link":"https:\/\/aromasentia.com\/es\/gel-de-bano-para-manos-y-cuerpo-jengibre-y-naranja\/","title":{"rendered":"Gel de Ba\u00f1o para manos y cuerpo &#8211; Jengibre y Naranja"},"content":{"rendered":"<p>Este jab\u00f3n l\u00edquido corporal de jengibre y naranja es un producto ideal para mantener la piel de sus clientes limpia, hidratada y perfumada.&nbsp;<\/p>\n<p>Desde la aromaterapia, el jengibre se utiliza para reducir el estr\u00e9s y promover la relajaci\u00f3n. La naranja aportar\u00e1 aroma y frescor.&nbsp;<\/p>\n<p>Modo de uso: &nbsp;a\u00f1ada la cantidad de jab\u00f3n deseada, enjabone manos y cuerpo si lo desea. Dejar\u00e1 una sensaci\u00f3n de frescura y suavidad. Ideal para ducharse o lavarse las manos.&nbsp;<\/p>\n","protected":false},"excerpt":{"rendered":"<p>Este jab\u00f3n l\u00edquido corporal de jengibre y naranja es un producto ideal para mantener la piel de sus clientes limpia, hidratada y perfumada.&nbsp; Desde la aromaterapia, el jengibre se utiliza para reducir el estr\u00e9s y promover la relajaci\u00f3n. La naranja aportar\u00e1 aroma y frescor.&nbsp; Modo de uso: &nbsp;a\u00f1ada la cantidad de jab\u00f3n deseada, enjabone manos [&hellip;]<\/p>\n","protected":false},"featured_media":284224,"comment_status":"closed","ping_status":"open","template":"","meta":{"_angie_page":false},"product_brand":[27071],"product_cat":[25844,19453,26821,20992,26891,26192,26309],"product_tag":[],"class_list":{"0":"post-239754","1":"product","2":"type-product","3":"status-publish","4":"has-post-thumbnail","6":"product_brand-aw-cosmetics","7":"product_cat-aromas","8":"product_cat-bano-y-ducha","9":"product_cat-citrico","10":"product_cat-cuidado-corporal","11":"product_cat-especiado","12":"product_cat-geranio","13":"product_cat-naranja","14":"pa_collection-fragranced-hand-body-wash-es","15":"pa_made-in-reino-unido","16":"pa_size-300ml","18":"first","19":"instock","20":"purchasable","21":"product-type-simple"},"supplier_id":null,"supplier_sku":"FHBW-01","barcode":null,"atum_controlled":true,"out_stock_date":null,"out_stock_threshold":null,"inheritable":false,"inbound_stock":null,"stock_on_hold":0,"sold_today":0,"sales_last_days":0,"reserved_stock":null,"customer_returns":null,"warehouse_damage":null,"lost_in_post":null,"other_logs":null,"out_stock_days":0,"lost_sales":0,"has_location":null,"update_date":"2026-04-27T07:03:21","atum_locations":[],"atum_stock_status":"instock","restock_status":false,"low_stock_amount":"","sales_update_date":"2025-09-05T00:19:10","calc_backorders":null,"_links":{"self":[{"href":"https:\/\/aromasentia.com\/es\/wp-json\/wp\/v2\/product\/239754","targetHints":{"allow":["GET"]}}],"collection":[{"href":"https:\/\/aromasentia.com\/es\/wp-json\/wp\/v2\/product"}],"about":[{"href":"https:\/\/aromasentia.com\/es\/wp-json\/wp\/v2\/types\/product"}],"replies":[{"embeddable":true,"href":"https:\/\/aromasentia.com\/es\/wp-json\/wp\/v2\/comments?post=239754"}],"version-history":[{"count":0,"href":"https:\/\/aromasentia.com\/es\/wp-json\/wp\/v2\/product\/239754\/revisions"}],"wp:featuredmedia":[{"embeddable":true,"href":"https:\/\/aromasentia.com\/es\/wp-json\/wp\/v2\/media\/284224"}],"wp:attachment":[{"href":"https:\/\/aromasentia.com\/es\/wp-json\/wp\/v2\/media?parent=239754"}],"wp:term":[{"taxonomy":"product_brand","embeddable":true,"href":"https:\/\/aromasentia.com\/es\/wp-json\/wp\/v2\/product_brand?post=239754"},{"taxonomy":"product_cat","embeddable":true,"href":"https:\/\/aromasentia.com\/es\/wp-json\/wp\/v2\/product_cat?post=239754"},{"taxonomy":"product_tag","embeddable":true,"href":"https:\/\/aromasentia.com\/es\/wp-json\/wp\/v2\/product_tag?post=239754"}],"curies":[{"name":"wp","href":"https:\/\/api.w.org\/{rel}","templated":true}]}}