{"id":239746,"date":"2025-03-20T16:47:59","date_gmt":"2025-03-20T16:47:59","guid":{"rendered":"https:\/\/aromasentia.com\/product\/mango-lime-hand-body-wash-300ml\/"},"modified":"2025-05-31T19:30:49","modified_gmt":"2025-05-31T19:30:49","slug":"gel-de-bano-para-manos-y-cuerpo-mango-y-lima","status":"publish","type":"product","link":"https:\/\/aromasentia.com\/es\/gel-de-bano-para-manos-y-cuerpo-mango-y-lima\/","title":{"rendered":"Gel de Ba\u00f1o para manos y cuerpo  &#8211; Mango y Lima"},"content":{"rendered":"<p>Aroma Sentia vende jab\u00f3n l\u00edquido al por mayor.&nbsp;<\/p>\n<p>Aportar\u00e1 hidrataci\u00f3n y limpieza, adem\u00e1s de un aroma incre\u00edble que captar\u00e1 la atenci\u00f3n de sus clientes. Este jab\u00f3n es de mando y lima.&nbsp;<\/p>\n<p>Modo de uso: &nbsp;a\u00f1ada la cantidad de jab\u00f3n deseada, enjabone manos y cuerpo si lo desea. &nbsp;Ideal para ducharse o lavarse las manos.<\/p>\n<p>Este jab\u00f3n tiene una capacidad de 300 ml.<\/p>\n<p>Solo venta al por mayor.<\/p>\n","protected":false},"excerpt":{"rendered":"<p>Aroma Sentia vende jab\u00f3n l\u00edquido al por mayor.&nbsp; Aportar\u00e1 hidrataci\u00f3n y limpieza, adem\u00e1s de un aroma incre\u00edble que captar\u00e1 la atenci\u00f3n de sus clientes. Este jab\u00f3n es de mando y lima.&nbsp; Modo de uso: &nbsp;a\u00f1ada la cantidad de jab\u00f3n deseada, enjabone manos y cuerpo si lo desea. &nbsp;Ideal para ducharse o lavarse las manos. Este [&hellip;]<\/p>\n","protected":false},"featured_media":284206,"comment_status":"closed","ping_status":"open","template":"","meta":{"_angie_page":false},"product_brand":[27071],"product_cat":[25844,19453,26821,20992,26258],"product_tag":[],"class_list":{"0":"post-239746","1":"product","2":"type-product","3":"status-publish","4":"has-post-thumbnail","6":"product_brand-aw-cosmetics","7":"product_cat-aromas","8":"product_cat-bano-y-ducha","9":"product_cat-citrico","10":"product_cat-cuidado-corporal","11":"product_cat-lima","12":"pa_collection-fragranced-hand-body-wash-es","13":"pa_made-in-reino-unido","14":"pa_size-300ml","16":"first","17":"instock","18":"purchasable","19":"product-type-simple"},"supplier_id":null,"supplier_sku":"FHBW-03","barcode":null,"atum_controlled":true,"out_stock_date":null,"out_stock_threshold":null,"inheritable":false,"inbound_stock":null,"stock_on_hold":0,"sold_today":0,"sales_last_days":0,"reserved_stock":null,"customer_returns":null,"warehouse_damage":null,"lost_in_post":null,"other_logs":null,"out_stock_days":0,"lost_sales":0,"has_location":null,"update_date":"2026-04-27T07:03:21","atum_locations":[],"atum_stock_status":"instock","restock_status":false,"low_stock_amount":"","sales_update_date":"2026-01-30T01:24:44","calc_backorders":null,"_links":{"self":[{"href":"https:\/\/aromasentia.com\/es\/wp-json\/wp\/v2\/product\/239746","targetHints":{"allow":["GET"]}}],"collection":[{"href":"https:\/\/aromasentia.com\/es\/wp-json\/wp\/v2\/product"}],"about":[{"href":"https:\/\/aromasentia.com\/es\/wp-json\/wp\/v2\/types\/product"}],"replies":[{"embeddable":true,"href":"https:\/\/aromasentia.com\/es\/wp-json\/wp\/v2\/comments?post=239746"}],"version-history":[{"count":0,"href":"https:\/\/aromasentia.com\/es\/wp-json\/wp\/v2\/product\/239746\/revisions"}],"wp:featuredmedia":[{"embeddable":true,"href":"https:\/\/aromasentia.com\/es\/wp-json\/wp\/v2\/media\/284206"}],"wp:attachment":[{"href":"https:\/\/aromasentia.com\/es\/wp-json\/wp\/v2\/media?parent=239746"}],"wp:term":[{"taxonomy":"product_brand","embeddable":true,"href":"https:\/\/aromasentia.com\/es\/wp-json\/wp\/v2\/product_brand?post=239746"},{"taxonomy":"product_cat","embeddable":true,"href":"https:\/\/aromasentia.com\/es\/wp-json\/wp\/v2\/product_cat?post=239746"},{"taxonomy":"product_tag","embeddable":true,"href":"https:\/\/aromasentia.com\/es\/wp-json\/wp\/v2\/product_tag?post=239746"}],"curies":[{"name":"wp","href":"https:\/\/api.w.org\/{rel}","templated":true}]}}