{"id":239742,"date":"2025-03-20T16:47:59","date_gmt":"2025-03-20T16:47:59","guid":{"rendered":"https:\/\/aromasentia.com\/product\/raspberry-pomegranate-hand-body-wash-300ml\/"},"modified":"2025-05-31T19:30:43","modified_gmt":"2025-05-31T19:30:43","slug":"gel-de-bano-para-manos-y-cuerpo-frambuesa-y-granada","status":"publish","type":"product","link":"https:\/\/aromasentia.com\/es\/gel-de-bano-para-manos-y-cuerpo-frambuesa-y-granada\/","title":{"rendered":"Gel de Ba\u00f1o para manos y cuerpo  &#8211; Frambuesa y Granada"},"content":{"rendered":"<p>Los jabones corporales de Aroma Sentia Espa\u00f1a est\u00e1n dise\u00f1ados para limpiar y nutrir la piel al mismo tiempo. Aportando adem\u00e1s un aroma incre\u00edble y refrescante.<\/p>\n<p>Este producto se vende en pack de 4 unidades.&nbsp;<\/p>\n<p>Modo de uso: &nbsp;a\u00f1ada la cantidad de jab\u00f3n deseada, enjabone manos y cuerpo si lo desea. Ideal para ducharse o lavarse las manos. <\/p>\n<p>Este jab\u00f3n tiene una capacidad de 300 ml.<\/p>\n<p><strong>Solo venta al por mayor.<\/strong><\/p>\n","protected":false},"excerpt":{"rendered":"<p>Los jabones corporales de Aroma Sentia Espa\u00f1a est\u00e1n dise\u00f1ados para limpiar y nutrir la piel al mismo tiempo. Aportando adem\u00e1s un aroma incre\u00edble y refrescante. Este producto se vende en pack de 4 unidades.&nbsp; Modo de uso: &nbsp;a\u00f1ada la cantidad de jab\u00f3n deseada, enjabone manos y cuerpo si lo desea. Ideal para ducharse o lavarse [&hellip;]<\/p>\n","protected":false},"featured_media":284197,"comment_status":"closed","ping_status":"open","template":"","meta":{"_angie_page":false},"product_brand":[27071],"product_cat":[25844,19453,20992,26849,26498],"product_tag":[],"class_list":{"0":"post-239742","1":"product","2":"type-product","3":"status-publish","4":"has-post-thumbnail","6":"product_brand-aw-cosmetics","7":"product_cat-aromas","8":"product_cat-bano-y-ducha","9":"product_cat-cuidado-corporal","10":"product_cat-frutal","11":"product_cat-granada","12":"pa_collection-fragranced-hand-body-wash-es","13":"pa_made-in-reino-unido","14":"pa_size-300ml","16":"first","17":"instock","18":"purchasable","19":"product-type-simple"},"supplier_id":null,"supplier_sku":"FHBW-04","barcode":null,"atum_controlled":true,"out_stock_date":null,"out_stock_threshold":null,"inheritable":false,"inbound_stock":0,"stock_on_hold":0,"sold_today":0,"sales_last_days":0,"reserved_stock":0,"customer_returns":0,"warehouse_damage":0,"lost_in_post":0,"other_logs":0,"out_stock_days":0,"lost_sales":0,"has_location":false,"update_date":"2026-04-27T07:03:21","atum_locations":[],"atum_stock_status":"instock","restock_status":false,"low_stock_amount":"","sales_update_date":"2026-01-30T01:24:49","calc_backorders":null,"_links":{"self":[{"href":"https:\/\/aromasentia.com\/es\/wp-json\/wp\/v2\/product\/239742","targetHints":{"allow":["GET"]}}],"collection":[{"href":"https:\/\/aromasentia.com\/es\/wp-json\/wp\/v2\/product"}],"about":[{"href":"https:\/\/aromasentia.com\/es\/wp-json\/wp\/v2\/types\/product"}],"replies":[{"embeddable":true,"href":"https:\/\/aromasentia.com\/es\/wp-json\/wp\/v2\/comments?post=239742"}],"version-history":[{"count":0,"href":"https:\/\/aromasentia.com\/es\/wp-json\/wp\/v2\/product\/239742\/revisions"}],"wp:featuredmedia":[{"embeddable":true,"href":"https:\/\/aromasentia.com\/es\/wp-json\/wp\/v2\/media\/284197"}],"wp:attachment":[{"href":"https:\/\/aromasentia.com\/es\/wp-json\/wp\/v2\/media?parent=239742"}],"wp:term":[{"taxonomy":"product_brand","embeddable":true,"href":"https:\/\/aromasentia.com\/es\/wp-json\/wp\/v2\/product_brand?post=239742"},{"taxonomy":"product_cat","embeddable":true,"href":"https:\/\/aromasentia.com\/es\/wp-json\/wp\/v2\/product_cat?post=239742"},{"taxonomy":"product_tag","embeddable":true,"href":"https:\/\/aromasentia.com\/es\/wp-json\/wp\/v2\/product_tag?post=239742"}],"curies":[{"name":"wp","href":"https:\/\/api.w.org\/{rel}","templated":true}]}}