{"id":239738,"date":"2025-03-20T16:47:59","date_gmt":"2025-03-20T16:47:59","guid":{"rendered":"https:\/\/aromasentia.com\/product\/coconut-lemon-hand-body-wash-300ml\/"},"modified":"2025-05-31T19:30:39","modified_gmt":"2025-05-31T19:30:39","slug":"gel-de-bano-para-manos-y-cuerpo-coco-y-limon","status":"publish","type":"product","link":"https:\/\/aromasentia.com\/es\/gel-de-bano-para-manos-y-cuerpo-coco-y-limon\/","title":{"rendered":"Gel de Ba\u00f1o para manos y cuerpo  &#8211; Coco y Lim\u00f3n"},"content":{"rendered":"<p>\u00a1Ampl\u00ede su gama de productos de ba\u00f1o con estos jabones l\u00edquidos para manos y cuerpo!<\/p>\n<p>Para crear este jab\u00f3n l\u00edquido se ha combinado el coco dulce tropical con el lim\u00f3n c\u00edtrico para obtener una fragancia \u00fanica. Adem\u00e1s, este jab\u00f3n limpia, hidrata y nutre la piel.&nbsp;<\/p>\n<p>Modo de uso: &nbsp;a\u00f1ada la cantidad de jab\u00f3n deseada, enjabone manos y cuerpo si lo desea. Dejar\u00e1 una sensaci\u00f3n de frescura y suavidad. Ideal para ducharse o lavarse las manos.<\/p>\n<p>Este jab\u00f3n tiene una capacidad de 300 ml.<\/p>\n<p><strong>Solo venta al por mayor.<\/strong><\/p>\n","protected":false},"excerpt":{"rendered":"<p>\u00a1Ampl\u00ede su gama de productos de ba\u00f1o con estos jabones l\u00edquidos para manos y cuerpo! Para crear este jab\u00f3n l\u00edquido se ha combinado el coco dulce tropical con el lim\u00f3n c\u00edtrico para obtener una fragancia \u00fanica. Adem\u00e1s, este jab\u00f3n limpia, hidrata y nutre la piel.&nbsp; Modo de uso: &nbsp;a\u00f1ada la cantidad de jab\u00f3n deseada, enjabone [&hellip;]<\/p>\n","protected":false},"featured_media":284188,"comment_status":"closed","ping_status":"open","template":"","meta":[],"product_brand":[27071],"product_cat":[25844,19453,26821,20992,26236],"product_tag":[],"class_list":{"0":"post-239738","1":"product","2":"type-product","3":"status-publish","4":"has-post-thumbnail","6":"product_brand-aw-cosmetics","7":"product_cat-aromas","8":"product_cat-bano-y-ducha","9":"product_cat-citrico","10":"product_cat-cuidado-corporal","11":"product_cat-limon","12":"pa_collection-fragranced-hand-body-wash-es","13":"pa_made-in-reino-unido","14":"pa_size-300ml","16":"first","17":"instock","18":"purchasable","19":"product-type-simple"},"supplier_id":null,"supplier_sku":"FHBW-05","barcode":null,"atum_controlled":true,"out_stock_date":null,"out_stock_threshold":null,"inheritable":false,"inbound_stock":null,"stock_on_hold":0,"sold_today":0,"sales_last_days":0,"reserved_stock":null,"customer_returns":null,"warehouse_damage":null,"lost_in_post":null,"other_logs":null,"out_stock_days":0,"lost_sales":0,"has_location":null,"update_date":"2026-02-09T22:31:47","atum_locations":[],"atum_stock_status":"instock","restock_status":false,"low_stock_amount":"","sales_update_date":"2025-09-05T00:19:10","calc_backorders":null,"_links":{"self":[{"href":"https:\/\/aromasentia.com\/es\/wp-json\/wp\/v2\/product\/239738","targetHints":{"allow":["GET"]}}],"collection":[{"href":"https:\/\/aromasentia.com\/es\/wp-json\/wp\/v2\/product"}],"about":[{"href":"https:\/\/aromasentia.com\/es\/wp-json\/wp\/v2\/types\/product"}],"replies":[{"embeddable":true,"href":"https:\/\/aromasentia.com\/es\/wp-json\/wp\/v2\/comments?post=239738"}],"version-history":[{"count":0,"href":"https:\/\/aromasentia.com\/es\/wp-json\/wp\/v2\/product\/239738\/revisions"}],"wp:featuredmedia":[{"embeddable":true,"href":"https:\/\/aromasentia.com\/es\/wp-json\/wp\/v2\/media\/284188"}],"wp:attachment":[{"href":"https:\/\/aromasentia.com\/es\/wp-json\/wp\/v2\/media?parent=239738"}],"wp:term":[{"taxonomy":"product_brand","embeddable":true,"href":"https:\/\/aromasentia.com\/es\/wp-json\/wp\/v2\/product_brand?post=239738"},{"taxonomy":"product_cat","embeddable":true,"href":"https:\/\/aromasentia.com\/es\/wp-json\/wp\/v2\/product_cat?post=239738"},{"taxonomy":"product_tag","embeddable":true,"href":"https:\/\/aromasentia.com\/es\/wp-json\/wp\/v2\/product_tag?post=239738"}],"curies":[{"name":"wp","href":"https:\/\/api.w.org\/{rel}","templated":true}]}}