{"id":239734,"date":"2025-03-20T16:47:59","date_gmt":"2025-03-20T16:47:59","guid":{"rendered":"https:\/\/aromasentia.com\/product\/sandalwood-silk-hand-body-wash-300ml\/"},"modified":"2025-05-31T19:30:35","modified_gmt":"2025-05-31T19:30:35","slug":"gel-de-bano-para-manos-y-cuerpo-sandalo","status":"publish","type":"product","link":"https:\/\/aromasentia.com\/es\/gel-de-bano-para-manos-y-cuerpo-sandalo\/","title":{"rendered":"Gel de Ba\u00f1o para manos y cuerpo  &#8211; S\u00e1ndalo"},"content":{"rendered":"<p>Aroma Sentia ofrece este pack de 4 unidades de jab\u00f3n l\u00edquido para usar en cuerpo y manos.&nbsp;<\/p>\n<p>El s\u00e1ndalo desde el punto de vista de la aromaterapia aporta relajaci\u00f3n, puede servir para bajar la sensaci\u00f3n de estr\u00e9s o ansiedad.&nbsp;<\/p>\n<p>Este jab\u00f3n har\u00e1 que sus clientes obtengan una piel limpia, hidratada y perfumada.&nbsp;<\/p>\n<p>Modo de uso: &nbsp;a\u00f1ada la cantidad de jab\u00f3n deseada, enjabone manos y cuerpo si lo desea. Ideal para lavarse las manos y el cuerpo.<\/p>\n<p>Este jab\u00f3n tiene una capacidad de 300 ml.<\/p>\n<p><strong>Solo venta al por mayor.<\/strong><\/p>\n","protected":false},"excerpt":{"rendered":"<p>Aroma Sentia ofrece este pack de 4 unidades de jab\u00f3n l\u00edquido para usar en cuerpo y manos.&nbsp; El s\u00e1ndalo desde el punto de vista de la aromaterapia aporta relajaci\u00f3n, puede servir para bajar la sensaci\u00f3n de estr\u00e9s o ansiedad.&nbsp; Este jab\u00f3n har\u00e1 que sus clientes obtengan una piel limpia, hidratada y perfumada.&nbsp; Modo de uso: [&hellip;]<\/p>\n","protected":false},"featured_media":284179,"comment_status":"closed","ping_status":"open","template":"","meta":{"_angie_page":false},"product_brand":[27071],"product_cat":[26898,25844,19453,20992,26390],"product_tag":[],"class_list":{"0":"post-239734","1":"product","2":"type-product","3":"status-publish","4":"has-post-thumbnail","6":"product_brand-aw-cosmetics","7":"product_cat-amaderado","8":"product_cat-aromas","9":"product_cat-bano-y-ducha","10":"product_cat-cuidado-corporal","11":"product_cat-sandalo","12":"pa_collection-fragranced-hand-body-wash-es","13":"pa_made-in-reino-unido","14":"pa_size-300ml","16":"first","17":"instock","18":"purchasable","19":"product-type-simple"},"supplier_id":null,"supplier_sku":"FHBW-06","barcode":null,"atum_controlled":true,"out_stock_date":null,"out_stock_threshold":null,"inheritable":false,"inbound_stock":null,"stock_on_hold":0,"sold_today":0,"sales_last_days":0,"reserved_stock":null,"customer_returns":null,"warehouse_damage":null,"lost_in_post":null,"other_logs":null,"out_stock_days":0,"lost_sales":0,"has_location":null,"update_date":"2026-05-04T00:03:55","atum_locations":[],"atum_stock_status":"instock","restock_status":false,"low_stock_amount":"","sales_update_date":"2025-09-05T00:19:10","calc_backorders":null,"_links":{"self":[{"href":"https:\/\/aromasentia.com\/es\/wp-json\/wp\/v2\/product\/239734","targetHints":{"allow":["GET"]}}],"collection":[{"href":"https:\/\/aromasentia.com\/es\/wp-json\/wp\/v2\/product"}],"about":[{"href":"https:\/\/aromasentia.com\/es\/wp-json\/wp\/v2\/types\/product"}],"replies":[{"embeddable":true,"href":"https:\/\/aromasentia.com\/es\/wp-json\/wp\/v2\/comments?post=239734"}],"version-history":[{"count":0,"href":"https:\/\/aromasentia.com\/es\/wp-json\/wp\/v2\/product\/239734\/revisions"}],"wp:featuredmedia":[{"embeddable":true,"href":"https:\/\/aromasentia.com\/es\/wp-json\/wp\/v2\/media\/284179"}],"wp:attachment":[{"href":"https:\/\/aromasentia.com\/es\/wp-json\/wp\/v2\/media?parent=239734"}],"wp:term":[{"taxonomy":"product_brand","embeddable":true,"href":"https:\/\/aromasentia.com\/es\/wp-json\/wp\/v2\/product_brand?post=239734"},{"taxonomy":"product_cat","embeddable":true,"href":"https:\/\/aromasentia.com\/es\/wp-json\/wp\/v2\/product_cat?post=239734"},{"taxonomy":"product_tag","embeddable":true,"href":"https:\/\/aromasentia.com\/es\/wp-json\/wp\/v2\/product_tag?post=239734"}],"curies":[{"name":"wp","href":"https:\/\/api.w.org\/{rel}","templated":true}]}}