{"id":239730,"date":"2025-03-20T16:47:59","date_gmt":"2025-03-20T16:47:59","guid":{"rendered":"https:\/\/aromasentia.com\/product\/ginger-orange-lotion-300ml-white-label\/"},"modified":"2025-05-31T19:30:30","modified_gmt":"2025-05-31T19:30:30","slug":"ginger-orange-lotion-300ml-white-label","status":"publish","type":"product","link":"https:\/\/aromasentia.com\/es\/ginger-orange-lotion-300ml-white-label\/","title":{"rendered":"Ginger &#038; Orange Lotion 300ml &#8211; White Label"},"content":{"rendered":"<p>Energice y caliente su piel con nuestra Loci\u00f3n de Jengibre y Naranja. Esta loci\u00f3n de marca blanca de 300 ml ofrece una vibrante fusi\u00f3n de jengibre picante y c\u00e1lido y naranja dulce y estimulante. Su f\u00f3rmula nutritiva se absorbe f\u00e1cilmente, proporcionando una hidrataci\u00f3n duradera y dejando la piel suave, tersa y revitalizada. Su aroma picante y reconfortante despierta los sentidos, por lo que es una crema hidratante diaria perfecta para vigorizar la piel y alegrar el estado de \u00e1nimo con su encanto alegre y arom\u00e1tico.<\/p>\n","protected":false},"excerpt":{"rendered":"<p>Energice y caliente su piel con nuestra Loci\u00f3n de Jengibre y Naranja. Esta loci\u00f3n de marca blanca de 300 ml ofrece una vibrante fusi\u00f3n de jengibre picante y c\u00e1lido y naranja dulce y estimulante. Su f\u00f3rmula nutritiva se absorbe f\u00e1cilmente, proporcionando una hidrataci\u00f3n duradera y dejando la piel suave, tersa y revitalizada. Su aroma picante [&hellip;]<\/p>\n","protected":false},"featured_media":284170,"comment_status":"closed","ping_status":"open","template":"","meta":[],"product_brand":[],"product_cat":[25844,19453,26821,20992,26891,26192,26309],"product_tag":[],"class_list":{"0":"post-239730","1":"product","2":"type-product","3":"status-publish","4":"has-post-thumbnail","6":"product_cat-aromas","7":"product_cat-bano-y-ducha","8":"product_cat-citrico","9":"product_cat-cuidado-corporal","10":"product_cat-especiado","11":"product_cat-geranio","12":"product_cat-naranja","13":"pa_collection-unlabelled-fragranced-hand-body-lotions-es","14":"pa_made-in-reino-unido","15":"pa_size-300ml","17":"first","18":"instock","19":"purchasable","20":"product-type-simple"},"supplier_id":null,"supplier_sku":"FHBLUL-01DS","barcode":null,"atum_controlled":true,"out_stock_date":null,"out_stock_threshold":null,"inheritable":false,"inbound_stock":null,"stock_on_hold":0,"sold_today":0,"sales_last_days":0,"reserved_stock":null,"customer_returns":null,"warehouse_damage":null,"lost_in_post":null,"other_logs":null,"out_stock_days":0,"lost_sales":0,"has_location":null,"update_date":"2026-02-05T22:37:01","atum_locations":[],"atum_stock_status":"instock","restock_status":false,"low_stock_amount":"","sales_update_date":"2026-01-30T01:24:30","calc_backorders":null,"_links":{"self":[{"href":"https:\/\/aromasentia.com\/es\/wp-json\/wp\/v2\/product\/239730","targetHints":{"allow":["GET"]}}],"collection":[{"href":"https:\/\/aromasentia.com\/es\/wp-json\/wp\/v2\/product"}],"about":[{"href":"https:\/\/aromasentia.com\/es\/wp-json\/wp\/v2\/types\/product"}],"replies":[{"embeddable":true,"href":"https:\/\/aromasentia.com\/es\/wp-json\/wp\/v2\/comments?post=239730"}],"version-history":[{"count":0,"href":"https:\/\/aromasentia.com\/es\/wp-json\/wp\/v2\/product\/239730\/revisions"}],"wp:featuredmedia":[{"embeddable":true,"href":"https:\/\/aromasentia.com\/es\/wp-json\/wp\/v2\/media\/284170"}],"wp:attachment":[{"href":"https:\/\/aromasentia.com\/es\/wp-json\/wp\/v2\/media?parent=239730"}],"wp:term":[{"taxonomy":"product_brand","embeddable":true,"href":"https:\/\/aromasentia.com\/es\/wp-json\/wp\/v2\/product_brand?post=239730"},{"taxonomy":"product_cat","embeddable":true,"href":"https:\/\/aromasentia.com\/es\/wp-json\/wp\/v2\/product_cat?post=239730"},{"taxonomy":"product_tag","embeddable":true,"href":"https:\/\/aromasentia.com\/es\/wp-json\/wp\/v2\/product_tag?post=239730"}],"curies":[{"name":"wp","href":"https:\/\/api.w.org\/{rel}","templated":true}]}}