{"id":239726,"date":"2025-03-20T16:47:59","date_gmt":"2025-03-20T16:47:59","guid":{"rendered":"https:\/\/aromasentia.com\/product\/blackberry-almond-lotion-300ml-white-label\/"},"modified":"2025-05-31T19:30:25","modified_gmt":"2025-05-31T19:30:25","slug":"blackberry-almond-lotion-300ml-white-label","status":"publish","type":"product","link":"https:\/\/aromasentia.com\/es\/blackberry-almond-lotion-300ml-white-label\/","title":{"rendered":"Blackberry &#038; Almond Lotion 300ml &#8211; White Label"},"content":{"rendered":"<p>Nutre tu piel con la reconfortante mezcla de nuestra Loci\u00f3n de Mora y Almendra. Esta loci\u00f3n de marca blanca de 300 ml combina el aroma dulce y ligeramente \u00e1cido de las moras maduras con el c\u00e1lido dulzor a nuez de la almendra. Su f\u00f3rmula rica e hidratante acondiciona la piel en profundidad, dej\u00e1ndola excepcionalmente suave, tersa e hidratada. Una loci\u00f3n diaria maravillosamente reconfortante e indulgente que mima su piel mientras la envuelve en una fragancia deliciosa y sutilmente sofisticada.<\/p>\n","protected":false},"excerpt":{"rendered":"<p>Nutre tu piel con la reconfortante mezcla de nuestra Loci\u00f3n de Mora y Almendra. Esta loci\u00f3n de marca blanca de 300 ml combina el aroma dulce y ligeramente \u00e1cido de las moras maduras con el c\u00e1lido dulzor a nuez de la almendra. Su f\u00f3rmula rica e hidratante acondiciona la piel en profundidad, dej\u00e1ndola excepcionalmente suave, [&hellip;]<\/p>\n","protected":false},"featured_media":284161,"comment_status":"closed","ping_status":"open","template":"","meta":{"_angie_page":false},"product_brand":[],"product_cat":[26568,25844,19453,20992,26849,26857,26542],"product_tag":[],"class_list":{"0":"post-239726","1":"product","2":"type-product","3":"status-publish","4":"has-post-thumbnail","6":"product_cat-almendra","7":"product_cat-aromas","8":"product_cat-bano-y-ducha","9":"product_cat-cuidado-corporal","10":"product_cat-frutal","11":"product_cat-gourmand","12":"product_cat-mora","13":"pa_collection-unlabelled-fragranced-hand-body-lotions-es","14":"pa_made-in-reino-unido","15":"pa_size-300ml","17":"first","18":"instock","19":"purchasable","20":"product-type-simple"},"supplier_id":null,"supplier_sku":"FHBLUL-02DS","barcode":null,"atum_controlled":true,"out_stock_date":null,"out_stock_threshold":null,"inheritable":false,"inbound_stock":null,"stock_on_hold":0,"sold_today":0,"sales_last_days":0,"reserved_stock":null,"customer_returns":null,"warehouse_damage":null,"lost_in_post":null,"other_logs":null,"out_stock_days":0,"lost_sales":0,"has_location":null,"update_date":"2026-04-27T07:03:21","atum_locations":[],"atum_stock_status":"instock","restock_status":false,"low_stock_amount":"","sales_update_date":"2025-09-05T00:19:09","calc_backorders":null,"_links":{"self":[{"href":"https:\/\/aromasentia.com\/es\/wp-json\/wp\/v2\/product\/239726","targetHints":{"allow":["GET"]}}],"collection":[{"href":"https:\/\/aromasentia.com\/es\/wp-json\/wp\/v2\/product"}],"about":[{"href":"https:\/\/aromasentia.com\/es\/wp-json\/wp\/v2\/types\/product"}],"replies":[{"embeddable":true,"href":"https:\/\/aromasentia.com\/es\/wp-json\/wp\/v2\/comments?post=239726"}],"version-history":[{"count":0,"href":"https:\/\/aromasentia.com\/es\/wp-json\/wp\/v2\/product\/239726\/revisions"}],"wp:featuredmedia":[{"embeddable":true,"href":"https:\/\/aromasentia.com\/es\/wp-json\/wp\/v2\/media\/284161"}],"wp:attachment":[{"href":"https:\/\/aromasentia.com\/es\/wp-json\/wp\/v2\/media?parent=239726"}],"wp:term":[{"taxonomy":"product_brand","embeddable":true,"href":"https:\/\/aromasentia.com\/es\/wp-json\/wp\/v2\/product_brand?post=239726"},{"taxonomy":"product_cat","embeddable":true,"href":"https:\/\/aromasentia.com\/es\/wp-json\/wp\/v2\/product_cat?post=239726"},{"taxonomy":"product_tag","embeddable":true,"href":"https:\/\/aromasentia.com\/es\/wp-json\/wp\/v2\/product_tag?post=239726"}],"curies":[{"name":"wp","href":"https:\/\/api.w.org\/{rel}","templated":true}]}}