{"id":239722,"date":"2025-03-20T16:47:59","date_gmt":"2025-03-20T16:47:59","guid":{"rendered":"https:\/\/aromasentia.com\/product\/mango-lime-lotion-300ml-white-label\/"},"modified":"2025-05-31T19:30:00","modified_gmt":"2025-05-31T19:30:00","slug":"mango-lime-lotion-300ml-white-label","status":"publish","type":"product","link":"https:\/\/aromasentia.com\/es\/mango-lime-lotion-300ml-white-label\/","title":{"rendered":"Mango &#038; Lime Lotion 300ml &#8211; White Label"},"content":{"rendered":"<p>Esc\u00e1pese a los tr\u00f3picos con nuestra Loci\u00f3n de Mango y Lima. Esta loci\u00f3n de marca blanca de 300 ml contiene una deliciosa mezcla de mango dulce y jugoso y lima \u00e1cida y refrescante. Su f\u00f3rmula hidratante se funde con la piel, proporcion\u00e1ndole una suavidad duradera y un brillo saludable. Su vibrante y ex\u00f3tico aroma levanta instant\u00e1neamente el \u00e1nimo y vigoriza los sentidos, convirtiendo la rutina diaria de hidrataci\u00f3n en unas minivacaciones. Perfecto para dejar la piel suave, nutrida y con un aroma absolutamente delicioso.<\/p>\n","protected":false},"excerpt":{"rendered":"<p>Esc\u00e1pese a los tr\u00f3picos con nuestra Loci\u00f3n de Mango y Lima. Esta loci\u00f3n de marca blanca de 300 ml contiene una deliciosa mezcla de mango dulce y jugoso y lima \u00e1cida y refrescante. Su f\u00f3rmula hidratante se funde con la piel, proporcion\u00e1ndole una suavidad duradera y un brillo saludable. Su vibrante y ex\u00f3tico aroma levanta [&hellip;]<\/p>\n","protected":false},"featured_media":284152,"comment_status":"closed","ping_status":"open","template":"","meta":{"_angie_page":false},"product_brand":[],"product_cat":[25844,19453,26821,20992,26258],"product_tag":[],"class_list":{"0":"post-239722","1":"product","2":"type-product","3":"status-publish","4":"has-post-thumbnail","6":"product_cat-aromas","7":"product_cat-bano-y-ducha","8":"product_cat-citrico","9":"product_cat-cuidado-corporal","10":"product_cat-lima","11":"pa_collection-unlabelled-fragranced-hand-body-lotions-es","12":"pa_made-in-reino-unido","13":"pa_size-300ml","15":"first","16":"instock","17":"purchasable","18":"product-type-simple"},"supplier_id":null,"supplier_sku":"FHBLUL-03DS","barcode":null,"atum_controlled":true,"out_stock_date":null,"out_stock_threshold":null,"inheritable":false,"inbound_stock":null,"stock_on_hold":0,"sold_today":0,"sales_last_days":0,"reserved_stock":null,"customer_returns":null,"warehouse_damage":null,"lost_in_post":null,"other_logs":null,"out_stock_days":0,"lost_sales":0,"has_location":null,"update_date":"2026-04-27T07:03:21","atum_locations":[],"atum_stock_status":"instock","restock_status":false,"low_stock_amount":"","sales_update_date":"2025-09-05T00:19:09","calc_backorders":null,"_links":{"self":[{"href":"https:\/\/aromasentia.com\/es\/wp-json\/wp\/v2\/product\/239722","targetHints":{"allow":["GET"]}}],"collection":[{"href":"https:\/\/aromasentia.com\/es\/wp-json\/wp\/v2\/product"}],"about":[{"href":"https:\/\/aromasentia.com\/es\/wp-json\/wp\/v2\/types\/product"}],"replies":[{"embeddable":true,"href":"https:\/\/aromasentia.com\/es\/wp-json\/wp\/v2\/comments?post=239722"}],"version-history":[{"count":0,"href":"https:\/\/aromasentia.com\/es\/wp-json\/wp\/v2\/product\/239722\/revisions"}],"wp:featuredmedia":[{"embeddable":true,"href":"https:\/\/aromasentia.com\/es\/wp-json\/wp\/v2\/media\/284152"}],"wp:attachment":[{"href":"https:\/\/aromasentia.com\/es\/wp-json\/wp\/v2\/media?parent=239722"}],"wp:term":[{"taxonomy":"product_brand","embeddable":true,"href":"https:\/\/aromasentia.com\/es\/wp-json\/wp\/v2\/product_brand?post=239722"},{"taxonomy":"product_cat","embeddable":true,"href":"https:\/\/aromasentia.com\/es\/wp-json\/wp\/v2\/product_cat?post=239722"},{"taxonomy":"product_tag","embeddable":true,"href":"https:\/\/aromasentia.com\/es\/wp-json\/wp\/v2\/product_tag?post=239722"}],"curies":[{"name":"wp","href":"https:\/\/api.w.org\/{rel}","templated":true}]}}