{"id":239626,"date":"2025-03-20T16:48:36","date_gmt":"2025-03-20T16:48:36","guid":{"rendered":"https:\/\/aromasentia.com\/product\/funky-soap-loaf-raspberry-compote\/"},"modified":"2025-05-31T19:27:24","modified_gmt":"2025-05-31T19:27:24","slug":"funky-soap-raspberry-compote","status":"publish","type":"product","link":"https:\/\/aromasentia.com\/es\/funky-soap-raspberry-compote\/","title":{"rendered":"Funky Soap  &#8211; Raspberry Compote"},"content":{"rendered":"<p><span style=\u00abcolor: rgb(75, 80, 88);\u00bb><strong>Jab\u00f3n Funky Loaf &#8211; Compota de frambuesa&nbsp;<\/strong>\u00a1Tiene un aspecto y un olor fabulosos! Este jab\u00f3n de colores de tu tienda online llamar\u00e1 la atenci\u00f3n de tus clientes de inmediato. <\/span><\/p>\n<p><span style=\u00abcolor: rgb(75, 80, 88);\u00bb>Cada pan de jab\u00f3n Funky pesa aproximadamente <strong>1,45 kg<\/strong>. Se puede cortar en al menos <strong>12 porciones<\/strong>. <br \/><\/span><\/p>\n<p><span style=\u00abcolor: rgb(75, 80, 88);\u00bb><strong>Nota:<\/strong> El color o el dise\u00f1o pueden variar ligeramente. &nbsp;<\/span><\/p>\n<p><span style=\u00abcolor: rgb(141, 186, 216);\u00bb><strong>Este es un jab\u00f3n realmente incre\u00edble para cualquiera que quiera hacer ba\u00f1os<br style=\"color: rgb(114, 114, 114); font-family: Raleway, sans-serif; font-size: 15px; font-style: normal; font-variant-ligatures: normal; font-variant-caps: normal; font-weight: 400; letter-spacing: normal; orphans: 2; text-align: start; text-indent: 0px; text-transform: none; white-space: normal; widows: 2; word-spacing: 0px; -webkit-text-stroke-width: 0px; color de fondo: rgb(255, 255, 255); grosor de la decoraci\u00f3n del texto: inicial; estilo de la decoraci\u00f3n del texto: inicial; color de la decoraci\u00f3n del texto: inicial;\">tiempo un poco m\u00e1s especial y divertido. A tus clientes les encantar\u00e1 su dise\u00f1o loco.<\/p>\n","protected":false},"excerpt":{"rendered":"<p>Jab\u00f3n Funky Loaf &#8211; Compota de frambuesa&nbsp;\u00a1Tiene un aspecto y un olor fabulosos! Este jab\u00f3n de colores de tu tienda online llamar\u00e1 la atenci\u00f3n de tus clientes de inmediato. Cada pan de jab\u00f3n Funky pesa aproximadamente 1,45 kg. Se puede cortar en al menos 12 porciones. Nota: El color o el dise\u00f1o pueden variar ligeramente. [&hellip;]<\/p>\n","protected":false},"featured_media":284416,"comment_status":"closed","ping_status":"open","template":"","meta":[],"product_brand":[],"product_cat":[19453,20592],"product_tag":[],"class_list":{"0":"post-239626","1":"product","2":"type-product","3":"status-publish","4":"has-post-thumbnail","6":"product_cat-bano-y-ducha","7":"product_cat-jabones-ecologicos-naturales","8":"pa_made-in-reino-unido","10":"first","11":"outofstock","12":"purchasable","13":"product-type-simple"},"supplier_id":null,"supplier_sku":"FSL-02","barcode":null,"atum_controlled":true,"out_stock_date":"2025-09-04 23:39:59","out_stock_threshold":null,"inheritable":false,"inbound_stock":null,"stock_on_hold":0,"sold_today":0,"sales_last_days":0,"reserved_stock":null,"customer_returns":null,"warehouse_damage":null,"lost_in_post":null,"other_logs":null,"out_stock_days":0,"lost_sales":0,"has_location":null,"update_date":"2026-02-11T09:34:47","atum_locations":[],"atum_stock_status":"outofstock","restock_status":false,"low_stock_amount":"","sales_update_date":"2025-09-02T00:09:48","calc_backorders":null,"_links":{"self":[{"href":"https:\/\/aromasentia.com\/es\/wp-json\/wp\/v2\/product\/239626","targetHints":{"allow":["GET"]}}],"collection":[{"href":"https:\/\/aromasentia.com\/es\/wp-json\/wp\/v2\/product"}],"about":[{"href":"https:\/\/aromasentia.com\/es\/wp-json\/wp\/v2\/types\/product"}],"replies":[{"embeddable":true,"href":"https:\/\/aromasentia.com\/es\/wp-json\/wp\/v2\/comments?post=239626"}],"version-history":[{"count":0,"href":"https:\/\/aromasentia.com\/es\/wp-json\/wp\/v2\/product\/239626\/revisions"}],"wp:featuredmedia":[{"embeddable":true,"href":"https:\/\/aromasentia.com\/es\/wp-json\/wp\/v2\/media\/284416"}],"wp:attachment":[{"href":"https:\/\/aromasentia.com\/es\/wp-json\/wp\/v2\/media?parent=239626"}],"wp:term":[{"taxonomy":"product_brand","embeddable":true,"href":"https:\/\/aromasentia.com\/es\/wp-json\/wp\/v2\/product_brand?post=239626"},{"taxonomy":"product_cat","embeddable":true,"href":"https:\/\/aromasentia.com\/es\/wp-json\/wp\/v2\/product_cat?post=239626"},{"taxonomy":"product_tag","embeddable":true,"href":"https:\/\/aromasentia.com\/es\/wp-json\/wp\/v2\/product_tag?post=239626"}],"curies":[{"name":"wp","href":"https:\/\/api.w.org\/{rel}","templated":true}]}}