{"id":239570,"date":"2025-03-20T16:49:31","date_gmt":"2025-03-20T16:49:31","guid":{"rendered":"https:\/\/aromasentia.com\/product\/green-aventurine-gem-bracelet-bath-bomb\/"},"modified":"2025-05-31T19:26:20","modified_gmt":"2025-05-31T19:26:20","slug":"bomba-de-bano-con-pulseras-de-gemas-aventurina-verde","status":"publish","type":"product","link":"https:\/\/aromasentia.com\/es\/bomba-de-bano-con-pulseras-de-gemas-aventurina-verde\/","title":{"rendered":"Bomba de Ba\u00f1o con Pulseras de Gemas &#8211; Aventurina Verde"},"content":{"rendered":"<p><span style=\u00abcolor: rgb(75, 80, 88);\u00bb><strong>Pulseras de piedras preciosas de aventurina verde Bomba de ba\u00f1o &#8211; Lim\u00f3n y lima con sal marina<\/strong><\/span><\/p>\n<p><span style=\"color: rgb(75, 80, 88);\u00bb >Transforma la hora del ba\u00f1o en una lujosa experiencia de spa con estas Bombas de Ba\u00f1o hechas a mano que no solo nutren la piel, sino que tambi\u00e9n crean una atm\u00f3sfera relajante y calmante, dejando a tus clientes con una sensaci\u00f3n de frescor y rejuvenecimiento. <\/span><\/p>\n<p><span style=\u00abcolor: rgb(75, 80, 88);\u00bb><strong>\u00bfPero lo mejor? <\/strong> <strong>Dentro de cada bomba de ba\u00f1o, descubrir\u00e1s una impresionante pulsera de piedras preciosas que viene en una variedad de piedras, cada una con sus propiedades y significado \u00fanicos.&nbsp;<\/strong><\/span><\/p>\n<p><span style=\u00abcolor: rgb(75, 80, 88);\u00bb>Simplemente deja caer la bomba de ba\u00f1o en la ba\u00f1era y observa c\u00f3mo burbujea y libera su fragancia celestial. D\u00e9jate envolver por el agua mientras la pulsera de piedras preciosas flota en la superficie.&nbsp;<\/span><\/p>\n<p><span style=\u00abcolor: rgb(75, 80, 88);\u00bb>Una vez que hayas terminado el ba\u00f1o, ponte tu nueva pulsera de piedras preciosas y siente los beneficios de las propiedades naturales de las piedras preciosas. <\/span><\/p>\n<p><span style=\u00abcolor: rgb(75, 80, 88);\u00bb><strong>Fabricado en el Reino Unido &#8211; Peso de la bomba de ba\u00f1o: 140 g<\/strong><\/span><\/p>\n","protected":false},"excerpt":{"rendered":"<p>Pulseras de piedras preciosas de aventurina verde Bomba de ba\u00f1o &#8211; Lim\u00f3n y lima con sal marina<\/p>\n","protected":false},"featured_media":284759,"comment_status":"closed","ping_status":"open","template":"","meta":{"_angie_page":false},"product_brand":[],"product_cat":[25563,19453,20515,25225,20516,25209],"product_tag":[],"class_list":{"0":"post-239570","1":"product","2":"type-product","3":"status-publish","4":"has-post-thumbnail","6":"product_cat-aventurina","7":"product_cat-bano-y-ducha","8":"product_cat-bombas-de-bano","9":"product_cat-gemas-y-minerales","10":"product_cat-packs-regalo","11":"product_cat-pulseras","12":"pa_collection-gemstone-bracelet-bath-bomb-es","13":"pa_made-in-reino-unido","15":"first","16":"instock","17":"purchasable","18":"product-type-simple"},"supplier_id":null,"supplier_sku":"GBBB-06","barcode":null,"atum_controlled":true,"out_stock_date":null,"out_stock_threshold":null,"inheritable":false,"inbound_stock":null,"stock_on_hold":0,"sold_today":0,"sales_last_days":0,"reserved_stock":null,"customer_returns":null,"warehouse_damage":null,"lost_in_post":null,"other_logs":null,"out_stock_days":0,"lost_sales":0,"has_location":null,"update_date":"2026-04-28T06:42:57","atum_locations":[],"atum_stock_status":"instock","restock_status":false,"low_stock_amount":"","sales_update_date":"2025-09-05T00:19:14","calc_backorders":null,"_links":{"self":[{"href":"https:\/\/aromasentia.com\/es\/wp-json\/wp\/v2\/product\/239570","targetHints":{"allow":["GET"]}}],"collection":[{"href":"https:\/\/aromasentia.com\/es\/wp-json\/wp\/v2\/product"}],"about":[{"href":"https:\/\/aromasentia.com\/es\/wp-json\/wp\/v2\/types\/product"}],"replies":[{"embeddable":true,"href":"https:\/\/aromasentia.com\/es\/wp-json\/wp\/v2\/comments?post=239570"}],"version-history":[{"count":0,"href":"https:\/\/aromasentia.com\/es\/wp-json\/wp\/v2\/product\/239570\/revisions"}],"wp:featuredmedia":[{"embeddable":true,"href":"https:\/\/aromasentia.com\/es\/wp-json\/wp\/v2\/media\/284759"}],"wp:attachment":[{"href":"https:\/\/aromasentia.com\/es\/wp-json\/wp\/v2\/media?parent=239570"}],"wp:term":[{"taxonomy":"product_brand","embeddable":true,"href":"https:\/\/aromasentia.com\/es\/wp-json\/wp\/v2\/product_brand?post=239570"},{"taxonomy":"product_cat","embeddable":true,"href":"https:\/\/aromasentia.com\/es\/wp-json\/wp\/v2\/product_cat?post=239570"},{"taxonomy":"product_tag","embeddable":true,"href":"https:\/\/aromasentia.com\/es\/wp-json\/wp\/v2\/product_tag?post=239570"}],"curies":[{"name":"wp","href":"https:\/\/api.w.org\/{rel}","templated":true}]}}