{"id":239530,"date":"2025-03-20T16:49:31","date_gmt":"2025-03-20T16:49:31","guid":{"rendered":"https:\/\/aromasentia.com\/product\/greenman-soap-100g-gardeners-scrub\/"},"modified":"2025-05-31T19:25:25","modified_gmt":"2025-05-31T19:25:25","slug":"jabones-greenman-100g-exfoliante-de-jardinero","status":"publish","type":"product","link":"https:\/\/aromasentia.com\/es\/jabones-greenman-100g-exfoliante-de-jardinero\/","title":{"rendered":"Jabones Greenman 100g &#8211; Exfoliante de jardinero"},"content":{"rendered":"<p><strong>Aroma Sentia Espa\u00f1a Mayorista de jabones<\/strong>, puro, natural y arom\u00e1tico.<\/p>\n<p>Los jabones greeman son jabones son<strong>&nbsp;libres de SLS y parabenos, hechos con ingredientes bot\u00e1nicos y aceites esenciales<\/strong>, y cada uno est\u00e1 dise\u00f1ado para ser usado para un prop\u00f3sito diferente.&nbsp;<\/p>\n<p>Hecho a mano en Inglaterra, la tierra de Soap and Glory &#8230; te enorgullece de ser brit\u00e1nico y extremadamente limpio. Los jabones est\u00e1n altamente perfumados y pueden venderlos individualmente para que sus clientes puedan apreciar mejor la textura y las fragancias.<\/p>\n<p><strong>Inspirado en el antiguo mito celta de Greenman: natural, terroso y vibrante. \u00a1No dudes en combinarlos con nuestras <a href=\"https:\/\/aromasentia.com\/wsoapd\" rel=\"noopener noreferrer\" target=\"_blank\">jaboneras<\/a>! <\/strong><\/p>\n","protected":false},"excerpt":{"rendered":"<p>Aroma Sentia Espa\u00f1a Mayorista de jabones, puro, natural y arom\u00e1tico. Los jabones greeman son jabones son&nbsp;libres de SLS y parabenos, hechos con ingredientes bot\u00e1nicos y aceites esenciales, y cada uno est\u00e1 dise\u00f1ado para ser usado para un prop\u00f3sito diferente.&nbsp; Hecho a mano en Inglaterra, la tierra de Soap and Glory &#8230; te enorgullece de ser [&hellip;]<\/p>\n","protected":false},"featured_media":285485,"comment_status":"closed","ping_status":"open","template":"","meta":{"_angie_page":false},"product_brand":[],"product_cat":[19453,20592],"product_tag":[],"class_list":{"0":"post-239530","1":"product","2":"type-product","3":"status-publish","4":"has-post-thumbnail","6":"product_cat-bano-y-ducha","7":"product_cat-jabones-ecologicos-naturales","8":"pa_collection-greenman-soaps-es","9":"pa_made-in-reino-unido","10":"pa_size-100g","12":"first","13":"instock","14":"purchasable","15":"product-type-simple"},"supplier_id":null,"supplier_sku":"GMSoap-01","barcode":null,"atum_controlled":true,"out_stock_date":null,"out_stock_threshold":null,"inheritable":false,"inbound_stock":null,"stock_on_hold":0,"sold_today":0,"sales_last_days":0,"reserved_stock":null,"customer_returns":null,"warehouse_damage":null,"lost_in_post":null,"other_logs":null,"out_stock_days":0,"lost_sales":0,"has_location":null,"update_date":"2026-05-04T00:03:55","atum_locations":[],"atum_stock_status":"instock","restock_status":false,"low_stock_amount":"","sales_update_date":"2025-09-05T00:19:16","calc_backorders":null,"_links":{"self":[{"href":"https:\/\/aromasentia.com\/es\/wp-json\/wp\/v2\/product\/239530","targetHints":{"allow":["GET"]}}],"collection":[{"href":"https:\/\/aromasentia.com\/es\/wp-json\/wp\/v2\/product"}],"about":[{"href":"https:\/\/aromasentia.com\/es\/wp-json\/wp\/v2\/types\/product"}],"replies":[{"embeddable":true,"href":"https:\/\/aromasentia.com\/es\/wp-json\/wp\/v2\/comments?post=239530"}],"version-history":[{"count":0,"href":"https:\/\/aromasentia.com\/es\/wp-json\/wp\/v2\/product\/239530\/revisions"}],"wp:featuredmedia":[{"embeddable":true,"href":"https:\/\/aromasentia.com\/es\/wp-json\/wp\/v2\/media\/285485"}],"wp:attachment":[{"href":"https:\/\/aromasentia.com\/es\/wp-json\/wp\/v2\/media?parent=239530"}],"wp:term":[{"taxonomy":"product_brand","embeddable":true,"href":"https:\/\/aromasentia.com\/es\/wp-json\/wp\/v2\/product_brand?post=239530"},{"taxonomy":"product_cat","embeddable":true,"href":"https:\/\/aromasentia.com\/es\/wp-json\/wp\/v2\/product_cat?post=239530"},{"taxonomy":"product_tag","embeddable":true,"href":"https:\/\/aromasentia.com\/es\/wp-json\/wp\/v2\/product_tag?post=239530"}],"curies":[{"name":"wp","href":"https:\/\/api.w.org\/{rel}","templated":true}]}}