{"id":239518,"date":"2025-03-20T16:52:12","date_gmt":"2025-03-20T16:52:12","guid":{"rendered":"https:\/\/aromasentia.com\/product\/aniseed-halloween-bath-bomb\/"},"modified":"2025-05-31T19:25:16","modified_gmt":"2025-05-31T19:25:16","slug":"bomba-de-bano-de-anis-halloween","status":"publish","type":"product","link":"https:\/\/aromasentia.com\/es\/bomba-de-bano-de-anis-halloween\/","title":{"rendered":"Bomba de Ba\u00f1o de An\u00eds Halloween"},"content":{"rendered":"<h2><span style=\"color: rgb(251, 160, 38);\">Bombas de Ba\u00f1o de Halloween al por mayor<\/span><\/h2>\n<p><strong>\u00bfEst\u00e1s preparado para Halloween?<\/strong><\/p>\n<p>Ahora lo estar\u00e1s&#8230; con nuestras nuevas bombas de ba\u00f1o especiales de Halloween hechas a mano (cantidades limitadas). Son muy monas, con dise\u00f1os de calabazas que no asustar\u00e1n a los m\u00e1s peque\u00f1os.<\/p>\n<p>Puedes animar el Halloween de tus clientes con estas bombas de ba\u00f1o de vivos colores. La bomba de ba\u00f1o de Halloween ser\u00e1 el regalo perfecto para los amantes de Halloween o simplemente un capricho para uno mismo. Deje caer una bomba de ba\u00f1o en agua tibia y limpia y observe como hace espuma y efervescencia liberando vigorosamente su perfume y colores. &nbsp;<\/p>\n<p>Todas nuestras bombas de ba\u00f1o est\u00e1n hechas a mano en el Reino Unido, pueden tener algunas grietas o desmoronamientos debido a la naturaleza de su fabricaci\u00f3n, pero esto no afecta a su uso.<\/p>\n<ol>\n<li><strong>Cada bomba de ba\u00f1o pesa 180g y 200g (aprox)<\/strong><\/li>\n<li><strong>Los colores pueden variar de un lote a otro<\/strong><\/li>\n<li>.<strong>Hecho a mano, vegano<\/strong><\/li>\n<li><strong>Aroma de an\u00eds<\/strong><\/li>\n<\/ol>\n<p><strong>No se pierda la oportunidad de ofrecer a sus clientes una experiencia de ba\u00f1o lujosa e indulgente.<\/strong><\/p>\n<p>Abast\u00e9zcase de nuestras <a href=\"https:\/\/aromasentia.com\/wholesale-bath-bombs-uk\" rel=\"noopener noreferrer\" target=\"_blank\">bombas de ba\u00f1o al por mayor para reventa<\/a> hoy mismo y vea c\u00f3mo se disparan sus beneficios.<strong><&nbsp;<br \/><\/strong><\/p>\n","protected":false},"excerpt":{"rendered":"<p>Bombas de Ba\u00f1o de Halloween al por mayor \u00bfEst\u00e1s preparado para Halloween? Ahora lo estar\u00e1s&#8230; con nuestras nuevas bombas de ba\u00f1o especiales de Halloween hechas a mano (cantidades limitadas). Son muy monas, con dise\u00f1os de calabazas que no asustar\u00e1n a los m\u00e1s peque\u00f1os. Puedes animar el Halloween de tus clientes con estas bombas de ba\u00f1o [&hellip;]<\/p>\n","protected":false},"featured_media":287781,"comment_status":"closed","ping_status":"open","template":"","meta":{"_angie_page":false},"product_brand":[],"product_cat":[26088,25844,19453,20515,26891],"product_tag":[],"class_list":{"0":"post-239518","1":"product","2":"type-product","3":"status-publish","4":"has-post-thumbnail","6":"product_cat-anis-estrellado-anis-estrellado-de-china","7":"product_cat-aromas","8":"product_cat-bano-y-ducha","9":"product_cat-bombas-de-bano","10":"product_cat-especiado","11":"pa_collection-halloween-bath-bombs-180g-es","12":"pa_made-in-reino-unido","14":"first","15":"instock","16":"purchasable","17":"product-type-simple"},"supplier_id":null,"supplier_sku":"HBB-01","barcode":null,"atum_controlled":true,"out_stock_date":null,"out_stock_threshold":null,"inheritable":false,"inbound_stock":0,"stock_on_hold":0,"sold_today":0,"sales_last_days":0,"reserved_stock":0,"customer_returns":0,"warehouse_damage":0,"lost_in_post":0,"other_logs":0,"out_stock_days":0,"lost_sales":0,"has_location":false,"update_date":"2026-04-27T07:06:46","atum_locations":[],"atum_stock_status":"instock","restock_status":false,"low_stock_amount":"","sales_update_date":"2026-01-30T01:24:55","calc_backorders":null,"_links":{"self":[{"href":"https:\/\/aromasentia.com\/es\/wp-json\/wp\/v2\/product\/239518","targetHints":{"allow":["GET"]}}],"collection":[{"href":"https:\/\/aromasentia.com\/es\/wp-json\/wp\/v2\/product"}],"about":[{"href":"https:\/\/aromasentia.com\/es\/wp-json\/wp\/v2\/types\/product"}],"replies":[{"embeddable":true,"href":"https:\/\/aromasentia.com\/es\/wp-json\/wp\/v2\/comments?post=239518"}],"version-history":[{"count":0,"href":"https:\/\/aromasentia.com\/es\/wp-json\/wp\/v2\/product\/239518\/revisions"}],"wp:featuredmedia":[{"embeddable":true,"href":"https:\/\/aromasentia.com\/es\/wp-json\/wp\/v2\/media\/287781"}],"wp:attachment":[{"href":"https:\/\/aromasentia.com\/es\/wp-json\/wp\/v2\/media?parent=239518"}],"wp:term":[{"taxonomy":"product_brand","embeddable":true,"href":"https:\/\/aromasentia.com\/es\/wp-json\/wp\/v2\/product_brand?post=239518"},{"taxonomy":"product_cat","embeddable":true,"href":"https:\/\/aromasentia.com\/es\/wp-json\/wp\/v2\/product_cat?post=239518"},{"taxonomy":"product_tag","embeddable":true,"href":"https:\/\/aromasentia.com\/es\/wp-json\/wp\/v2\/product_tag?post=239518"}],"curies":[{"name":"wp","href":"https:\/\/api.w.org\/{rel}","templated":true}]}}