{"id":239514,"date":"2025-03-20T16:52:12","date_gmt":"2025-03-20T16:52:12","guid":{"rendered":"https:\/\/aromasentia.com\/product\/fennel-orange-halloween-bath-bomb\/"},"modified":"2025-05-31T19:25:12","modified_gmt":"2025-05-31T19:25:12","slug":"bomba-de-bano-de-hinojo-y-naranja-para-halloween","status":"publish","type":"product","link":"https:\/\/aromasentia.com\/es\/bomba-de-bano-de-hinojo-y-naranja-para-halloween\/","title":{"rendered":"Bomba de ba\u00f1o de Hinojo y Naranja para Halloween"},"content":{"rendered":"<h2><span style=\"color: rgb(251, 160, 38);\">Bombas de Ba\u00f1o de Halloween al por mayor<\/span><\/h2>\n<p><strong>\u00bfEst\u00e1s preparado para Halloween?<\/strong><\/p>\n<p>Ahora lo estar\u00e1s&#8230; con nuestras nuevas bombas de ba\u00f1o especiales de Halloween hechas a mano (cantidades limitadas). Son muy monas, con dise\u00f1os de calabazas que no asustar\u00e1n a los m\u00e1s peque\u00f1os.<\/p>\n<p>Puedes animar el Halloween de tus clientes con estas bombas de ba\u00f1o de vivos colores. La bomba de ba\u00f1o de Halloween ser\u00e1 el regalo perfecto para los amantes de Halloween o simplemente un capricho para uno mismo. Deje caer una bomba de ba\u00f1o en agua tibia y limpia y observe como hace espuma y efervescencia liberando vigorosamente su perfume y colores. &nbsp;<\/p>\n<p>Todas nuestras bombas de ba\u00f1o est\u00e1n hechas a mano en el Reino Unido, pueden tener algunas grietas o desmoronamientos debido a la naturaleza de la fabricaci\u00f3n, pero esto no afecta a su uso.<\/p>\n<ol>\n<li><strong>Cada bomba de ba\u00f1o pesa 180g y 200g (aprox)<\/strong><\/li>\n<li><strong>Los colores pueden variar entre lotes<\/strong><\/li>\n<lili><strong>Hecho a mano, vegano<\/strong><\/li>\n<li><strong>Aroma de hinojo y naranja<\/strong><\/li>\n<\/ol>\n<p>\u00bfEst\u00e1s buscando un complemento perfecto para tus productos de ba\u00f1o y cuerpo este Halloween? \u00a1Nuestra Bomba de Ba\u00f1o de Halloween 16x Hinojo y Naranja es la elecci\u00f3n ideal! Tiene una fragancia espeluznante y agradable con un dise\u00f1o juguet\u00f3n que impresionar\u00e1 a sus clientes.<\/p>\n<p><strong>Prep\u00e1rese para obtener beneficios<\/strong> este Halloween abasteci\u00e9ndose de nuestra <a href=\"https:\/\/aromasentia.com\/wholesale-bath-bombs-uk\" rel=\"noopener noreferrer\" target=\"_blank\">bombas de ba\u00f1o al por mayor para reventa<\/a>. <strong>\u00a1Haz tu pedido ahora!<\/strong><strong><&nbsp;<br \/><\/strong><\/p>\n","protected":false},"excerpt":{"rendered":"<p>Bombas de Ba\u00f1o de Halloween al por mayor \u00bfEst\u00e1s preparado para Halloween? Ahora lo estar\u00e1s&#8230; con nuestras nuevas bombas de ba\u00f1o especiales de Halloween hechas a mano (cantidades limitadas). Son muy monas, con dise\u00f1os de calabazas que no asustar\u00e1n a los m\u00e1s peque\u00f1os. Puedes animar el Halloween de tus clientes con estas bombas de ba\u00f1o [&hellip;]<\/p>\n","protected":false},"featured_media":287764,"comment_status":"closed","ping_status":"open","template":"","meta":{"_angie_page":false},"product_brand":[],"product_cat":[25844,19453,20515,26821,26863,26182,26309],"product_tag":[],"class_list":{"0":"post-239514","1":"product","2":"type-product","3":"status-publish","4":"has-post-thumbnail","6":"product_cat-aromas","7":"product_cat-bano-y-ducha","8":"product_cat-bombas-de-bano","9":"product_cat-citrico","10":"product_cat-herbal-aromatico","11":"product_cat-hinojo","12":"product_cat-naranja","13":"pa_collection-halloween-bath-bombs-180g-es","14":"pa_made-in-reino-unido","16":"first","17":"instock","18":"purchasable","19":"product-type-simple"},"supplier_id":null,"supplier_sku":"HBB-02","barcode":null,"atum_controlled":true,"out_stock_date":null,"out_stock_threshold":null,"inheritable":false,"inbound_stock":null,"stock_on_hold":0,"sold_today":0,"sales_last_days":0,"reserved_stock":null,"customer_returns":null,"warehouse_damage":null,"lost_in_post":null,"other_logs":null,"out_stock_days":0,"lost_sales":0,"has_location":null,"update_date":"2026-05-08T05:10:48","atum_locations":[],"atum_stock_status":"instock","restock_status":false,"low_stock_amount":"","sales_update_date":"2026-01-30T01:25:40","calc_backorders":null,"_links":{"self":[{"href":"https:\/\/aromasentia.com\/es\/wp-json\/wp\/v2\/product\/239514","targetHints":{"allow":["GET"]}}],"collection":[{"href":"https:\/\/aromasentia.com\/es\/wp-json\/wp\/v2\/product"}],"about":[{"href":"https:\/\/aromasentia.com\/es\/wp-json\/wp\/v2\/types\/product"}],"replies":[{"embeddable":true,"href":"https:\/\/aromasentia.com\/es\/wp-json\/wp\/v2\/comments?post=239514"}],"version-history":[{"count":0,"href":"https:\/\/aromasentia.com\/es\/wp-json\/wp\/v2\/product\/239514\/revisions"}],"wp:featuredmedia":[{"embeddable":true,"href":"https:\/\/aromasentia.com\/es\/wp-json\/wp\/v2\/media\/287764"}],"wp:attachment":[{"href":"https:\/\/aromasentia.com\/es\/wp-json\/wp\/v2\/media?parent=239514"}],"wp:term":[{"taxonomy":"product_brand","embeddable":true,"href":"https:\/\/aromasentia.com\/es\/wp-json\/wp\/v2\/product_brand?post=239514"},{"taxonomy":"product_cat","embeddable":true,"href":"https:\/\/aromasentia.com\/es\/wp-json\/wp\/v2\/product_cat?post=239514"},{"taxonomy":"product_tag","embeddable":true,"href":"https:\/\/aromasentia.com\/es\/wp-json\/wp\/v2\/product_tag?post=239514"}],"curies":[{"name":"wp","href":"https:\/\/api.w.org\/{rel}","templated":true}]}}