{"id":239510,"date":"2025-03-20T16:52:12","date_gmt":"2025-03-20T16:52:12","guid":{"rendered":"https:\/\/aromasentia.com\/product\/coconut-lime-halloween-bath-bomb\/"},"modified":"2025-05-31T19:25:09","modified_gmt":"2025-05-31T19:25:09","slug":"bomba-de-bano-de-coco-y-lima-para-halloween","status":"publish","type":"product","link":"https:\/\/aromasentia.com\/es\/bomba-de-bano-de-coco-y-lima-para-halloween\/","title":{"rendered":"Bomba de ba\u00f1o de Coco y Lima para Halloween"},"content":{"rendered":"<h1><span style=\"color: rgb(251, 160, 38);\">Compra al por mayor Bombas de Ba\u00f1o de Coco y Lima para Halloween<\/span><\/h1>\n<p><strong>\u00bfEst\u00e1s preparado para Halloween?<\/strong><\/p>\n<p>Ya lo estar\u00e1s&#8230; con nuestras nuevas bombas de ba\u00f1o especiales para Halloween hechas a mano (cantidades limitadas). Son muy monas, con un dise\u00f1o que no asustar\u00e1 a los m\u00e1s peque\u00f1os.<\/p>\n<p>Puedes animar el Halloween de tus clientes con estas bombas de ba\u00f1o de vivos colores. La bomba de ba\u00f1o de Halloween ser\u00e1 el regalo perfecto para los amantes de Halloween o simplemente un capricho para uno mismo. Deje caer una bomba de ba\u00f1o en agua tibia y limpia y observe como hace espuma y efervescencia liberando vigorosamente su perfume y colores. <\/p>\n<p>Todas nuestras bombas de ba\u00f1o est\u00e1n hechas a mano en el Reino Unido, pueden tener algunas grietas o desmoronamientos debido a la naturaleza de la fabricaci\u00f3n, pero esto no afecta a su uso.<\/p>\n<ol>\n<li><strong>Cada bomba de ba\u00f1o pesa 180g y 200g (aprox)<\/strong><\/li>\n<li><strong>Los colores pueden variar de un lote a otro<\/strong><\/li>\n<li><strong>Hechas a mano<\/strong><\/li>\n<li><strong>Las bombas de ba\u00f1o est\u00e1n hechas a mano.<\/strong><\/li>\n<li><strong>Aroma de coco y lima<\/strong><\/li>\n<\/ol>\n<p><strong><br \/><\/strong><&quot;\u00bfBuscas un complemento espeluznante para tu <strong>l\u00ednea de productos corporales y de ba\u00f1o<\/strong> este Halloween? No busques m\u00e1s, <strong>16x Bomba de Ba\u00f1o de Coco y Lima para Halloween<\/strong> Con su delicioso aroma y divertido dise\u00f1o festivo, seguro que ser\u00e1 un \u00e9xito entre tus clientes.<\/p>\n<p><strong>Haz tu pedido ahora para abastecerte de&nbsp;<\/strong><a href=\"https:\/\/aromasentia.com\/wholesale-bath-bombs-uk\" rel=\"noopener noreferrer\" target=\"_blank\"><strong>bombas de ba\u00f1o al por mayor para reventa<\/strong><\/a><strong>&nbsp;\u00a1y prep\u00e1rate para dar un buen susto este Halloween!&quot;<\/strong><strong><&nbsp;<br \/><\/strong><\/p>\n","protected":false},"excerpt":{"rendered":"<p>Compra al por mayor Bombas de Ba\u00f1o de Coco y Lima para Halloween \u00bfEst\u00e1s preparado para Halloween? Ya lo estar\u00e1s&#8230; con nuestras nuevas bombas de ba\u00f1o especiales para Halloween hechas a mano (cantidades limitadas). Son muy monas, con un dise\u00f1o que no asustar\u00e1 a los m\u00e1s peque\u00f1os. Puedes animar el Halloween de tus clientes con [&hellip;]<\/p>\n","protected":false},"featured_media":287747,"comment_status":"closed","ping_status":"open","template":"","meta":{"_angie_page":false},"product_brand":[],"product_cat":[25844,19453,20515,26821,26258],"product_tag":[],"class_list":{"0":"post-239510","1":"product","2":"type-product","3":"status-publish","4":"has-post-thumbnail","6":"product_cat-aromas","7":"product_cat-bano-y-ducha","8":"product_cat-bombas-de-bano","9":"product_cat-citrico","10":"product_cat-lima","11":"pa_collection-halloween-bath-bombs-180g-es","12":"pa_made-in-reino-unido","14":"first","15":"instock","16":"purchasable","17":"product-type-simple"},"supplier_id":null,"supplier_sku":"HBB-03","barcode":null,"atum_controlled":true,"out_stock_date":null,"out_stock_threshold":null,"inheritable":false,"inbound_stock":null,"stock_on_hold":0,"sold_today":0,"sales_last_days":0,"reserved_stock":null,"customer_returns":null,"warehouse_damage":null,"lost_in_post":null,"other_logs":null,"out_stock_days":0,"lost_sales":0,"has_location":null,"update_date":"2026-04-27T07:06:46","atum_locations":[],"atum_stock_status":"instock","restock_status":false,"low_stock_amount":"","sales_update_date":"2026-01-30T01:25:36","calc_backorders":null,"_links":{"self":[{"href":"https:\/\/aromasentia.com\/es\/wp-json\/wp\/v2\/product\/239510","targetHints":{"allow":["GET"]}}],"collection":[{"href":"https:\/\/aromasentia.com\/es\/wp-json\/wp\/v2\/product"}],"about":[{"href":"https:\/\/aromasentia.com\/es\/wp-json\/wp\/v2\/types\/product"}],"replies":[{"embeddable":true,"href":"https:\/\/aromasentia.com\/es\/wp-json\/wp\/v2\/comments?post=239510"}],"version-history":[{"count":0,"href":"https:\/\/aromasentia.com\/es\/wp-json\/wp\/v2\/product\/239510\/revisions"}],"wp:featuredmedia":[{"embeddable":true,"href":"https:\/\/aromasentia.com\/es\/wp-json\/wp\/v2\/media\/287747"}],"wp:attachment":[{"href":"https:\/\/aromasentia.com\/es\/wp-json\/wp\/v2\/media?parent=239510"}],"wp:term":[{"taxonomy":"product_brand","embeddable":true,"href":"https:\/\/aromasentia.com\/es\/wp-json\/wp\/v2\/product_brand?post=239510"},{"taxonomy":"product_cat","embeddable":true,"href":"https:\/\/aromasentia.com\/es\/wp-json\/wp\/v2\/product_cat?post=239510"},{"taxonomy":"product_tag","embeddable":true,"href":"https:\/\/aromasentia.com\/es\/wp-json\/wp\/v2\/product_tag?post=239510"}],"curies":[{"name":"wp","href":"https:\/\/api.w.org\/{rel}","templated":true}]}}