{"id":239502,"date":"2025-03-20T16:52:12","date_gmt":"2025-03-20T16:52:12","guid":{"rendered":"https:\/\/aromasentia.com\/product\/himalayan-bath-salt-blend-500g-clarity\/"},"modified":"2025-06-28T22:23:26","modified_gmt":"2025-06-28T22:23:26","slug":"claridad-mezclas-de-sal-de-bano-himalaya-500g","status":"publish","type":"product","link":"https:\/\/aromasentia.com\/es\/claridad-mezclas-de-sal-de-bano-himalaya-500g\/","title":{"rendered":"Claridad Mezclas de Sal de Ba\u00f1o Himalaya &#8211; 500g"},"content":{"rendered":"<h1 style=\"text-align: center;\">Rosemary, Sabio clary<\/h1>\n<h1 style=\"text-align: center;\">&nbsp;y aceite de oliva<\/h1>\n<p style=\"text-align: justify;\"><strong>Claridad:<\/strong> Aceites Esenciales de Romero y Salvia Clara + Aceite de Oliva<\/p>\n<p style=\"text-align: justify;\"><\/p>\n<p style=\"text-align: justify;\">Sal mineral rica del Himalaya con aceites 100% esenciales, aceite de oliva y hierbas secas de romero.<\/p>\n<p style=\"text-align: justify;\"><\/p>\n<p style=\"text-align: justify;\">Los poderes curativos de los ba\u00f1os de sal todav\u00eda se valoran hasta nuestros d\u00edas gracias a los beneficios para la salud bien documentados de los antiguos griegos. Y al elegir una sal para remojar, \u00a1la variedad pura del Himalaya reina suprema!<\/p>\n<p style=\"text-align: justify;\"><\/p>\n<p style=\"text-align: justify;\">Debido a que la sal del Himalaya es tan rica en minerales &#8230; para ser exactos 84 minerales &#8230; remojar en agua salada, alivia y repara la piel da\u00f1ada y promueve la renovaci\u00f3n celular. Y con el poco extra de oliva, jojoba, onagra y otros aceites base, nutre e hidrata la piel.<\/p>\n<p style=\"text-align: justify;\"><\/p>\n<p style=\"text-align: justify;\">Sin embargo, no nos hemos detenido all\u00ed y hemos agregado muchos aceites esenciales puros y flores secas para crear la mejor experiencia de ba\u00f1o de aromaterapia.<\/p>\n","protected":false},"excerpt":{"rendered":"<p>Rosemary, Sabio clary &nbsp;y aceite de oliva Claridad: Aceites Esenciales de Romero y Salvia Clara + Aceite de Oliva Sal mineral rica del Himalaya con aceites 100% esenciales, aceite de oliva y hierbas secas de romero. Los poderes curativos de los ba\u00f1os de sal todav\u00eda se valoran hasta nuestros d\u00edas gracias a los beneficios para [&hellip;]<\/p>\n","protected":false},"featured_media":287697,"comment_status":"closed","ping_status":"open","template":"","meta":{"_angie_page":false},"product_brand":[],"product_cat":[19453,20685],"product_tag":[],"class_list":{"0":"post-239502","1":"product","2":"type-product","3":"status-publish","4":"has-post-thumbnail","6":"product_cat-bano-y-ducha","7":"product_cat-sales-de-bano","8":"pa_collection-himalayan-bath-salt-blends-500g-es","9":"pa_made-in-reino-unido","10":"pa_size-500g","12":"first","13":"instock","14":"purchasable","15":"product-type-simple"},"supplier_id":null,"supplier_sku":"HBathS-02","barcode":null,"atum_controlled":true,"out_stock_date":null,"out_stock_threshold":null,"inheritable":false,"inbound_stock":null,"stock_on_hold":0,"sold_today":0,"sales_last_days":0,"reserved_stock":null,"customer_returns":null,"warehouse_damage":null,"lost_in_post":null,"other_logs":null,"out_stock_days":0,"lost_sales":0,"has_location":null,"update_date":"2026-04-27T07:06:46","atum_locations":[],"atum_stock_status":"instock","restock_status":false,"low_stock_amount":"","sales_update_date":"2025-09-05T00:19:22","calc_backorders":null,"_links":{"self":[{"href":"https:\/\/aromasentia.com\/es\/wp-json\/wp\/v2\/product\/239502","targetHints":{"allow":["GET"]}}],"collection":[{"href":"https:\/\/aromasentia.com\/es\/wp-json\/wp\/v2\/product"}],"about":[{"href":"https:\/\/aromasentia.com\/es\/wp-json\/wp\/v2\/types\/product"}],"replies":[{"embeddable":true,"href":"https:\/\/aromasentia.com\/es\/wp-json\/wp\/v2\/comments?post=239502"}],"version-history":[{"count":0,"href":"https:\/\/aromasentia.com\/es\/wp-json\/wp\/v2\/product\/239502\/revisions"}],"wp:featuredmedia":[{"embeddable":true,"href":"https:\/\/aromasentia.com\/es\/wp-json\/wp\/v2\/media\/287697"}],"wp:attachment":[{"href":"https:\/\/aromasentia.com\/es\/wp-json\/wp\/v2\/media?parent=239502"}],"wp:term":[{"taxonomy":"product_brand","embeddable":true,"href":"https:\/\/aromasentia.com\/es\/wp-json\/wp\/v2\/product_brand?post=239502"},{"taxonomy":"product_cat","embeddable":true,"href":"https:\/\/aromasentia.com\/es\/wp-json\/wp\/v2\/product_cat?post=239502"},{"taxonomy":"product_tag","embeddable":true,"href":"https:\/\/aromasentia.com\/es\/wp-json\/wp\/v2\/product_tag?post=239502"}],"curies":[{"name":"wp","href":"https:\/\/api.w.org\/{rel}","templated":true}]}}