{"id":239394,"date":"2025-03-20T16:56:09","date_gmt":"2025-03-20T16:56:09","guid":{"rendered":"https:\/\/aromasentia.com\/product\/love-heart-bath-bomb-70g-french-lavender\/"},"modified":"2025-05-31T19:22:42","modified_gmt":"2025-05-31T19:22:42","slug":"bomba-de-bano-love-heart-70g-lavanda-francesa","status":"publish","type":"product","link":"https:\/\/aromasentia.com\/es\/bomba-de-bano-love-heart-70g-lavanda-francesa\/","title":{"rendered":"Bomba de Ba\u00f1o Love Heart 70g &#8211; Lavanda Francesa"},"content":{"rendered":"<h2 style=\"text-align: justify;\"><span style=\"color: rgb(40, 50, 78);\">Mayorista Bomba de Ba\u00f1o Coraz\u00f3n de Amor Lavanda<\/span><\/h2>\n<p style=\"text-align: justify;\"><span style=\"color: rgb(40, 50, 78);\"><strong>Nuestras Bombas de Ba\u00f1o Coraz\u00f3n de Amor<\/strong> son perfectas para aquellos que buscan un ba\u00f1o calmante y arom\u00e1tico. Se disuelven lentamente, liberando una fragante mezcla de aceites esenciales, p\u00e9talos de lavanda y sales de Epsom para dejar tu piel suave como la seda e hidratada.<\/span><\/p>\n<p style=\"text-align: justify;\"><span style=\"color: rgb(40, 50, 78);\">Estas bombas de ba\u00f1o est\u00e1n <strong>hechas a mano utilizando s\u00f3lo los mejores ingredientes naturales<\/strong>, lo que las hace perfectas para una amplia gama de clientes, incluyendo <strong>spas<\/strong>, <strong>hoteles<\/strong> y <strong>retailers<\/strong>. Cada set incluye 16 bombas de ba\u00f1o, bellamente empaquetadas y listas para ser vendidas en su tienda o utilizadas en sus tratamientos de spa.<\/span><\/p>\n<p style=\"text-align: justify;\"><span style=\"color: rgb(40, 50, 78);\">No pierda esta oportunidad de ofrecer a sus clientes una experiencia de ba\u00f1o lujosa y relajante con nuestro <a href=\"https:\/\/aromasentia.com\/wholesale-bath-bombs-uk\" rel=\"noopener noreferrer\" target=\"_blank\">bombas de ba\u00f1o al por mayor<\/a>, incluido el set de 16 bombas de ba\u00f1o Love Heart.&nbsp;<\/span><\/p>\n<p style=\"text-align: justify;\"><span style=\"color: rgb(40, 50, 78);\"><strong>Pide ahora<\/strong> y experimenta los beneficios de estas relajantes y arom\u00e1ticas bombas de ba\u00f1o y regala a tus clientes una experiencia de ba\u00f1o lujosa y calmante con nuestro <a href=\"https:\/\/aromasentia.com\/heartb\" rel=\"noopener noreferrer\" target=\"_blank\">bombas de ba\u00f1o de Lavanda Francesa al por mayor<\/a>.<\/span><\/p>\n<p>&nbsp;<\/p>\n<p>\n","protected":false},"excerpt":{"rendered":"<p>Mayorista Bomba de Ba\u00f1o Coraz\u00f3n de Amor Lavanda Nuestras Bombas de Ba\u00f1o Coraz\u00f3n de Amor son perfectas para aquellos que buscan un ba\u00f1o calmante y arom\u00e1tico. Se disuelven lentamente, liberando una fragante mezcla de aceites esenciales, p\u00e9talos de lavanda y sales de Epsom para dejar tu piel suave como la seda e hidratada. Estas bombas [&hellip;]<\/p>\n","protected":false},"featured_media":288070,"comment_status":"closed","ping_status":"open","template":"","meta":{"_angie_page":false},"product_brand":[],"product_cat":[25844,19453,20515,26835,26235],"product_tag":[],"class_list":{"0":"post-239394","1":"product","2":"type-product","3":"status-publish","4":"has-post-thumbnail","6":"product_cat-aromas","7":"product_cat-bano-y-ducha","8":"product_cat-bombas-de-bano","9":"product_cat-floral","10":"product_cat-lavanda","11":"pa_collection-love-heart-bath-bomb-70-g-es","12":"pa_made-in-reino-unido","13":"pa_size-70g","15":"first","16":"instock","17":"purchasable","18":"product-type-simple"},"supplier_id":null,"supplier_sku":"HeartB-04a","barcode":null,"atum_controlled":true,"out_stock_date":null,"out_stock_threshold":null,"inheritable":false,"inbound_stock":null,"stock_on_hold":0,"sold_today":0,"sales_last_days":0,"reserved_stock":null,"customer_returns":null,"warehouse_damage":null,"lost_in_post":null,"other_logs":null,"out_stock_days":0,"lost_sales":0,"has_location":null,"update_date":"2026-05-08T05:10:48","atum_locations":[],"atum_stock_status":"instock","restock_status":false,"low_stock_amount":"","sales_update_date":"2025-09-05T00:19:26","calc_backorders":null,"_links":{"self":[{"href":"https:\/\/aromasentia.com\/es\/wp-json\/wp\/v2\/product\/239394","targetHints":{"allow":["GET"]}}],"collection":[{"href":"https:\/\/aromasentia.com\/es\/wp-json\/wp\/v2\/product"}],"about":[{"href":"https:\/\/aromasentia.com\/es\/wp-json\/wp\/v2\/types\/product"}],"replies":[{"embeddable":true,"href":"https:\/\/aromasentia.com\/es\/wp-json\/wp\/v2\/comments?post=239394"}],"version-history":[{"count":0,"href":"https:\/\/aromasentia.com\/es\/wp-json\/wp\/v2\/product\/239394\/revisions"}],"wp:featuredmedia":[{"embeddable":true,"href":"https:\/\/aromasentia.com\/es\/wp-json\/wp\/v2\/media\/288070"}],"wp:attachment":[{"href":"https:\/\/aromasentia.com\/es\/wp-json\/wp\/v2\/media?parent=239394"}],"wp:term":[{"taxonomy":"product_brand","embeddable":true,"href":"https:\/\/aromasentia.com\/es\/wp-json\/wp\/v2\/product_brand?post=239394"},{"taxonomy":"product_cat","embeddable":true,"href":"https:\/\/aromasentia.com\/es\/wp-json\/wp\/v2\/product_cat?post=239394"},{"taxonomy":"product_tag","embeddable":true,"href":"https:\/\/aromasentia.com\/es\/wp-json\/wp\/v2\/product_tag?post=239394"}],"curies":[{"name":"wp","href":"https:\/\/api.w.org\/{rel}","templated":true}]}}