{"id":239374,"date":"2025-03-20T16:56:09","date_gmt":"2025-03-20T16:56:09","guid":{"rendered":"https:\/\/aromasentia.com\/product\/chamomile-hydrolat-100ml\/"},"modified":"2025-05-31T19:22:27","modified_gmt":"2025-05-31T19:22:27","slug":"agua-floral-de-manzanilla-100ml","status":"publish","type":"product","link":"https:\/\/aromasentia.com\/es\/agua-floral-de-manzanilla-100ml\/","title":{"rendered":"Agua Floral de Manzanilla 100ml"},"content":{"rendered":"<p><strong>Ampl\u00eda tu gama de productos de cuidad de ba\u00f1o de Hidrolato o agua floral de Manzanilla, es un producto natural y delicado que ofrece una infusi\u00f3n de propiedades calmantes, hidratantes y reparadoras. &nbsp;<\/strong><\/p>\n<p>Es ideal para el cuidado de la piel y el bienestar general. En presentaci\u00f3n de 100 ml, es perfecto tanto para su uso personal como para la venta al por mayor, siendo una excelente opci\u00f3n para agregar a tu inventario.&nbsp;<\/p>\n<p>El hidrolato de manzanilla es ideal para pieles sensibles o irritadas. Sus propiedades antiinflamatorias y calmantes ayudan a reducir enrojecimientos.<\/p>\n","protected":false},"excerpt":{"rendered":"<p>Ampl\u00eda tu gama de productos de cuidad de ba\u00f1o de Hidrolato o agua floral de Manzanilla, es un producto natural y delicado que ofrece una infusi\u00f3n de propiedades calmantes, hidratantes y reparadoras. &nbsp; Es ideal para el cuidado de la piel y el bienestar general. En presentaci\u00f3n de 100 ml, es perfecto tanto para su [&hellip;]<\/p>\n","protected":false},"featured_media":287985,"comment_status":"closed","ping_status":"open","template":"","meta":{"_angie_page":false},"product_brand":[27071],"product_cat":[25844,19453,20992,26835,26128],"product_tag":[],"class_list":{"0":"post-239374","1":"product","2":"type-product","3":"status-publish","4":"has-post-thumbnail","6":"product_brand-aw-cosmetics","7":"product_cat-aromas","8":"product_cat-bano-y-ducha","9":"product_cat-cuidado-corporal","10":"product_cat-floral","11":"product_cat-manzanilla-romana","12":"pa_collection-hydrolat-floral-waters-es","13":"pa_made-in-reino-unido","14":"pa_size-100ml","16":"first","17":"instock","18":"purchasable","19":"product-type-simple"},"supplier_id":null,"supplier_sku":"HDL-03","barcode":null,"atum_controlled":true,"out_stock_date":null,"out_stock_threshold":null,"inheritable":false,"inbound_stock":null,"stock_on_hold":0,"sold_today":0,"sales_last_days":0,"reserved_stock":null,"customer_returns":null,"warehouse_damage":null,"lost_in_post":null,"other_logs":null,"out_stock_days":0,"lost_sales":0,"has_location":null,"update_date":"2026-04-30T19:05:59","atum_locations":[],"atum_stock_status":"instock","restock_status":false,"low_stock_amount":"","sales_update_date":"2026-01-30T01:24:53","calc_backorders":null,"_links":{"self":[{"href":"https:\/\/aromasentia.com\/es\/wp-json\/wp\/v2\/product\/239374","targetHints":{"allow":["GET"]}}],"collection":[{"href":"https:\/\/aromasentia.com\/es\/wp-json\/wp\/v2\/product"}],"about":[{"href":"https:\/\/aromasentia.com\/es\/wp-json\/wp\/v2\/types\/product"}],"replies":[{"embeddable":true,"href":"https:\/\/aromasentia.com\/es\/wp-json\/wp\/v2\/comments?post=239374"}],"version-history":[{"count":0,"href":"https:\/\/aromasentia.com\/es\/wp-json\/wp\/v2\/product\/239374\/revisions"}],"wp:featuredmedia":[{"embeddable":true,"href":"https:\/\/aromasentia.com\/es\/wp-json\/wp\/v2\/media\/287985"}],"wp:attachment":[{"href":"https:\/\/aromasentia.com\/es\/wp-json\/wp\/v2\/media?parent=239374"}],"wp:term":[{"taxonomy":"product_brand","embeddable":true,"href":"https:\/\/aromasentia.com\/es\/wp-json\/wp\/v2\/product_brand?post=239374"},{"taxonomy":"product_cat","embeddable":true,"href":"https:\/\/aromasentia.com\/es\/wp-json\/wp\/v2\/product_cat?post=239374"},{"taxonomy":"product_tag","embeddable":true,"href":"https:\/\/aromasentia.com\/es\/wp-json\/wp\/v2\/product_tag?post=239374"}],"curies":[{"name":"wp","href":"https:\/\/api.w.org\/{rel}","templated":true}]}}