{"id":239370,"date":"2025-03-20T16:56:09","date_gmt":"2025-03-20T16:56:09","guid":{"rendered":"https:\/\/aromasentia.com\/product\/gernaium-hydrolat-100ml\/"},"modified":"2025-05-31T19:22:24","modified_gmt":"2025-05-31T19:22:24","slug":"agua-floral-de-geranio-100ml","status":"publish","type":"product","link":"https:\/\/aromasentia.com\/es\/agua-floral-de-geranio-100ml\/","title":{"rendered":"Agua Floral de Geranio 100ml"},"content":{"rendered":"<p>El agua floral de geranio tiene propiedades astringentes que ayudan a regular la producci\u00f3n de sebo en la piel, lo que la convierte en un excelente t\u00f3nico para pieles grasas o mixtas. Ayuda a mantener la piel fresca y equilibrada sin causar resequedad.&nbsp;<\/p>\n<p>Tama\u00f1o: 100 ml<\/p>\n<p>\u00a1No dudes en incorporar el agua floral de geranio en tu rutina diaria para disfrutar de todos sus maravillosos beneficios! <\/p>\n","protected":false},"excerpt":{"rendered":"<p>El agua floral de geranio tiene propiedades astringentes que ayudan a regular la producci\u00f3n de sebo en la piel, lo que la convierte en un excelente t\u00f3nico para pieles grasas o mixtas. Ayuda a mantener la piel fresca y equilibrada sin causar resequedad.&nbsp; Tama\u00f1o: 100 ml \u00a1No dudes en incorporar el agua floral de geranio [&hellip;]<\/p>\n","protected":false},"featured_media":287960,"comment_status":"closed","ping_status":"open","template":"","meta":{"_angie_page":false},"product_brand":[27071],"product_cat":[19453,20992],"product_tag":[],"class_list":{"0":"post-239370","1":"product","2":"type-product","3":"status-publish","4":"has-post-thumbnail","6":"product_brand-aw-cosmetics","7":"product_cat-bano-y-ducha","8":"product_cat-cuidado-corporal","9":"pa_collection-hydrolat-floral-waters-es","10":"pa_made-in-espana","11":"pa_size-100ml","13":"first","14":"instock","15":"purchasable","16":"product-type-simple"},"supplier_id":null,"supplier_sku":"HDL-04","barcode":null,"atum_controlled":true,"out_stock_date":null,"out_stock_threshold":null,"inheritable":false,"inbound_stock":null,"stock_on_hold":0,"sold_today":0,"sales_last_days":0,"reserved_stock":null,"customer_returns":null,"warehouse_damage":null,"lost_in_post":null,"other_logs":null,"out_stock_days":0,"lost_sales":0,"has_location":null,"update_date":"2026-04-27T07:06:54","atum_locations":[],"atum_stock_status":"instock","restock_status":false,"low_stock_amount":"","sales_update_date":"2026-01-30T01:24:31","calc_backorders":null,"_links":{"self":[{"href":"https:\/\/aromasentia.com\/es\/wp-json\/wp\/v2\/product\/239370","targetHints":{"allow":["GET"]}}],"collection":[{"href":"https:\/\/aromasentia.com\/es\/wp-json\/wp\/v2\/product"}],"about":[{"href":"https:\/\/aromasentia.com\/es\/wp-json\/wp\/v2\/types\/product"}],"replies":[{"embeddable":true,"href":"https:\/\/aromasentia.com\/es\/wp-json\/wp\/v2\/comments?post=239370"}],"version-history":[{"count":0,"href":"https:\/\/aromasentia.com\/es\/wp-json\/wp\/v2\/product\/239370\/revisions"}],"wp:featuredmedia":[{"embeddable":true,"href":"https:\/\/aromasentia.com\/es\/wp-json\/wp\/v2\/media\/287960"}],"wp:attachment":[{"href":"https:\/\/aromasentia.com\/es\/wp-json\/wp\/v2\/media?parent=239370"}],"wp:term":[{"taxonomy":"product_brand","embeddable":true,"href":"https:\/\/aromasentia.com\/es\/wp-json\/wp\/v2\/product_brand?post=239370"},{"taxonomy":"product_cat","embeddable":true,"href":"https:\/\/aromasentia.com\/es\/wp-json\/wp\/v2\/product_cat?post=239370"},{"taxonomy":"product_tag","embeddable":true,"href":"https:\/\/aromasentia.com\/es\/wp-json\/wp\/v2\/product_tag?post=239370"}],"curies":[{"name":"wp","href":"https:\/\/api.w.org\/{rel}","templated":true}]}}