{"id":239270,"date":"2025-03-20T17:12:26","date_gmt":"2025-03-20T17:12:26","guid":{"rendered":"https:\/\/aromasentia.com\/product\/hand-crafted-soap-orange-ginger-slice-115g-approx\/"},"modified":"2025-05-31T19:20:10","modified_gmt":"2025-05-31T19:20:10","slug":"barra-de-jabon-hecho-a-mano-1-2kg-naranja-y-jengibre","status":"publish","type":"product","link":"https:\/\/aromasentia.com\/es\/barra-de-jabon-hecho-a-mano-1-2kg-naranja-y-jengibre\/","title":{"rendered":"Barra de Jab\u00f3n Hecho a Mano  1.2kg &#8211; Naranja y Jengibre"},"content":{"rendered":"<p><strong><span style=\"color: rgb(184, 49, 47);\">PROPIEDADES:&nbsp;<\/span><\/strong><\/p>\n<p style=\"text-align: justify;\">La vitamina C es un gran antioxidante que ayuda a combatir los radicales libres en el organismo y, por tanto, a mantener la piel joven, evitar su envejecimiento y prevenir la aparici\u00f3n de arrugas.<\/p>\n<p style=\"text-align: justify;\">La naranja tambi\u00e9n favorece la producci\u00f3n de col\u00e1geno, por lo que mantiene la piel flexible y el\u00e1stica.<\/p>\n<p style=\"text-align: justify;\">Ayuda a aclarar las manchas oscuras de la piel y a equilibrar los tonos, dando como resultado una piel unificada mucho m\u00e1s bonita.<\/p>\n<p style=\"text-align: justify;\">Es astringente, antis\u00e9ptico y calmante, tres propiedades que hacen que el jab\u00f3n de naranja sea perfecto para tratar el acn\u00e9 y eliminar los puntos negros y dem\u00e1s impurezas.<\/p>\n<p style=\"text-align: justify;\">Elimina las c\u00e9lulas muertas de la piel, la suaviza y le proporciona una apariencia m\u00e1s hidratada y tonificada.<\/p>\n<p style=\"text-align: justify;\">Es refrescante y revitalizante.<\/p>\n<p style=\"text-align: justify;\">Su aroma favorece un estado de relajaci\u00f3n f\u00edsico y mental muy agradable.<\/p>\n<p style=\"text-align: justify;\">El jengibre cuenta con propiedades antiinflamatorias, analg\u00e9sicas y antis\u00e9pticas que permite combatir afecciones de la piel como el acn\u00e9 y las quemaduras. <\/p>\n","protected":false},"excerpt":{"rendered":"<p>PROPIEDADES:&nbsp; La vitamina C es un gran antioxidante que ayuda a combatir los radicales libres en el organismo y, por tanto, a mantener la piel joven, evitar su envejecimiento y prevenir la aparici\u00f3n de arrugas. La naranja tambi\u00e9n favorece la producci\u00f3n de col\u00e1geno, por lo que mantiene la piel flexible y el\u00e1stica. Ayuda a aclarar [&hellip;]<\/p>\n","protected":false},"featured_media":288717,"comment_status":"closed","ping_status":"open","template":"","meta":{"_angie_page":false},"product_brand":[],"product_cat":[25844,19453,26821,26891,26192,20592,26309],"product_tag":[],"class_list":{"0":"post-239270","1":"product","2":"type-product","3":"status-publish","4":"has-post-thumbnail","6":"product_cat-aromas","7":"product_cat-bano-y-ducha","8":"product_cat-citrico","9":"product_cat-especiado","10":"product_cat-geranio","11":"product_cat-jabones-ecologicos-naturales","12":"product_cat-naranja","13":"pa_collection-handmade-soap-loaves-1-25kg-slices-es","14":"pa_made-in-chequia","15":"pa_size-115g","17":"first","18":"instock","19":"purchasable","20":"product-type-simple"},"supplier_id":null,"supplier_sku":"HSBS-03","barcode":null,"atum_controlled":true,"out_stock_date":null,"out_stock_threshold":null,"inheritable":false,"inbound_stock":null,"stock_on_hold":0,"sold_today":0,"sales_last_days":0,"reserved_stock":null,"customer_returns":null,"warehouse_damage":null,"lost_in_post":null,"other_logs":null,"out_stock_days":0,"lost_sales":0,"has_location":null,"update_date":"2026-04-27T07:08:04","atum_locations":[],"atum_stock_status":"instock","restock_status":false,"low_stock_amount":"","sales_update_date":"2025-09-05T00:19:31","calc_backorders":null,"_links":{"self":[{"href":"https:\/\/aromasentia.com\/es\/wp-json\/wp\/v2\/product\/239270","targetHints":{"allow":["GET"]}}],"collection":[{"href":"https:\/\/aromasentia.com\/es\/wp-json\/wp\/v2\/product"}],"about":[{"href":"https:\/\/aromasentia.com\/es\/wp-json\/wp\/v2\/types\/product"}],"replies":[{"embeddable":true,"href":"https:\/\/aromasentia.com\/es\/wp-json\/wp\/v2\/comments?post=239270"}],"version-history":[{"count":0,"href":"https:\/\/aromasentia.com\/es\/wp-json\/wp\/v2\/product\/239270\/revisions"}],"wp:featuredmedia":[{"embeddable":true,"href":"https:\/\/aromasentia.com\/es\/wp-json\/wp\/v2\/media\/288717"}],"wp:attachment":[{"href":"https:\/\/aromasentia.com\/es\/wp-json\/wp\/v2\/media?parent=239270"}],"wp:term":[{"taxonomy":"product_brand","embeddable":true,"href":"https:\/\/aromasentia.com\/es\/wp-json\/wp\/v2\/product_brand?post=239270"},{"taxonomy":"product_cat","embeddable":true,"href":"https:\/\/aromasentia.com\/es\/wp-json\/wp\/v2\/product_cat?post=239270"},{"taxonomy":"product_tag","embeddable":true,"href":"https:\/\/aromasentia.com\/es\/wp-json\/wp\/v2\/product_tag?post=239270"}],"curies":[{"name":"wp","href":"https:\/\/api.w.org\/{rel}","templated":true}]}}