{"id":239242,"date":"2025-03-20T17:16:49","date_gmt":"2025-03-20T17:16:49","guid":{"rendered":"https:\/\/aromasentia.com\/product\/hand-crafted-soap-citrus-slice-115g-approx\/"},"modified":"2025-05-31T19:19:32","modified_gmt":"2025-05-31T19:19:32","slug":"barra-de-jabon-hecho-a-mano-1-2kg-citricos","status":"publish","type":"product","link":"https:\/\/aromasentia.com\/es\/barra-de-jabon-hecho-a-mano-1-2kg-citricos\/","title":{"rendered":"Barra de Jab\u00f3n Hecho a Mano 1.2kg &#8211; C\u00edtricos"},"content":{"rendered":"<p><span style=\"color: rgb(184, 49, 47);\"><strong>PROPIEDADES:<\/strong><\/span><\/p>\n<p><span style=\"color: rgb(124, 112, 107);\">Son conocidas sus propiedades astringentes y ligeramente exfoliantes gracias al \u00e1cido c\u00edtrico, que permiten eliminar la grasa y las pieles muertas.&nbsp;<\/span><\/p>\n<p><span style=\"color: rgb(124, 112, 107);\">El zumo de lim\u00f3n tiene constatadas propiedades aclarantes de las manchas cut\u00e1neas, es antiarrugas y desodorante.&nbsp;<\/span><\/p>\n","protected":false},"excerpt":{"rendered":"<p>PROPIEDADES: Son conocidas sus propiedades astringentes y ligeramente exfoliantes gracias al \u00e1cido c\u00edtrico, que permiten eliminar la grasa y las pieles muertas.&nbsp; El zumo de lim\u00f3n tiene constatadas propiedades aclarantes de las manchas cut\u00e1neas, es antiarrugas y desodorante.&nbsp;<\/p>\n","protected":false},"featured_media":642499,"comment_status":"closed","ping_status":"open","template":"","meta":{"_angie_page":false},"product_brand":[],"product_cat":[19453,20592],"product_tag":[],"class_list":{"0":"post-239242","1":"product","2":"type-product","3":"status-publish","4":"has-post-thumbnail","6":"product_cat-bano-y-ducha","7":"product_cat-jabones-ecologicos-naturales","8":"pa_collection-handmade-soap-loaves-1-25kg-slices-es","9":"pa_made-in-chequia","10":"pa_size-115g","12":"first","13":"instock","14":"purchasable","15":"product-type-simple"},"supplier_id":null,"supplier_sku":"HSBS-09","barcode":null,"atum_controlled":true,"out_stock_date":null,"out_stock_threshold":null,"inheritable":false,"inbound_stock":null,"stock_on_hold":0,"sold_today":0,"sales_last_days":0,"reserved_stock":null,"customer_returns":null,"warehouse_damage":null,"lost_in_post":null,"other_logs":null,"out_stock_days":0,"lost_sales":0,"has_location":null,"update_date":"2026-05-08T05:17:59","atum_locations":[],"atum_stock_status":"instock","restock_status":false,"low_stock_amount":"","sales_update_date":"2025-09-05T00:19:32","calc_backorders":null,"_links":{"self":[{"href":"https:\/\/aromasentia.com\/es\/wp-json\/wp\/v2\/product\/239242","targetHints":{"allow":["GET"]}}],"collection":[{"href":"https:\/\/aromasentia.com\/es\/wp-json\/wp\/v2\/product"}],"about":[{"href":"https:\/\/aromasentia.com\/es\/wp-json\/wp\/v2\/types\/product"}],"replies":[{"embeddable":true,"href":"https:\/\/aromasentia.com\/es\/wp-json\/wp\/v2\/comments?post=239242"}],"version-history":[{"count":0,"href":"https:\/\/aromasentia.com\/es\/wp-json\/wp\/v2\/product\/239242\/revisions"}],"wp:featuredmedia":[{"embeddable":true,"href":"https:\/\/aromasentia.com\/es\/wp-json\/wp\/v2\/media\/642499"}],"wp:attachment":[{"href":"https:\/\/aromasentia.com\/es\/wp-json\/wp\/v2\/media?parent=239242"}],"wp:term":[{"taxonomy":"product_brand","embeddable":true,"href":"https:\/\/aromasentia.com\/es\/wp-json\/wp\/v2\/product_brand?post=239242"},{"taxonomy":"product_cat","embeddable":true,"href":"https:\/\/aromasentia.com\/es\/wp-json\/wp\/v2\/product_cat?post=239242"},{"taxonomy":"product_tag","embeddable":true,"href":"https:\/\/aromasentia.com\/es\/wp-json\/wp\/v2\/product_tag?post=239242"}],"curies":[{"name":"wp","href":"https:\/\/api.w.org\/{rel}","templated":true}]}}