{"id":239214,"date":"2025-03-20T17:19:14","date_gmt":"2025-03-20T17:19:14","guid":{"rendered":"https:\/\/aromasentia.com\/product\/hand-crafted-soap-strawberry-slice-115g-approx\/"},"modified":"2025-05-31T19:18:51","modified_gmt":"2025-05-31T19:18:51","slug":"barra-de-jabon-hecho-a-mano-1-2kg-fresa","status":"publish","type":"product","link":"https:\/\/aromasentia.com\/es\/barra-de-jabon-hecho-a-mano-1-2kg-fresa\/","title":{"rendered":"Barra de Jab\u00f3n Hecho a Mano 1.2kg  &#8211; Fresa"},"content":{"rendered":"<p>Este jab\u00f3n hecho a mano con los mejores ingredientes. Este jab\u00f3n de fresa permitir\u00e1 a sus cliente sentirse hidratados y limpios.<\/p>\n<p>El peso aproximado es de 1,2kg. Aroma Sentia ofrece jabones hecho a mano con fragancias incre\u00edbles y colores diferentes.&nbsp;<\/p>\n<p>Nota: El color o el dise\u00f1o pueden variar ligeramente.<\/p>\n","protected":false},"excerpt":{"rendered":"<p>Este jab\u00f3n hecho a mano con los mejores ingredientes. Este jab\u00f3n de fresa permitir\u00e1 a sus cliente sentirse hidratados y limpios. El peso aproximado es de 1,2kg. Aroma Sentia ofrece jabones hecho a mano con fragancias incre\u00edbles y colores diferentes.&nbsp; Nota: El color o el dise\u00f1o pueden variar ligeramente.<\/p>\n","protected":false},"featured_media":289024,"comment_status":"closed","ping_status":"open","template":"","meta":{"_angie_page":false},"product_brand":[],"product_cat":[25844,19453,26544,26849,20592],"product_tag":[],"class_list":{"0":"post-239214","1":"product","2":"type-product","3":"status-publish","4":"has-post-thumbnail","6":"product_cat-aromas","7":"product_cat-bano-y-ducha","8":"product_cat-fresa","9":"product_cat-frutal","10":"product_cat-jabones-ecologicos-naturales","11":"pa_collection-handmade-soap-loaves-1-25kg-slices-es","12":"pa_made-in-chequia","13":"pa_size-115g","15":"first","16":"instock","17":"purchasable","18":"product-type-simple"},"supplier_id":null,"supplier_sku":"HSBS-14","barcode":null,"atum_controlled":true,"out_stock_date":null,"out_stock_threshold":null,"inheritable":false,"inbound_stock":0,"stock_on_hold":0,"sold_today":0,"sales_last_days":0,"reserved_stock":0,"customer_returns":0,"warehouse_damage":0,"lost_in_post":0,"other_logs":0,"out_stock_days":0,"lost_sales":0,"has_location":false,"update_date":"2026-05-04T00:04:58","atum_locations":[],"atum_stock_status":"instock","restock_status":false,"low_stock_amount":"","sales_update_date":"2025-09-05T00:19:33","calc_backorders":null,"_links":{"self":[{"href":"https:\/\/aromasentia.com\/es\/wp-json\/wp\/v2\/product\/239214","targetHints":{"allow":["GET"]}}],"collection":[{"href":"https:\/\/aromasentia.com\/es\/wp-json\/wp\/v2\/product"}],"about":[{"href":"https:\/\/aromasentia.com\/es\/wp-json\/wp\/v2\/types\/product"}],"replies":[{"embeddable":true,"href":"https:\/\/aromasentia.com\/es\/wp-json\/wp\/v2\/comments?post=239214"}],"version-history":[{"count":0,"href":"https:\/\/aromasentia.com\/es\/wp-json\/wp\/v2\/product\/239214\/revisions"}],"wp:featuredmedia":[{"embeddable":true,"href":"https:\/\/aromasentia.com\/es\/wp-json\/wp\/v2\/media\/289024"}],"wp:attachment":[{"href":"https:\/\/aromasentia.com\/es\/wp-json\/wp\/v2\/media?parent=239214"}],"wp:term":[{"taxonomy":"product_brand","embeddable":true,"href":"https:\/\/aromasentia.com\/es\/wp-json\/wp\/v2\/product_brand?post=239214"},{"taxonomy":"product_cat","embeddable":true,"href":"https:\/\/aromasentia.com\/es\/wp-json\/wp\/v2\/product_cat?post=239214"},{"taxonomy":"product_tag","embeddable":true,"href":"https:\/\/aromasentia.com\/es\/wp-json\/wp\/v2\/product_tag?post=239214"}],"curies":[{"name":"wp","href":"https:\/\/api.w.org\/{rel}","templated":true}]}}