{"id":239206,"date":"2025-03-20T17:19:14","date_gmt":"2025-03-20T17:19:14","guid":{"rendered":"https:\/\/aromasentia.com\/product\/hand-crafted-soap-rose-slice-115g-approx\/"},"modified":"2025-05-31T19:18:42","modified_gmt":"2025-05-31T19:18:42","slug":"barra-de-jabon-hecho-a-mano-1-2kg-rosa","status":"publish","type":"product","link":"https:\/\/aromasentia.com\/es\/barra-de-jabon-hecho-a-mano-1-2kg-rosa\/","title":{"rendered":"Barra de Jab\u00f3n Hecho a Mano 1.2kg &#8211; Rosa"},"content":{"rendered":"<p><strong><span style=\"color: rgb(184, 49, 47);\">PROPIEDADES:<\/span><\/strong><\/p>\n<p style=\"text-align: justify;\">Reduce las arrugas y da elasticidad a la piel&nbsp;<\/p>\n<p style=\"text-align: justify;\">Es un gran humectante<\/p>\n<p style=\"text-align: justify;\">Aumenta la s\u00edntesis de col\u00e1geno en la piel<\/p>\n<p style=\"text-align: justify;\">Puede prevenir la p\u00e9rdida de elasticidad y envejecimiento de la piel<\/p>\n<p style=\"text-align: justify;\">Act\u00faa como agente blanqueador de la piel<\/p>\n<p style=\"text-align: justify;\">Regula la producci\u00f3n de sebo y cura las heridas que produce el acn\u00e9<\/p>\n<p style=\"text-align: justify;\">Puede prevenir el fotoenvejecimiento y reducir las manchas de la edad<\/p>\n<p style=\"text-align: justify;\">Previene la aparici\u00f3n de estr\u00edas en el embarazo<\/p>\n<p style=\"text-align: justify;\">Acelera la cicatrizaci\u00f3n de heridas Cicatriza e hidrata las quemaduras<\/p>\n","protected":false},"excerpt":{"rendered":"<p>PROPIEDADES: Reduce las arrugas y da elasticidad a la piel&nbsp; Es un gran humectante Aumenta la s\u00edntesis de col\u00e1geno en la piel Puede prevenir la p\u00e9rdida de elasticidad y envejecimiento de la piel Act\u00faa como agente blanqueador de la piel Regula la producci\u00f3n de sebo y cura las heridas que produce el acn\u00e9 Puede prevenir [&hellip;]<\/p>\n","protected":false},"featured_media":642515,"comment_status":"closed","ping_status":"open","template":"","meta":{"_angie_page":false},"product_brand":[],"product_cat":[25844,19453,26835,20592,26367],"product_tag":[],"class_list":{"0":"post-239206","1":"product","2":"type-product","3":"status-publish","4":"has-post-thumbnail","6":"product_cat-aromas","7":"product_cat-bano-y-ducha","8":"product_cat-floral","9":"product_cat-jabones-ecologicos-naturales","10":"product_cat-rosa","11":"pa_collection-handmade-soap-loaves-1-25kg-slices-es","12":"pa_made-in-chequia","13":"pa_size-115g","15":"first","16":"instock","17":"purchasable","18":"product-type-simple"},"supplier_id":null,"supplier_sku":"HSBS-12","barcode":null,"atum_controlled":true,"out_stock_date":null,"out_stock_threshold":null,"inheritable":false,"inbound_stock":null,"stock_on_hold":0,"sold_today":0,"sales_last_days":0,"reserved_stock":null,"customer_returns":null,"warehouse_damage":null,"lost_in_post":null,"other_logs":null,"out_stock_days":0,"lost_sales":0,"has_location":null,"update_date":"2026-04-27T07:19:36","atum_locations":[],"atum_stock_status":"instock","restock_status":false,"low_stock_amount":"","sales_update_date":"2025-09-05T00:19:33","calc_backorders":null,"_links":{"self":[{"href":"https:\/\/aromasentia.com\/es\/wp-json\/wp\/v2\/product\/239206","targetHints":{"allow":["GET"]}}],"collection":[{"href":"https:\/\/aromasentia.com\/es\/wp-json\/wp\/v2\/product"}],"about":[{"href":"https:\/\/aromasentia.com\/es\/wp-json\/wp\/v2\/types\/product"}],"replies":[{"embeddable":true,"href":"https:\/\/aromasentia.com\/es\/wp-json\/wp\/v2\/comments?post=239206"}],"version-history":[{"count":0,"href":"https:\/\/aromasentia.com\/es\/wp-json\/wp\/v2\/product\/239206\/revisions"}],"wp:featuredmedia":[{"embeddable":true,"href":"https:\/\/aromasentia.com\/es\/wp-json\/wp\/v2\/media\/642515"}],"wp:attachment":[{"href":"https:\/\/aromasentia.com\/es\/wp-json\/wp\/v2\/media?parent=239206"}],"wp:term":[{"taxonomy":"product_brand","embeddable":true,"href":"https:\/\/aromasentia.com\/es\/wp-json\/wp\/v2\/product_brand?post=239206"},{"taxonomy":"product_cat","embeddable":true,"href":"https:\/\/aromasentia.com\/es\/wp-json\/wp\/v2\/product_cat?post=239206"},{"taxonomy":"product_tag","embeddable":true,"href":"https:\/\/aromasentia.com\/es\/wp-json\/wp\/v2\/product_tag?post=239206"}],"curies":[{"name":"wp","href":"https:\/\/api.w.org\/{rel}","templated":true}]}}