{"id":239198,"date":"2025-03-20T17:20:26","date_gmt":"2025-03-20T17:20:26","guid":{"rendered":"https:\/\/aromasentia.com\/product\/handcrafted-soap-loaf-1-2kg-melon\/"},"modified":"2025-05-31T19:18:30","modified_gmt":"2025-05-31T19:18:30","slug":"pastilla-jabon-artesanal-1-2kg-melon","status":"publish","type":"product","link":"https:\/\/aromasentia.com\/es\/pastilla-jabon-artesanal-1-2kg-melon\/","title":{"rendered":"Pastilla Jab\u00f3n Artesanal 1.2Kg &#8211; Mel\u00f3n"},"content":{"rendered":"<p>La nueva gama de jabones artesanales <strong>Aroma Sentia ping &#8211; Mel\u00f3n 1,2 kg<\/strong> est\u00e1 elaborada con ingredientes de la m\u00e1s alta calidad utilizando el m\u00e9todo de fundir y verter. &nbsp;<\/p>\n<p>Las manos, el cuerpo y el alma de tus clientes se sentir\u00e1n limpios, nutridos e hidratados.&nbsp;<\/p>\n<p>A menudo, el puesto m\u00e1s concurrido del mercado artesanal es el que vende jabones artesanales cortados en panes. El secreto est\u00e1 en la presentaci\u00f3n&#8230; \u00a1s\u00e9 creativo!&nbsp;<\/p>\n<p>Un jab\u00f3n realmente encantador que se presenta en panes de 1,2 kg. De cada barra se pueden obtener 12 piezas de 100 g (peso aproximado).&nbsp;<\/p>\n<p>El color o el dise\u00f1o pueden variar ligeramente. Tambi\u00e9n proporcionamos l\u00e1minas de pl\u00e1stico, etiquetas y cortadores de jab\u00f3n, consulta m\u00e1s abajo.&nbsp;<\/p>\n<p><strong>Jabones artesanales * Fragancias incre\u00edbles * Colores preciosos<\/strong><\/p>\n","protected":false},"excerpt":{"rendered":"<p>La nueva gama de jabones artesanales Aroma Sentia ping &#8211; Mel\u00f3n 1,2 kg est\u00e1 elaborada con ingredientes de la m\u00e1s alta calidad utilizando el m\u00e9todo de fundir y verter. &nbsp; Las manos, el cuerpo y el alma de tus clientes se sentir\u00e1n limpios, nutridos e hidratados.&nbsp; A menudo, el puesto m\u00e1s concurrido del mercado artesanal [&hellip;]<\/p>\n","protected":false},"featured_media":289262,"comment_status":"closed","ping_status":"open","template":"","meta":{"_angie_page":false},"product_brand":[],"product_cat":[25844,19453,26849,20592,26496],"product_tag":[],"class_list":{"0":"post-239198","1":"product","2":"type-product","3":"status-publish","4":"has-post-thumbnail","6":"product_cat-aromas","7":"product_cat-bano-y-ducha","8":"product_cat-frutal","9":"product_cat-jabones-ecologicos-naturales","10":"product_cat-melon","11":"pa_collection-handmade-soap-loaves-1-25kg-slices-es","12":"pa_made-in-chequia","14":"first","15":"instock","16":"purchasable","17":"product-type-simple"},"supplier_id":null,"supplier_sku":"HSBS-02L","barcode":null,"atum_controlled":true,"out_stock_date":null,"out_stock_threshold":null,"inheritable":false,"inbound_stock":null,"stock_on_hold":0,"sold_today":0,"sales_last_days":0,"reserved_stock":null,"customer_returns":null,"warehouse_damage":null,"lost_in_post":null,"other_logs":null,"out_stock_days":0,"lost_sales":0,"has_location":null,"update_date":"2026-04-27T07:08:04","atum_locations":[],"atum_stock_status":"instock","restock_status":false,"low_stock_amount":"","sales_update_date":"2025-09-05T00:19:34","calc_backorders":null,"_links":{"self":[{"href":"https:\/\/aromasentia.com\/es\/wp-json\/wp\/v2\/product\/239198","targetHints":{"allow":["GET"]}}],"collection":[{"href":"https:\/\/aromasentia.com\/es\/wp-json\/wp\/v2\/product"}],"about":[{"href":"https:\/\/aromasentia.com\/es\/wp-json\/wp\/v2\/types\/product"}],"replies":[{"embeddable":true,"href":"https:\/\/aromasentia.com\/es\/wp-json\/wp\/v2\/comments?post=239198"}],"version-history":[{"count":0,"href":"https:\/\/aromasentia.com\/es\/wp-json\/wp\/v2\/product\/239198\/revisions"}],"wp:featuredmedia":[{"embeddable":true,"href":"https:\/\/aromasentia.com\/es\/wp-json\/wp\/v2\/media\/289262"}],"wp:attachment":[{"href":"https:\/\/aromasentia.com\/es\/wp-json\/wp\/v2\/media?parent=239198"}],"wp:term":[{"taxonomy":"product_brand","embeddable":true,"href":"https:\/\/aromasentia.com\/es\/wp-json\/wp\/v2\/product_brand?post=239198"},{"taxonomy":"product_cat","embeddable":true,"href":"https:\/\/aromasentia.com\/es\/wp-json\/wp\/v2\/product_cat?post=239198"},{"taxonomy":"product_tag","embeddable":true,"href":"https:\/\/aromasentia.com\/es\/wp-json\/wp\/v2\/product_tag?post=239198"}],"curies":[{"name":"wp","href":"https:\/\/api.w.org\/{rel}","templated":true}]}}