{"id":239178,"date":"2025-03-20T17:21:08","date_gmt":"2025-03-20T17:21:08","guid":{"rendered":"https:\/\/aromasentia.com\/product\/handcrafted-soap-loaf-1-2kg-lavender\/"},"modified":"2025-05-31T19:18:08","modified_gmt":"2025-05-31T19:18:08","slug":"pastilla-jabon-artesanal-1-2kg-lavanda","status":"publish","type":"product","link":"https:\/\/aromasentia.com\/es\/pastilla-jabon-artesanal-1-2kg-lavanda\/","title":{"rendered":"Pastilla Jab\u00f3n Artesanal 1.2Kg &#8211; Lavanda"},"content":{"rendered":"<p><span style=\u00abcolor: rgb(75, 80, 88);\u00bb>La nueva gama de <strong>&nbsp;Jab\u00f3n artesanal en barra &#8211; Lavanda 1,2 kg<\/strong> est\u00e1 elaborada con ingredientes de la m\u00e1s alta calidad utilizando el m\u00e9todo de fundir y verter. &nbsp;<\/span><\/p>\n<p><span style=\u00abcolor: rgb(75, 80, 88);\u00bb>Las manos, el cuerpo y el alma de tus clientes se sentir\u00e1n limpios, nutridos e hidratados. &nbsp;<\/span><\/p>\n<p><span style=\u00abcolor: rgb(75, 80, 88);\u00bb>A menudo, el puesto m\u00e1s concurrido de los mercadillos artesanales es el que vende jabones artesanales cortados en panes. El secreto est\u00e1 en la presentaci\u00f3n&#8230; \u00a1s\u00e9 creativo!&nbsp;<\/span><\/p>\n<p><span style=\u00abcolor: rgb(75, 80, 88);\u00bb>Un jab\u00f3n realmente encantador que se presenta en panes de 1,2 kg. De cada barra se pueden obtener 12 piezas de 100 g (peso aproximado).&nbsp;<\/span><\/p>\n<p><span style=\u00abcolor: rgb(75, 80, 88);\u00bb>El color o el dise\u00f1o pueden variar ligeramente. Tambi\u00e9n ofrecemos l\u00e1minas de pl\u00e1stico, etiquetas y cortadores de jab\u00f3n, consulta m\u00e1s abajo.&nbsp;<\/span><\/p>\n<p><strong><span style=\u00abcolor: rgb(75, 80, 88);\u00bb>Jabones artesanales * Fragancias incre\u00edbles * Colores preciosos<\/span><\/strong><\/p>\n","protected":false},"excerpt":{"rendered":"<p>La nueva gama de &nbsp;Jab\u00f3n artesanal en barra &#8211; Lavanda 1,2 kg est\u00e1 elaborada con ingredientes de la m\u00e1s alta calidad utilizando el m\u00e9todo de fundir y verter. &nbsp; Las manos, el cuerpo y el alma de tus clientes se sentir\u00e1n limpios, nutridos e hidratados. &nbsp; A menudo, el puesto m\u00e1s concurrido de los mercadillos [&hellip;]<\/p>\n","protected":false},"featured_media":642523,"comment_status":"closed","ping_status":"open","template":"","meta":[],"product_brand":[],"product_cat":[25844,19453,26835,20592,26235],"product_tag":[],"class_list":{"0":"post-239178","1":"product","2":"type-product","3":"status-publish","4":"has-post-thumbnail","6":"product_cat-aromas","7":"product_cat-bano-y-ducha","8":"product_cat-floral","9":"product_cat-jabones-ecologicos-naturales","10":"product_cat-lavanda","11":"pa_collection-handmade-soap-loaves-1-25kg-slices-es","12":"pa_made-in-chequia","14":"first","15":"outofstock","16":"purchasable","17":"product-type-simple"},"supplier_id":null,"supplier_sku":"HSBS-07L","barcode":null,"atum_controlled":true,"out_stock_date":"2025-12-09 08:43:42","out_stock_threshold":null,"inheritable":false,"inbound_stock":null,"stock_on_hold":0,"sold_today":0,"sales_last_days":0,"reserved_stock":null,"customer_returns":null,"warehouse_damage":null,"lost_in_post":null,"other_logs":null,"out_stock_days":51,"lost_sales":0,"has_location":null,"update_date":"2026-01-30T01:26:29","atum_locations":[],"atum_stock_status":"outofstock","restock_status":false,"low_stock_amount":"","sales_update_date":"2026-01-30T01:26:29","calc_backorders":null,"_links":{"self":[{"href":"https:\/\/aromasentia.com\/es\/wp-json\/wp\/v2\/product\/239178","targetHints":{"allow":["GET"]}}],"collection":[{"href":"https:\/\/aromasentia.com\/es\/wp-json\/wp\/v2\/product"}],"about":[{"href":"https:\/\/aromasentia.com\/es\/wp-json\/wp\/v2\/types\/product"}],"replies":[{"embeddable":true,"href":"https:\/\/aromasentia.com\/es\/wp-json\/wp\/v2\/comments?post=239178"}],"version-history":[{"count":0,"href":"https:\/\/aromasentia.com\/es\/wp-json\/wp\/v2\/product\/239178\/revisions"}],"wp:featuredmedia":[{"embeddable":true,"href":"https:\/\/aromasentia.com\/es\/wp-json\/wp\/v2\/media\/642523"}],"wp:attachment":[{"href":"https:\/\/aromasentia.com\/es\/wp-json\/wp\/v2\/media?parent=239178"}],"wp:term":[{"taxonomy":"product_brand","embeddable":true,"href":"https:\/\/aromasentia.com\/es\/wp-json\/wp\/v2\/product_brand?post=239178"},{"taxonomy":"product_cat","embeddable":true,"href":"https:\/\/aromasentia.com\/es\/wp-json\/wp\/v2\/product_cat?post=239178"},{"taxonomy":"product_tag","embeddable":true,"href":"https:\/\/aromasentia.com\/es\/wp-json\/wp\/v2\/product_tag?post=239178"}],"curies":[{"name":"wp","href":"https:\/\/api.w.org\/{rel}","templated":true}]}}