{"id":239098,"date":"2025-03-20T17:25:57","date_gmt":"2025-03-20T17:25:57","guid":{"rendered":"https:\/\/aromasentia.com\/product\/hanmade-soap-loaf-1-25kg-honey\/"},"modified":"2025-05-31T19:16:33","modified_gmt":"2025-05-31T19:16:33","slug":"barra-de-jabon-hecha-a-mano-1-25kg-miel","status":"publish","type":"product","link":"https:\/\/aromasentia.com\/es\/barra-de-jabon-hecha-a-mano-1-25kg-miel\/","title":{"rendered":"Barra de jab\u00f3n Hecha a Mano 1.25kg &#8211; Miel"},"content":{"rendered":"<p style=\"text-align: justify;\">El jab\u00f3n de miel es uno de los jabones m\u00e1s demandados dentro del mundo del cuidado personal ya que ofrece m\u00faltiples beneficios para la piel, c\u00f3mo por ejemplo: <strong>es hidratante, antioxidante y tiene propiedades regeneradoras que pueden ayudar a regenerar la piel.<\/strong><\/p>\n<p style=\"text-align: justify;\">Este jab\u00f3n ha sido elaborado <strong>artesanalmente<\/strong>.&nbsp;<\/p>\n<p style=\"text-align: justify;\">Idea: Puede combinar este maravilloso jab\u00f3n con nuestras <a href=\"https:\/\/aromasentia.com\/tkong\" rel=\"noopener noreferrer\" target=\"_blank\"><strong><span style=\"color: rgb(147, 101, 184);\">esponjas konjac<\/span><\/strong><\/a><span style=\"color: rgb(147, 101, 184);\"><strong>&nbsp;<\/strong><\/span>para que sus clientes puedan realizar un rutina de limpieza diaria o junto a<strong>&nbsp;<\/strong><a href=\"https:\/\/aromasentia.com\/manteca-corporal-de-karite-al-por-mayor\" rel=\"noopener noreferrer\" target=\"_blank\"><strong><span style=\"color: rgb(147, 101, 184);\">manteca de karit\u00e9 corporal.<\/span><\/strong><\/a><\/p>\n<p style=\"text-align: justify;\">*El color o dise\u00f1o pueden variar ligeramente.<\/p>\n<p style=\"text-align: justify;\">Solo venta al por mayor.&nbsp;<\/p>\n","protected":false},"excerpt":{"rendered":"<p>El jab\u00f3n de miel es uno de los jabones m\u00e1s demandados dentro del mundo del cuidado personal ya que ofrece m\u00faltiples beneficios para la piel, c\u00f3mo por ejemplo: es hidratante, antioxidante y tiene propiedades regeneradoras que pueden ayudar a regenerar la piel. Este jab\u00f3n ha sido elaborado artesanalmente.&nbsp; Idea: Puede combinar este maravilloso jab\u00f3n con [&hellip;]<\/p>\n","protected":false},"featured_media":289927,"comment_status":"closed","ping_status":"open","template":"","meta":{"_angie_page":false},"product_brand":[],"product_cat":[19453,20592],"product_tag":[],"class_list":{"0":"post-239098","1":"product","2":"type-product","3":"status-publish","4":"has-post-thumbnail","6":"product_cat-bano-y-ducha","7":"product_cat-jabones-ecologicos-naturales","8":"pa_made-in-letonia","10":"first","11":"outofstock","12":"purchasable","13":"product-type-simple"},"supplier_id":null,"supplier_sku":"HSL-03","barcode":null,"atum_controlled":true,"out_stock_date":"2025-09-05 00:10:27","out_stock_threshold":null,"inheritable":false,"inbound_stock":null,"stock_on_hold":0,"sold_today":0,"sales_last_days":0,"reserved_stock":null,"customer_returns":null,"warehouse_damage":null,"lost_in_post":null,"other_logs":null,"out_stock_days":0,"lost_sales":0,"has_location":null,"update_date":"2026-04-27T07:08:12","atum_locations":[],"atum_stock_status":"outofstock","restock_status":false,"low_stock_amount":"","sales_update_date":"2025-09-02T00:09:34","calc_backorders":null,"_links":{"self":[{"href":"https:\/\/aromasentia.com\/es\/wp-json\/wp\/v2\/product\/239098","targetHints":{"allow":["GET"]}}],"collection":[{"href":"https:\/\/aromasentia.com\/es\/wp-json\/wp\/v2\/product"}],"about":[{"href":"https:\/\/aromasentia.com\/es\/wp-json\/wp\/v2\/types\/product"}],"replies":[{"embeddable":true,"href":"https:\/\/aromasentia.com\/es\/wp-json\/wp\/v2\/comments?post=239098"}],"version-history":[{"count":0,"href":"https:\/\/aromasentia.com\/es\/wp-json\/wp\/v2\/product\/239098\/revisions"}],"wp:featuredmedia":[{"embeddable":true,"href":"https:\/\/aromasentia.com\/es\/wp-json\/wp\/v2\/media\/289927"}],"wp:attachment":[{"href":"https:\/\/aromasentia.com\/es\/wp-json\/wp\/v2\/media?parent=239098"}],"wp:term":[{"taxonomy":"product_brand","embeddable":true,"href":"https:\/\/aromasentia.com\/es\/wp-json\/wp\/v2\/product_brand?post=239098"},{"taxonomy":"product_cat","embeddable":true,"href":"https:\/\/aromasentia.com\/es\/wp-json\/wp\/v2\/product_cat?post=239098"},{"taxonomy":"product_tag","embeddable":true,"href":"https:\/\/aromasentia.com\/es\/wp-json\/wp\/v2\/product_tag?post=239098"}],"curies":[{"name":"wp","href":"https:\/\/api.w.org\/{rel}","templated":true}]}}