{"id":239094,"date":"2025-03-20T17:25:57","date_gmt":"2025-03-20T17:25:57","guid":{"rendered":"https:\/\/aromasentia.com\/product\/hanmade-soap-loaf-1-25kg-smiling-orange\/"},"modified":"2025-05-31T19:16:30","modified_gmt":"2025-05-31T19:16:30","slug":"barra-de-jabon-hecha-a-mano-1-25kg-naranja","status":"publish","type":"product","link":"https:\/\/aromasentia.com\/es\/barra-de-jabon-hecha-a-mano-1-25kg-naranja\/","title":{"rendered":"Barra de jab\u00f3n Hecha a Mano 1.25kg &#8211; Naranja"},"content":{"rendered":"<p style=\"text-align: justify;\">Nuestras barras de jab\u00f3n de naranja tienen un olor y color que no pasar\u00e1 desapercibido a sus clientes. Este jab\u00f3n tiene m\u00faltiples <strong>beneficios&nbsp;<\/strong>como sus<strong>&nbsp;propiedades antioxidantes y antimicrobianas.&nbsp;<\/strong><\/p>\n<p style=\"text-align: justify;\">El jab\u00f3n de naranja de Aroma Sentia es perfecto para <strong>tratar el acn\u00e9 y limpiar las impurezas de la piel<\/strong>, es una buena opci\u00f3n para utilizarlo como limpiador natural.&nbsp;<\/p>\n<p style=\"text-align: justify;\">Puede obtener entre 8 o 10 trozos de jab\u00f3n de nuera barra de 1.25kg.<\/p>\n<p style=\"text-align: justify;\">*Quiz\u00e1s le interesen nuestros <a href=\"https:\/\/aromasentia.com\/hms\" rel=\"noopener noreferrer\" target=\"_blank\"><span style=\"color: rgb(147, 101, 184);\"><strong>cortadores<\/strong><\/span><\/a> y<a href=\"https:\/\/aromasentia.com\/wsoapd\" rel=\"noopener noreferrer\" target=\"_blank\"><strong>&nbsp;j<\/strong><span style=\"color: rgb(147, 101, 184);\"><strong>aboneras.<\/strong><\/span><\/a><span style=\"color: rgb(147, 101, 184);\">&nbsp;<\/span><\/p>\n<p style=\"text-align: justify;\">\u00a1Haga su pedido antes de que se agoten!&nbsp;<\/p>\n<p style=\"text-align: justify;\">*El color o el dise\u00f1o pueden variar ligeramente.<\/p>\n<p style=\"text-align: justify;\"><strong>Solo venta al por mayor.&nbsp;<\/strong><\/p>\n","protected":false},"excerpt":{"rendered":"<p>Nuestras barras de jab\u00f3n de naranja tienen un olor y color que no pasar\u00e1 desapercibido a sus clientes. Este jab\u00f3n tiene m\u00faltiples beneficios&nbsp;como sus&nbsp;propiedades antioxidantes y antimicrobianas.&nbsp; El jab\u00f3n de naranja de Aroma Sentia es perfecto para tratar el acn\u00e9 y limpiar las impurezas de la piel, es una buena opci\u00f3n para utilizarlo como limpiador [&hellip;]<\/p>\n","protected":false},"featured_media":289918,"comment_status":"closed","ping_status":"open","template":"","meta":{"_angie_page":false},"product_brand":[],"product_cat":[25844,19453,26821,20592,26309],"product_tag":[],"class_list":{"0":"post-239094","1":"product","2":"type-product","3":"status-publish","4":"has-post-thumbnail","6":"product_cat-aromas","7":"product_cat-bano-y-ducha","8":"product_cat-citrico","9":"product_cat-jabones-ecologicos-naturales","10":"product_cat-naranja","11":"pa_made-in-letonia","13":"first","14":"outofstock","15":"purchasable","16":"product-type-simple"},"supplier_id":null,"supplier_sku":"HSL-02","barcode":null,"atum_controlled":true,"out_stock_date":"2025-09-05 00:10:22","out_stock_threshold":null,"inheritable":false,"inbound_stock":null,"stock_on_hold":0,"sold_today":0,"sales_last_days":0,"reserved_stock":null,"customer_returns":null,"warehouse_damage":null,"lost_in_post":null,"other_logs":null,"out_stock_days":0,"lost_sales":0,"has_location":null,"update_date":"2026-04-27T07:08:12","atum_locations":[],"atum_stock_status":"outofstock","restock_status":false,"low_stock_amount":"","sales_update_date":"2025-09-02T00:09:33","calc_backorders":null,"_links":{"self":[{"href":"https:\/\/aromasentia.com\/es\/wp-json\/wp\/v2\/product\/239094","targetHints":{"allow":["GET"]}}],"collection":[{"href":"https:\/\/aromasentia.com\/es\/wp-json\/wp\/v2\/product"}],"about":[{"href":"https:\/\/aromasentia.com\/es\/wp-json\/wp\/v2\/types\/product"}],"replies":[{"embeddable":true,"href":"https:\/\/aromasentia.com\/es\/wp-json\/wp\/v2\/comments?post=239094"}],"version-history":[{"count":0,"href":"https:\/\/aromasentia.com\/es\/wp-json\/wp\/v2\/product\/239094\/revisions"}],"wp:featuredmedia":[{"embeddable":true,"href":"https:\/\/aromasentia.com\/es\/wp-json\/wp\/v2\/media\/289918"}],"wp:attachment":[{"href":"https:\/\/aromasentia.com\/es\/wp-json\/wp\/v2\/media?parent=239094"}],"wp:term":[{"taxonomy":"product_brand","embeddable":true,"href":"https:\/\/aromasentia.com\/es\/wp-json\/wp\/v2\/product_brand?post=239094"},{"taxonomy":"product_cat","embeddable":true,"href":"https:\/\/aromasentia.com\/es\/wp-json\/wp\/v2\/product_cat?post=239094"},{"taxonomy":"product_tag","embeddable":true,"href":"https:\/\/aromasentia.com\/es\/wp-json\/wp\/v2\/product_tag?post=239094"}],"curies":[{"name":"wp","href":"https:\/\/api.w.org\/{rel}","templated":true}]}}