{"id":239090,"date":"2025-03-20T17:25:57","date_gmt":"2025-03-20T17:25:57","guid":{"rendered":"https:\/\/aromasentia.com\/product\/hanmade-soap-loaf-1-25kg-passion-fruit\/"},"modified":"2025-05-31T19:16:27","modified_gmt":"2025-05-31T19:16:27","slug":"barra-de-jabon-hecha-a-mano-1-25kg-fruta-de-la-pasion","status":"publish","type":"product","link":"https:\/\/aromasentia.com\/es\/barra-de-jabon-hecha-a-mano-1-25kg-fruta-de-la-pasion\/","title":{"rendered":"Barra de jab\u00f3n Hecha a Mano 1.25kg &#8211; Fruta de La Pasi\u00f3n"},"content":{"rendered":"<p style=\"text-align: justify;\">Aroma Sentia vende jabones artesanales de fruta de la pasi\u00f3n (maracuy\u00e1) al por mayor. Este jab\u00f3n ha sido elaborado artesanalmente y tiene un pedido de 1.25kg.<\/p>\n<p style=\"text-align: justify;\">La fruta de la pasi\u00f3n contiene <strong>vitaminas C y vitamina A<\/strong>, ricas en <strong>antioxidantes&nbsp;<\/strong>que ayudan a proteger la piel de los da\u00f1os exteriores.&nbsp;<\/p>\n<p style=\"text-align: justify;\">Adem\u00e1s, la fruta de la pasi\u00f3n o maracuy\u00e1 es apto para pieles sensibles que contiene <strong>propiedades antinflamatorias.&nbsp;<\/strong><\/p>\n<p style=\"text-align: justify;\">Apto para todo tipo de pieles.&nbsp;<\/p>\n<p style=\"text-align: justify;\">\u00a1No pierda la oportunidad de ampliar su gama de jabones, a\u00f1adiendo a su l\u00ednea de productos este jab\u00f3n de fruta de la pasi\u00f3n que con su olor trasladar\u00e1 a sus clientes al tr\u00f3pico!<\/p>\n","protected":false},"excerpt":{"rendered":"<p>Aroma Sentia vende jabones artesanales de fruta de la pasi\u00f3n (maracuy\u00e1) al por mayor. Este jab\u00f3n ha sido elaborado artesanalmente y tiene un pedido de 1.25kg. La fruta de la pasi\u00f3n contiene vitaminas C y vitamina A, ricas en antioxidantes&nbsp;que ayudan a proteger la piel de los da\u00f1os exteriores.&nbsp; Adem\u00e1s, la fruta de la pasi\u00f3n [&hellip;]<\/p>\n","protected":false},"featured_media":289909,"comment_status":"closed","ping_status":"open","template":"","meta":{"_angie_page":false},"product_brand":[],"product_cat":[19453,20592],"product_tag":[],"class_list":{"0":"post-239090","1":"product","2":"type-product","3":"status-publish","4":"has-post-thumbnail","6":"product_cat-bano-y-ducha","7":"product_cat-jabones-ecologicos-naturales","8":"pa_made-in-letonia","10":"first","11":"outofstock","12":"purchasable","13":"product-type-simple"},"supplier_id":null,"supplier_sku":"HSL-01","barcode":null,"atum_controlled":true,"out_stock_date":"2025-09-05 00:10:17","out_stock_threshold":null,"inheritable":false,"inbound_stock":null,"stock_on_hold":0,"sold_today":0,"sales_last_days":0,"reserved_stock":null,"customer_returns":null,"warehouse_damage":null,"lost_in_post":null,"other_logs":null,"out_stock_days":0,"lost_sales":0,"has_location":null,"update_date":"2026-04-27T07:08:12","atum_locations":[],"atum_stock_status":"outofstock","restock_status":false,"low_stock_amount":"","sales_update_date":"2025-09-02T00:09:33","calc_backorders":null,"_links":{"self":[{"href":"https:\/\/aromasentia.com\/es\/wp-json\/wp\/v2\/product\/239090","targetHints":{"allow":["GET"]}}],"collection":[{"href":"https:\/\/aromasentia.com\/es\/wp-json\/wp\/v2\/product"}],"about":[{"href":"https:\/\/aromasentia.com\/es\/wp-json\/wp\/v2\/types\/product"}],"replies":[{"embeddable":true,"href":"https:\/\/aromasentia.com\/es\/wp-json\/wp\/v2\/comments?post=239090"}],"version-history":[{"count":0,"href":"https:\/\/aromasentia.com\/es\/wp-json\/wp\/v2\/product\/239090\/revisions"}],"wp:featuredmedia":[{"embeddable":true,"href":"https:\/\/aromasentia.com\/es\/wp-json\/wp\/v2\/media\/289909"}],"wp:attachment":[{"href":"https:\/\/aromasentia.com\/es\/wp-json\/wp\/v2\/media?parent=239090"}],"wp:term":[{"taxonomy":"product_brand","embeddable":true,"href":"https:\/\/aromasentia.com\/es\/wp-json\/wp\/v2\/product_brand?post=239090"},{"taxonomy":"product_cat","embeddable":true,"href":"https:\/\/aromasentia.com\/es\/wp-json\/wp\/v2\/product_cat?post=239090"},{"taxonomy":"product_tag","embeddable":true,"href":"https:\/\/aromasentia.com\/es\/wp-json\/wp\/v2\/product_tag?post=239090"}],"curies":[{"name":"wp","href":"https:\/\/api.w.org\/{rel}","templated":true}]}}